{"id":767567,"date":"2025-08-28T12:51:27","date_gmt":"2025-08-28T09:51:27","guid":{"rendered":"https:\/\/roveyayinevi.com.tr\/index.php\/urun\/dort-3\/"},"modified":"2026-04-12T03:24:53","modified_gmt":"2026-04-12T00:24:53","slug":"dort-3","status":"publish","type":"product","link":"https:\/\/roveyayinevi.com.tr\/index.php\/urun\/dort-3\/","title":{"rendered":"D\u00f6rt"},"content":{"rendered":"<p>Bilmem! Yani hi\u00e7bir \u015fey bilmiyorum. Ad\u0131m, san\u0131m, \u00fcnvan\u0131m; var m\u0131y\u0131m, yok muyum? Ger\u00e7ek miyim, insan m\u0131y\u0131m, tanr\u0131\u00e7a m\u0131y\u0131m ya da zebani? Tek bildi\u011fim, \u0130ris. Ad\u0131m \u0130ris. \u015eu aya\u011f\u0131m\u0131n alt\u0131nda kayan kahverengi toprak, acaba Hades\u2019in ya\u015fad\u0131\u011f\u0131 yeralt\u0131 ma\u011faras\u0131ndan m\u0131? \u015eu omuzlar\u0131ma d\u00f6k\u00fclen sar\u0131, k\u0131v\u0131rc\u0131k sa\u00e7lar, e\u011freti! Zihnimde \u00e7\u0131\u011fl\u0131k \u00e7\u0131\u011fl\u0131\u011fa ba\u011f\u0131ran bir ses, Elektra! Susmuyor. \u201cK\u0131z\u0131m, ben annen Elektra. Sen; yedi renkli g\u00fczel sanat eserinin tanr\u0131\u00e7as\u0131. Okyanusun g\u00f6ky\u00fcz\u00fcndeki temsilcisi. Sen \u0130ris, g\u00f6kku\u015fa\u011f\u0131. G\u00f6ky\u00fcz\u00fcn\u00fcn yery\u00fcz\u00fcndeki el\u00e7isi. Korkma kendinden! Korkma! Sen \u00f6l\u00fcml\u00fclere haber iletmek i\u00e7in ordas\u0131n.\u201d Bir \u00e7ocuk ba\u011f\u0131r\u0131yor birden. Zihnimdeki t\u0131ls\u0131ml\u0131 sesler yok oluyor. \u201cAbla! Ablaaaa!\u201d diyor. Bir el, omuzumdan ittiriyor. \u201cHelal sana!\u201d diyor di\u011fer ses. Ayn\u0131 ses, ba\u011f\u0131rarak devam ediyor. \u201cPolis misin sen? E, polissin sen. Kimli\u011fin d\u00fc\u015ft\u00fc.\u201d Aya\u011f\u0131m\u0131n alt\u0131ndaki kahverengi toprak, art\u0131k kara. Yerde yatan yaral\u0131 gen\u00e7 bir \u00e7ocuk, yan\u0131nda kanlar i\u00e7inde ba\u015fka bir gen\u00e7 ve yan\u0131mda otuz ya\u015flar\u0131nda bir adam. Omzuma dokundu\u011funda hissetti\u011fim anl\u0131k huzur. Ama onun da y\u00fcz\u00fc kan\u0131yor. Polis miyim ben?  \u201cAd\u0131m \u0130ris!\u201d diye f\u0131s\u0131ld\u0131yorum sadece. Y\u00fczlerce kez kula\u011f\u0131ma f\u0131s\u0131ldayan t\u0131ls\u0131ml\u0131 seslere meydan okuyorum. \u0130lk kez korkmuyorum. Ad\u0131m \u0130ris!<\/p>\n","protected":false},"excerpt":{"rendered":"<p>Bilmem! Yani hi\u00e7bir \u015fey bilmiyorum. Ad\u0131m, san\u0131m, \u00fcnvan\u0131m; var m\u0131y\u0131m, yok muyum? Ger\u00e7ek miyim, insan m\u0131y\u0131m, tanr\u0131\u00e7a m\u0131y\u0131m ya da zebani? Tek bildi\u011fim, \u0130ris. Ad\u0131m \u0130ris.<span class=\"excerpt-hellip\"> [\u2026]<\/span><\/p>\n","protected":false},"featured_media":0,"template":"","meta":{"_monsterinsights_skip_tracking":false,"_monsterinsights_sitenote_active":false,"_monsterinsights_sitenote_note":"","_monsterinsights_sitenote_category":0},"product_brand":[],"product_cat":[12291,12711],"product_tag":[],"class_list":{"0":"post-767567","1":"product","2":"type-product","3":"status-publish","5":"product_cat-edebiyat","6":"product_cat-roman-oyku","7":"pa_cilt-ciltsiz","8":"pa_tur-kitap","9":"pa_yayinevi-feniks-yayinlari","10":"pa_yazar-gulbahar-bilgin","12":"first","13":"instock","14":"sale","15":"shipping-taxable","16":"purchasable","17":"product-type-simple"},"_links":{"self":[{"href":"https:\/\/roveyayinevi.com.tr\/index.php\/wp-json\/wp\/v2\/product\/767567","targetHints":{"allow":["GET"]}}],"collection":[{"href":"https:\/\/roveyayinevi.com.tr\/index.php\/wp-json\/wp\/v2\/product"}],"about":[{"href":"https:\/\/roveyayinevi.com.tr\/index.php\/wp-json\/wp\/v2\/types\/product"}],"wp:attachment":[{"href":"https:\/\/roveyayinevi.com.tr\/index.php\/wp-json\/wp\/v2\/media?parent=767567"}],"wp:term":[{"taxonomy":"product_brand","embeddable":true,"href":"https:\/\/roveyayinevi.com.tr\/index.php\/wp-json\/wp\/v2\/product_brand?post=767567"},{"taxonomy":"product_cat","embeddable":true,"href":"https:\/\/roveyayinevi.com.tr\/index.php\/wp-json\/wp\/v2\/product_cat?post=767567"},{"taxonomy":"product_tag","embeddable":true,"href":"https:\/\/roveyayinevi.com.tr\/index.php\/wp-json\/wp\/v2\/product_tag?post=767567"}],"curies":[{"name":"wp","href":"https:\/\/api.w.org\/{rel}","templated":true}]}}