{"id":767566,"date":"2025-08-28T12:51:26","date_gmt":"2025-08-28T09:51:26","guid":{"rendered":"https:\/\/roveyayinevi.com.tr\/index.php\/urun\/kainatin-anahtari\/"},"modified":"2026-04-11T03:31:36","modified_gmt":"2026-04-11T00:31:36","slug":"kainatin-anahtari","status":"publish","type":"product","link":"https:\/\/roveyayinevi.com.tr\/index.php\/urun\/kainatin-anahtari\/","title":{"rendered":"Kainat\u0131n Anahtar\u0131"},"content":{"rendered":"<p>Hayat\u0131n s\u0131rlar\u0131n\u0131 \u00e7\u00f6zmeye ve i\u00e7sel potansiyelinizi serbest b\u0131rakmaya haz\u0131r m\u0131s\u0131n\u0131z? \u201cKainat\u0131n Anahtar\u0131\u201d, sizi muhte\u015fem bir d\u00f6n\u00fc\u015f\u00fcm yolculu\u011funa davet ediyor. Bu kitap, ya\u015fam\u0131n\u0131zdaki engelleri a\u015fman\u0131z, ruhsal dengenizi bulman\u0131z ve i\u00e7sel \u0131\u015f\u0131\u011f\u0131n\u0131z\u0131 ayd\u0131nlatman\u0131z i\u00e7in ihtiya\u00e7 duydu\u011funuz rehberi sunuyor. Her sayfada, enerjinizi nas\u0131l y\u00f6nlendirebilece\u011finizi, zihin ve beden aras\u0131ndaki ba\u011f\u0131 nas\u0131l g\u00fc\u00e7lendirebilece\u011finizi \u00f6\u011freneceksiniz. Kendi ya\u015fam\u0131n\u0131z\u0131 d\u00f6n\u00fc\u015ft\u00fcrmek i\u00e7in gerekli olan t\u00fcm ara\u00e7lar bu kitapta bir araya getirildi. Bu kitapta ke\u015ffedecekleriniz: &#8211; Enerji terapisi nedir? V\u00fccudunuzdaki enerji ak\u0131\u015f\u0131n\u0131 nas\u0131l dengeleyebilirsiniz? &#8211; Farkl\u0131 enerji \u015fifa teknikleri ve bunlar\u0131n ya\u015fam\u0131n\u0131za kataca\u011f\u0131 pozitif etkiler &#8211; Zihin, beden ve ruh dengesini sa\u011flamak i\u00e7in uygulayabilece\u011finiz pratik meditasyonlar &#8211; Kendi kendinize \u015fifa verme y\u00f6ntemleri ile i\u00e7sel g\u00fcc\u00fcn\u00fcz\u00fc ortaya \u00e7\u0131karma teknikleri &#8211; Enerji alan\u0131n\u0131z\u0131 g\u00fc\u00e7lendirmek ve olumsuz etkilerden ar\u0131nmak i\u00e7in basit ama etkili stratejiler &#8211; Hayat\u0131n\u0131zda derin ve kal\u0131c\u0131 de\u011fi\u015fimler yaratman\u0131n yollar\u0131   Yazar, y\u0131llar s\u00fcren deneyim ve bilgi birikimiyle, okuyucular\u0131na ilham veriyor. Profesyonel teknikleri ve pratik \u00f6rnekleriyle dolu bu eser, yaln\u0131zca bir rehber de\u011fil, ayn\u0131 zamanda ruhsal bir uyan\u0131\u015f\u0131n kap\u0131lar\u0131n\u0131 aralayan bir k\u0131lavuzdur. \u201cBilmenizi isterim ki titre\u015fen duygular\u0131n\u0131z sizin e\u015finizdir ve o e\u015f ile ya\u015fad\u0131\u011f\u0131n\u0131z her his i\u00e7erisinde bulundu\u011fumuz d\u00fcnyay\u0131 olu\u015fturuyor.\u201d <\/p>\n","protected":false},"excerpt":{"rendered":"<p>Hayat\u0131n s\u0131rlar\u0131n\u0131 \u00e7\u00f6zmeye ve i\u00e7sel potansiyelinizi serbest b\u0131rakmaya haz\u0131r m\u0131s\u0131n\u0131z? \u201cKainat\u0131n Anahtar\u0131\u201d, sizi muhte\u015fem bir d\u00f6n\u00fc\u015f\u00fcm yolculu\u011funa davet ediyor. Bu kitap, ya\u015fam\u0131n\u0131zdaki engelleri a\u015fman\u0131z, ruhsal dengenizi<span class=\"excerpt-hellip\"> [\u2026]<\/span><\/p>\n","protected":false},"featured_media":0,"template":"","meta":{"_monsterinsights_skip_tracking":false,"_monsterinsights_sitenote_active":false,"_monsterinsights_sitenote_note":"","_monsterinsights_sitenote_category":0},"product_brand":[],"product_cat":[12364,12376],"product_tag":[],"class_list":{"0":"post-767566","1":"product","2":"type-product","3":"status-publish","5":"product_cat-genel-konular","6":"product_cat-kisisel-gelisim","7":"pa_cilt-ciltsiz","8":"pa_tur-kitap","9":"pa_yayinevi-feniks-yayinlari","10":"pa_yazar-simay-ohara","12":"first","13":"instock","14":"sale","15":"shipping-taxable","16":"purchasable","17":"product-type-simple"},"_links":{"self":[{"href":"https:\/\/roveyayinevi.com.tr\/index.php\/wp-json\/wp\/v2\/product\/767566","targetHints":{"allow":["GET"]}}],"collection":[{"href":"https:\/\/roveyayinevi.com.tr\/index.php\/wp-json\/wp\/v2\/product"}],"about":[{"href":"https:\/\/roveyayinevi.com.tr\/index.php\/wp-json\/wp\/v2\/types\/product"}],"wp:attachment":[{"href":"https:\/\/roveyayinevi.com.tr\/index.php\/wp-json\/wp\/v2\/media?parent=767566"}],"wp:term":[{"taxonomy":"product_brand","embeddable":true,"href":"https:\/\/roveyayinevi.com.tr\/index.php\/wp-json\/wp\/v2\/product_brand?post=767566"},{"taxonomy":"product_cat","embeddable":true,"href":"https:\/\/roveyayinevi.com.tr\/index.php\/wp-json\/wp\/v2\/product_cat?post=767566"},{"taxonomy":"product_tag","embeddable":true,"href":"https:\/\/roveyayinevi.com.tr\/index.php\/wp-json\/wp\/v2\/product_tag?post=767566"}],"curies":[{"name":"wp","href":"https:\/\/api.w.org\/{rel}","templated":true}]}}