{"id":767564,"date":"2025-08-28T12:51:21","date_gmt":"2025-08-28T09:51:21","guid":{"rendered":"https:\/\/roveyayinevi.com.tr\/index.php\/urun\/kozmos-buradan-gecer\/"},"modified":"2026-04-15T03:33:26","modified_gmt":"2026-04-15T00:33:26","slug":"kozmos-buradan-gecer","status":"publish","type":"product","link":"https:\/\/roveyayinevi.com.tr\/index.php\/urun\/kozmos-buradan-gecer\/","title":{"rendered":"Kozmos Buradan Ge\u00e7er"},"content":{"rendered":"<p>yine kal\u0131yoruz sakince uzaklardabir k\u0131y\u0131n\u0131n savruk yamac\u0131nda, orac\u0131ktabir gezegen se\u00e7elim i\u00e7inde karanl\u0131klar olan\u0131\u015f\u0131\u011f\u0131 kovan, ar\u0131 bir an <\/p>\n","protected":false},"excerpt":{"rendered":"<p>yine kal\u0131yoruz sakince uzaklardabir k\u0131y\u0131n\u0131n savruk yamac\u0131nda, orac\u0131ktabir gezegen se\u00e7elim i\u00e7inde karanl\u0131klar olan\u0131\u015f\u0131\u011f\u0131 kovan, ar\u0131 bir an<\/p>\n","protected":false},"featured_media":0,"template":"","meta":{"_monsterinsights_skip_tracking":false,"_monsterinsights_sitenote_active":false,"_monsterinsights_sitenote_note":"","_monsterinsights_sitenote_category":0},"product_brand":[],"product_cat":[12291,12509],"product_tag":[],"class_list":{"0":"post-767564","1":"product","2":"type-product","3":"status-publish","5":"product_cat-edebiyat","6":"product_cat-siir","7":"pa_cilt-ciltsiz","8":"pa_tur-kitap","9":"pa_yayinevi-profil-kitap","10":"pa_yazar-ibrahim-ercan","12":"first","13":"instock","14":"sale","15":"shipping-taxable","16":"purchasable","17":"product-type-simple"},"_links":{"self":[{"href":"https:\/\/roveyayinevi.com.tr\/index.php\/wp-json\/wp\/v2\/product\/767564","targetHints":{"allow":["GET"]}}],"collection":[{"href":"https:\/\/roveyayinevi.com.tr\/index.php\/wp-json\/wp\/v2\/product"}],"about":[{"href":"https:\/\/roveyayinevi.com.tr\/index.php\/wp-json\/wp\/v2\/types\/product"}],"wp:attachment":[{"href":"https:\/\/roveyayinevi.com.tr\/index.php\/wp-json\/wp\/v2\/media?parent=767564"}],"wp:term":[{"taxonomy":"product_brand","embeddable":true,"href":"https:\/\/roveyayinevi.com.tr\/index.php\/wp-json\/wp\/v2\/product_brand?post=767564"},{"taxonomy":"product_cat","embeddable":true,"href":"https:\/\/roveyayinevi.com.tr\/index.php\/wp-json\/wp\/v2\/product_cat?post=767564"},{"taxonomy":"product_tag","embeddable":true,"href":"https:\/\/roveyayinevi.com.tr\/index.php\/wp-json\/wp\/v2\/product_tag?post=767564"}],"curies":[{"name":"wp","href":"https:\/\/api.w.org\/{rel}","templated":true}]}}