{"id":767562,"date":"2025-08-28T12:51:16","date_gmt":"2025-08-28T09:51:16","guid":{"rendered":"https:\/\/roveyayinevi.com.tr\/index.php\/urun\/kevin-hakkinda-konusmaliyiz\/"},"modified":"2026-04-15T03:33:26","modified_gmt":"2026-04-15T00:33:26","slug":"kevin-hakkinda-konusmaliyiz","status":"publish","type":"product","link":"https:\/\/roveyayinevi.com.tr\/index.php\/urun\/kevin-hakkinda-konusmaliyiz\/","title":{"rendered":"Kevin Hakk\u0131nda Konu\u015fmal\u0131y\u0131z"},"content":{"rendered":"<p>Eva hi\u00e7bir zaman anne olmak istememi\u015fti, hele ki on alt\u0131nc\u0131 ya\u015f g\u00fcn\u00fcnden iki g\u00fcn \u00f6nce yedi okul arkada\u015f\u0131n\u0131, bir kafeterya \u00e7al\u0131\u015fan\u0131n\u0131 ve kendisiyle arkada\u015fl\u0131k etmeye \u00e7al\u0131\u015fan \u00f6\u011fretmenini \u00f6ld\u00fcren bir \u00e7ocu\u011fun annesi olmay\u0131 hi\u00e7. Ve art\u0131k Eva\u2019n\u0131n evlili\u011fi, kariyeri, anneli\u011fi ve o\u011flu Kevin\u2019\u0131n korkun\u00e7 sald\u0131r\u0131s\u0131yla y\u00fczle\u015fmesi gerekiyor. Ayr\u0131 d\u00fc\u015ft\u00fc\u011f\u00fc kocas\u0131 Franklin\u2019e yazd\u0131\u011f\u0131 mektuplar yoluyla kendi hayat\u0131yla hesapla\u015fan Eva, ba\u015f\u0131ndan beri anneli\u011fin gerektirdi\u011fi fedak\u00e2rl\u0131klardan ve mesle\u011finden uzak kal\u0131\u015f\u0131ndan ne kadar rahats\u0131z oldu\u011funu itiraf ediyor, kendi o\u011fluna kar\u015f\u0131 duydu\u011fu endi\u015fe verici ho\u015fnutsuzlu\u011fun, Kevin\u2019\u0131 nihilist bir \u015fekilde yoldan \u00e7\u0131kard\u0131\u011f\u0131ndan endi\u015feleniyor. Peki ger\u00e7ek su\u00e7lu kim? Aile mi, toplum mu, yoksa \u00e7ocuk mu? Filmiyle de izleyicilerin b\u00fcy\u00fck be\u011fenisini kazanan, \u00e7oktan k\u00fclt stat\u00fcs\u00fcne eri\u015fmi\u015f bu \u00f6d\u00fcll\u00fc kitap, uzun s\u00fcre haf\u0131zalardan \u00e7\u0131kmayacak, hikayesi kadar sordu\u011fu sorularla da okurun zihnini me\u015fgul edecek \u00e7arp\u0131c\u0131 bir roman. \u201cSon y\u0131llarda okudu\u011fum en sert, en d\u00fc\u015f\u00fcnd\u00fcr\u00fcc\u00fc kitap.\u201d Sunday Telegraph \u201cKusurlu olmaya dair psikolojik ve felsefi bir yakla\u015f\u0131m ve zekice bir sonu\u00e7&#8230; Eva \u00f6fke, kendine ac\u0131ma ve pi\u015fmanl\u0131k aras\u0131nda gidip gelen bir anlat\u0131c\u0131 olarak g\u00fcvenilirli\u011fini yitirdik\u00e7e, cevap aray\u0131\u015f\u0131 okur i\u00e7in de bir o kadar zor oluyor.\u201d Observer<\/p>\n","protected":false},"excerpt":{"rendered":"<p>Eva hi\u00e7bir zaman anne olmak istememi\u015fti, hele ki on alt\u0131nc\u0131 ya\u015f g\u00fcn\u00fcnden iki g\u00fcn \u00f6nce yedi okul arkada\u015f\u0131n\u0131, bir kafeterya \u00e7al\u0131\u015fan\u0131n\u0131 ve kendisiyle arkada\u015fl\u0131k etmeye \u00e7al\u0131\u015fan<span class=\"excerpt-hellip\"> [\u2026]<\/span><\/p>\n","protected":false},"featured_media":0,"template":"","meta":{"_monsterinsights_skip_tracking":false,"_monsterinsights_sitenote_active":false,"_monsterinsights_sitenote_note":"","_monsterinsights_sitenote_category":0},"product_brand":[],"product_cat":[12291,12711],"product_tag":[],"class_list":{"0":"post-767562","1":"product","2":"type-product","3":"status-publish","5":"product_cat-edebiyat","6":"product_cat-roman-oyku","7":"pa_cilt-ciltsiz","8":"pa_tur-kitap","9":"pa_yayinevi-koridor-yayincilik","10":"pa_yazar-lionel-shriver","12":"first","13":"instock","14":"sale","15":"shipping-taxable","16":"purchasable","17":"product-type-simple"},"_links":{"self":[{"href":"https:\/\/roveyayinevi.com.tr\/index.php\/wp-json\/wp\/v2\/product\/767562","targetHints":{"allow":["GET"]}}],"collection":[{"href":"https:\/\/roveyayinevi.com.tr\/index.php\/wp-json\/wp\/v2\/product"}],"about":[{"href":"https:\/\/roveyayinevi.com.tr\/index.php\/wp-json\/wp\/v2\/types\/product"}],"wp:attachment":[{"href":"https:\/\/roveyayinevi.com.tr\/index.php\/wp-json\/wp\/v2\/media?parent=767562"}],"wp:term":[{"taxonomy":"product_brand","embeddable":true,"href":"https:\/\/roveyayinevi.com.tr\/index.php\/wp-json\/wp\/v2\/product_brand?post=767562"},{"taxonomy":"product_cat","embeddable":true,"href":"https:\/\/roveyayinevi.com.tr\/index.php\/wp-json\/wp\/v2\/product_cat?post=767562"},{"taxonomy":"product_tag","embeddable":true,"href":"https:\/\/roveyayinevi.com.tr\/index.php\/wp-json\/wp\/v2\/product_tag?post=767562"}],"curies":[{"name":"wp","href":"https:\/\/api.w.org\/{rel}","templated":true}]}}