{"id":767561,"date":"2025-08-28T12:51:14","date_gmt":"2025-08-28T09:51:14","guid":{"rendered":"https:\/\/roveyayinevi.com.tr\/index.php\/urun\/bes-kutsal-yara\/"},"modified":"2026-04-15T03:33:26","modified_gmt":"2026-04-15T00:33:26","slug":"bes-kutsal-yara","status":"publish","type":"product","link":"https:\/\/roveyayinevi.com.tr\/index.php\/urun\/bes-kutsal-yara\/","title":{"rendered":"Be\u015f Kutsal Yara"},"content":{"rendered":"<p>Sahilde kanlar i\u00e7inde bir ceset bulundu\u011funda, sakin bir sahil kasabas\u0131 olan Weston-superMare\u2019de k\u00e2bus dolu g\u00fcnler ba\u015flar. Olay\u0131n ard\u0131ndaki s\u0131r perdesini aralamaksa kasabaya yeni atanan Dedektif Louise Blackwell\u2019in sorumlulu\u011fundad\u0131r. Ya\u015fl\u0131 bir kad\u0131n olan kurban Veronica Lloyd\u2019un elleri delinmi\u015f halde bulunmu\u015ftur. Bir rahip de ayn\u0131 \u015fekilde \u00f6l\u00fc bulundu\u011funda, Blackwell&#8217;in bir seri katille kar\u015f\u0131 kar\u015f\u0131ya oldu\u011fu anla\u015f\u0131l\u0131r. \u00dcstelik kurbanlar rasgele de\u011fildir. Katil y\u0131llar \u00f6ncesine dayanan karanl\u0131k bir s\u0131r i\u00e7in intikam almaya \u00e7al\u0131\u015fmaktad\u0131r. \u00d6l\u00fc say\u0131s\u0131 artt\u0131k\u00e7a, Blackwell katilin kimli\u011fini ortaya \u00e7\u0131karmak ve cinayetlere son vermek i\u00e7in zamanla yar\u0131\u015fmaya ba\u015flar. Ne var ki Weston\u2019\u0131 tan\u0131d\u0131\u011f\u0131n\u0131 sanan dedektifin att\u0131\u011f\u0131 her ad\u0131mda kasaban\u0131n d\u00fc\u015f\u00fcnd\u00fc\u011f\u00fcnden de \u00e7ok s\u0131r bar\u0131nd\u0131rd\u0131\u011f\u0131yla y\u00fczle\u015fmesi gerekecektir&#8230; \u00c7evrildi\u011fi her dilde okurlar\u0131n b\u00fcy\u00fck be\u011fenisini kazanan Be\u015f Kutsal Yara, soluksuz okunacak bir polisiye. \u201c\u00c7\u0131lg\u0131n bir sona do\u011fru ilerleyen s\u00fcr\u00fckleyici bir dedektiflik hik\u00e2yesi. Louise Blackwell harika bir karakter.\u201d Chris McDonald \u201cHarika karakterler, \u00e7arp\u0131c\u0131 bir olay \u00f6rg\u00fcs\u00fc ve m\u00fcthi\u015f bir tempo.\u201d M J Lee<\/p>\n","protected":false},"excerpt":{"rendered":"<p>Sahilde kanlar i\u00e7inde bir ceset bulundu\u011funda, sakin bir sahil kasabas\u0131 olan Weston-superMare\u2019de k\u00e2bus dolu g\u00fcnler ba\u015flar. Olay\u0131n ard\u0131ndaki s\u0131r perdesini aralamaksa kasabaya yeni atanan Dedektif Louise<span class=\"excerpt-hellip\"> [\u2026]<\/span><\/p>\n","protected":false},"featured_media":0,"template":"","meta":{"_monsterinsights_skip_tracking":false,"_monsterinsights_sitenote_active":false,"_monsterinsights_sitenote_note":"","_monsterinsights_sitenote_category":0},"product_brand":[],"product_cat":[12291,15445],"product_tag":[],"class_list":{"0":"post-767561","1":"product","2":"type-product","3":"status-publish","5":"product_cat-edebiyat","6":"product_cat-polisiye","7":"pa_cilt-ciltsiz","8":"pa_tur-kitap","9":"pa_yayinevi-koridor-yayincilik","10":"pa_yazar-matt-brolly","12":"first","13":"instock","14":"sale","15":"shipping-taxable","16":"purchasable","17":"product-type-simple"},"_links":{"self":[{"href":"https:\/\/roveyayinevi.com.tr\/index.php\/wp-json\/wp\/v2\/product\/767561","targetHints":{"allow":["GET"]}}],"collection":[{"href":"https:\/\/roveyayinevi.com.tr\/index.php\/wp-json\/wp\/v2\/product"}],"about":[{"href":"https:\/\/roveyayinevi.com.tr\/index.php\/wp-json\/wp\/v2\/types\/product"}],"wp:attachment":[{"href":"https:\/\/roveyayinevi.com.tr\/index.php\/wp-json\/wp\/v2\/media?parent=767561"}],"wp:term":[{"taxonomy":"product_brand","embeddable":true,"href":"https:\/\/roveyayinevi.com.tr\/index.php\/wp-json\/wp\/v2\/product_brand?post=767561"},{"taxonomy":"product_cat","embeddable":true,"href":"https:\/\/roveyayinevi.com.tr\/index.php\/wp-json\/wp\/v2\/product_cat?post=767561"},{"taxonomy":"product_tag","embeddable":true,"href":"https:\/\/roveyayinevi.com.tr\/index.php\/wp-json\/wp\/v2\/product_tag?post=767561"}],"curies":[{"name":"wp","href":"https:\/\/api.w.org\/{rel}","templated":true}]}}