{"id":767559,"date":"2025-08-28T12:51:10","date_gmt":"2025-08-28T09:51:10","guid":{"rendered":"https:\/\/roveyayinevi.com.tr\/index.php\/urun\/sorceline-cilt-1-cilt-2\/"},"modified":"2026-04-06T03:33:53","modified_gmt":"2026-04-06T00:33:53","slug":"sorceline-cilt-1-cilt-2","status":"publish","type":"product","link":"https:\/\/roveyayinevi.com.tr\/index.php\/urun\/sorceline-cilt-1-cilt-2\/","title":{"rendered":"Sorceline Cilt 1 &#8211; Cilt 2"},"content":{"rendered":"<p>Birinci Cilt  Bir g\u00fcn fantastik hayvanlar uzman\u0131 olaca\u011f\u0131m!   Kendimi bildim bileli hayvanlar\u0131 \u00e7ok seviyorum. Ama sevimli kedileri ya da sad\u0131k k\u00f6pekleri de\u011fil. Beni heyecanland\u0131ranlar ejderhalar, tek boynuzlu atlar, canavarlar ve hayal \u00fcr\u00fcn\u00fc kahramanlar&#8230; Yani efsanevi hayvanlar!   \u0130kinci Cilt Canavarlar\u0131 seven k\u0131z   Kendimi bildim bileli hayvanlar\u0131 \u00e7ok seviyorum. Ama sevimli kedileri ya da sad\u0131k k\u00f6pekleri de\u011fil. Beni heyecanland\u0131ranlar ejderhalar, tek boynuzlu atlar, canavarlar ve hayal \u00fcr\u00fcn\u00fc kahramanlar&#8230; Yani efsanevi hayvanlar! <\/p>\n","protected":false},"excerpt":{"rendered":"<p>Birinci Cilt Bir g\u00fcn fantastik hayvanlar uzman\u0131 olaca\u011f\u0131m! Kendimi bildim bileli hayvanlar\u0131 \u00e7ok seviyorum. Ama sevimli kedileri ya da sad\u0131k k\u00f6pekleri de\u011fil. Beni heyecanland\u0131ranlar ejderhalar, tek<span class=\"excerpt-hellip\"> [\u2026]<\/span><\/p>\n","protected":false},"featured_media":0,"template":"","meta":{"_monsterinsights_skip_tracking":false,"_monsterinsights_sitenote_active":false,"_monsterinsights_sitenote_note":"","_monsterinsights_sitenote_category":0},"product_brand":[],"product_cat":[12689,12274],"product_tag":[],"class_list":{"0":"post-767559","1":"product","2":"type-product","3":"status-publish","5":"product_cat-cizgi-roman-cocuk-ve-genclik-kitaplari","6":"product_cat-cocuk-ve-genclik-kitaplari","7":"pa_cilt-ciltsiz","8":"pa_tur-kitap","9":"pa_yayinevi-artemis-yayinlari","10":"pa_yazar-sylvia-douye","12":"first","13":"instock","14":"sale","15":"shipping-taxable","16":"purchasable","17":"product-type-simple"},"_links":{"self":[{"href":"https:\/\/roveyayinevi.com.tr\/index.php\/wp-json\/wp\/v2\/product\/767559","targetHints":{"allow":["GET"]}}],"collection":[{"href":"https:\/\/roveyayinevi.com.tr\/index.php\/wp-json\/wp\/v2\/product"}],"about":[{"href":"https:\/\/roveyayinevi.com.tr\/index.php\/wp-json\/wp\/v2\/types\/product"}],"wp:attachment":[{"href":"https:\/\/roveyayinevi.com.tr\/index.php\/wp-json\/wp\/v2\/media?parent=767559"}],"wp:term":[{"taxonomy":"product_brand","embeddable":true,"href":"https:\/\/roveyayinevi.com.tr\/index.php\/wp-json\/wp\/v2\/product_brand?post=767559"},{"taxonomy":"product_cat","embeddable":true,"href":"https:\/\/roveyayinevi.com.tr\/index.php\/wp-json\/wp\/v2\/product_cat?post=767559"},{"taxonomy":"product_tag","embeddable":true,"href":"https:\/\/roveyayinevi.com.tr\/index.php\/wp-json\/wp\/v2\/product_tag?post=767559"}],"curies":[{"name":"wp","href":"https:\/\/api.w.org\/{rel}","templated":true}]}}