{"id":767555,"date":"2025-08-28T12:51:03","date_gmt":"2025-08-28T09:51:03","guid":{"rendered":"https:\/\/roveyayinevi.com.tr\/index.php\/urun\/eczacibasi-fotografcilar-dizisi-15-gulnur-sozmen-ciltli\/"},"modified":"2026-02-03T03:34:31","modified_gmt":"2026-02-03T00:34:31","slug":"eczacibasi-fotografcilar-dizisi-15-gulnur-sozmen-ciltli","status":"publish","type":"product","link":"https:\/\/roveyayinevi.com.tr\/index.php\/urun\/eczacibasi-fotografcilar-dizisi-15-gulnur-sozmen-ciltli\/","title":{"rendered":"Eczac\u0131ba\u015f\u0131 Foto\u011fraf\u00e7\u0131lar Dizisi 15: G\u00fclnur S\u00f6zmen (Ciltli)"},"content":{"rendered":"<p>Eczac\u0131ba\u015f\u0131 Foto\u011fraf\u00e7\u0131lar Dizisi\u2019nin yeni kitab\u0131 G\u00fclnur S\u00f6zmen, kitabevlerinde yerini al\u0131yor.   Eczac\u0131ba\u015f\u0131 Toplulu\u011fu\u2019nun 50 y\u0131l\u0131 a\u015fk\u0131n bir ge\u00e7mi\u015fe sahip foto\u011fraf yay\u0131nc\u0131l\u0131\u011f\u0131 gelene\u011finin g\u00fcn\u00fcm\u00fczde en \u00f6nemli par\u00e7as\u0131 olan ve Dr. Nejat F. Eczac\u0131ba\u015f\u0131 Vakf\u0131 taraf\u0131ndan yay\u0131nlanan seri, her y\u0131l de\u011ferli bir foto\u011fraf\u00e7\u0131n\u0131n retrospektif kitab\u0131n\u0131, sanatsal b\u00fct\u00fcnl\u00fck i\u00e7inde ve referans kitap niteli\u011finde izleyicilere sunuyor.   Kitapta, duayen foto\u011fraf\u00e7\u0131 G\u00fclnur S\u00f6zmen\u2019in 1980\u2019lerin sonlar\u0131ndan bug\u00fcne, T\u00fcrkiye\u2019de ve d\u00fcnyan\u0131n farkl\u0131 noktalar\u0131nda, a\u011f\u0131r sanayi tesislerinde, b\u00fcy\u00fck \u015fantiyelerde ger\u00e7ekle\u015ftirdi\u011fi \u00e7arp\u0131c\u0131 kareler ile, gezgin kimli\u011finin \u00f6ne \u00e7\u0131kt\u0131\u011f\u0131 seyahat foto\u011fraflar\u0131 \u00f6zenle se\u00e7ilerek harmanland\u0131. Foto\u011fraf\u00e7\u0131l\u0131\u011f\u0131n en k\u00fclfetli alanlar\u0131nda ve zorlu co\u011frafyalarda kad\u0131n olman\u0131n getirdi\u011fi her t\u00fcrl\u00fc sorun ve engellere kar\u015f\u0131n kal\u0131c\u0131 ba\u015far\u0131lar\u0131n\u0131 s\u00fcrd\u00fcrmekte olan S\u00f6zmen k\u00fclt\u00fcr d\u00fcnyam\u0131zda bir sembol ki\u015filik olarak \u00f6ne \u00e7\u0131k\u0131yor. Konsept ve tasar\u0131m\u0131 B\u00fclent Erkmen\u2019e ait olan, edit\u00f6rl\u00fc\u011f\u00fcn\u00fc Orhan Cem \u00c7etin\u2019in \u00fcstlendi\u011fi Eczac\u0131ba\u015f\u0131 Foto\u011fraf\u00e7\u0131lar Dizisi\u2019nin on be\u015finci kitab\u0131 G\u00fclnur S\u00f6zmen, T\u00fcrk\u00e7e ve \u0130ngilizce olarak iki dilde sunuluyor.<\/p>\n","protected":false},"excerpt":{"rendered":"<p>Eczac\u0131ba\u015f\u0131 Foto\u011fraf\u00e7\u0131lar Dizisi\u2019nin yeni kitab\u0131 G\u00fclnur S\u00f6zmen, kitabevlerinde yerini al\u0131yor. Eczac\u0131ba\u015f\u0131 Toplulu\u011fu\u2019nun 50 y\u0131l\u0131 a\u015fk\u0131n bir ge\u00e7mi\u015fe sahip foto\u011fraf yay\u0131nc\u0131l\u0131\u011f\u0131 gelene\u011finin g\u00fcn\u00fcm\u00fczde en \u00f6nemli par\u00e7as\u0131 olan<span class=\"excerpt-hellip\"> [\u2026]<\/span><\/p>\n","protected":false},"featured_media":0,"template":"","meta":{"_monsterinsights_skip_tracking":false,"_monsterinsights_sitenote_active":false,"_monsterinsights_sitenote_note":"","_monsterinsights_sitenote_category":0},"product_brand":[],"product_cat":[12409,12408],"product_tag":[],"class_list":{"0":"post-767555","1":"product","2":"type-product","3":"status-publish","5":"product_cat-fotograf-sinema-tiyatro","6":"product_cat-sanat","7":"pa_cilt-ciltli","8":"pa_tur-kitap","9":"pa_yayinevi-eczacibasi-vakfi-yayinlari","10":"pa_yazar-orhan-cem-cetin","12":"first","13":"instock","14":"sale","15":"shipping-taxable","16":"purchasable","17":"product-type-simple"},"_links":{"self":[{"href":"https:\/\/roveyayinevi.com.tr\/index.php\/wp-json\/wp\/v2\/product\/767555","targetHints":{"allow":["GET"]}}],"collection":[{"href":"https:\/\/roveyayinevi.com.tr\/index.php\/wp-json\/wp\/v2\/product"}],"about":[{"href":"https:\/\/roveyayinevi.com.tr\/index.php\/wp-json\/wp\/v2\/types\/product"}],"wp:attachment":[{"href":"https:\/\/roveyayinevi.com.tr\/index.php\/wp-json\/wp\/v2\/media?parent=767555"}],"wp:term":[{"taxonomy":"product_brand","embeddable":true,"href":"https:\/\/roveyayinevi.com.tr\/index.php\/wp-json\/wp\/v2\/product_brand?post=767555"},{"taxonomy":"product_cat","embeddable":true,"href":"https:\/\/roveyayinevi.com.tr\/index.php\/wp-json\/wp\/v2\/product_cat?post=767555"},{"taxonomy":"product_tag","embeddable":true,"href":"https:\/\/roveyayinevi.com.tr\/index.php\/wp-json\/wp\/v2\/product_tag?post=767555"}],"curies":[{"name":"wp","href":"https:\/\/api.w.org\/{rel}","templated":true}]}}