{"id":767554,"date":"2025-08-28T12:51:01","date_gmt":"2025-08-28T09:51:01","guid":{"rendered":"https:\/\/roveyayinevi.com.tr\/index.php\/urun\/guclu-kizlar-kiskanc-olmaz\/"},"modified":"2026-04-15T03:33:26","modified_gmt":"2026-04-15T00:33:26","slug":"guclu-kizlar-kiskanc-olmaz","status":"publish","type":"product","link":"https:\/\/roveyayinevi.com.tr\/index.php\/urun\/guclu-kizlar-kiskanc-olmaz\/","title":{"rendered":"G\u00fc\u00e7l\u00fc K\u0131zlar K\u0131skan\u00e7 Olmaz"},"content":{"rendered":"<p>Baz\u0131 \u015feyler hep birlikte an\u0131l\u0131r. Mesela k\u00f6fteyle patates, k\u00fclahla dondurma ya da tahinle pekmez gibi\u2026 Ne kadar u\u011fra\u015f\u0131rsak u\u011fra\u015fal\u0131m bunlar\u0131 ayr\u0131 d\u00fc\u015f\u00fcnmek neredeyse imk\u00e2ns\u0131z! T\u0131pk\u0131 en iyi arkada\u015f\u0131m Tanya ve beni gibi\u2026   Peki ya birbirini tamamlayan arkada\u015flar\u0131n say\u0131s\u0131 artmaya ba\u015flarsa\u2026 K\u0131skan\u00e7l\u0131klar su y\u00fcz\u00fcne \u00e7\u0131kar m\u0131?   Bir insan\u0131n iki en yak\u0131n arkada\u015f\u0131 olamaz m\u0131?   Al\u0131\u015fkanl\u0131klar\u0131m\u0131 ve uzun s\u00fcre devam eden arkada\u015fl\u0131klar\u0131m\u0131z bize g\u00fcven verir. Ancak bu, yeni insanlarla tan\u0131\u015fmaya, yeni arkada\u015fl\u0131klar kurmaya ve sevgimizi payla\u015ft\u0131rmaya engel olmamal\u0131d\u0131r. Bu ba\u011flar bizi g\u00fc\u00e7lendirir ve g\u00fc\u00e7lendik\u00e7e i\u00e7imizde k\u0131skan\u00e7l\u0131k gibi olumsuz duygulara hi\u00e7 yer kalmaz! Ne de olsa g\u00fc\u00e7l\u00fc k\u0131zlar k\u0131skan\u00e7 olmaz! <\/p>\n","protected":false},"excerpt":{"rendered":"<p>Baz\u0131 \u015feyler hep birlikte an\u0131l\u0131r. Mesela k\u00f6fteyle patates, k\u00fclahla dondurma ya da tahinle pekmez gibi\u2026 Ne kadar u\u011fra\u015f\u0131rsak u\u011fra\u015fal\u0131m bunlar\u0131 ayr\u0131 d\u00fc\u015f\u00fcnmek neredeyse imk\u00e2ns\u0131z! T\u0131pk\u0131 en<span class=\"excerpt-hellip\"> [\u2026]<\/span><\/p>\n","protected":false},"featured_media":0,"template":"","meta":{"_monsterinsights_skip_tracking":false,"_monsterinsights_sitenote_active":false,"_monsterinsights_sitenote_note":"","_monsterinsights_sitenote_category":0},"product_brand":[],"product_cat":[12274,12284],"product_tag":[],"class_list":{"0":"post-767554","1":"product","2":"type-product","3":"status-publish","5":"product_cat-cocuk-ve-genclik-kitaplari","6":"product_cat-hikayeler","7":"pa_cilt-ciltsiz","8":"pa_tur-kitap","9":"pa_yayinevi-1001-cicek-kitaplar","10":"pa_yazar-jennifer-moore-mallions","12":"first","13":"instock","14":"sale","15":"shipping-taxable","16":"purchasable","17":"product-type-simple"},"_links":{"self":[{"href":"https:\/\/roveyayinevi.com.tr\/index.php\/wp-json\/wp\/v2\/product\/767554","targetHints":{"allow":["GET"]}}],"collection":[{"href":"https:\/\/roveyayinevi.com.tr\/index.php\/wp-json\/wp\/v2\/product"}],"about":[{"href":"https:\/\/roveyayinevi.com.tr\/index.php\/wp-json\/wp\/v2\/types\/product"}],"wp:attachment":[{"href":"https:\/\/roveyayinevi.com.tr\/index.php\/wp-json\/wp\/v2\/media?parent=767554"}],"wp:term":[{"taxonomy":"product_brand","embeddable":true,"href":"https:\/\/roveyayinevi.com.tr\/index.php\/wp-json\/wp\/v2\/product_brand?post=767554"},{"taxonomy":"product_cat","embeddable":true,"href":"https:\/\/roveyayinevi.com.tr\/index.php\/wp-json\/wp\/v2\/product_cat?post=767554"},{"taxonomy":"product_tag","embeddable":true,"href":"https:\/\/roveyayinevi.com.tr\/index.php\/wp-json\/wp\/v2\/product_tag?post=767554"}],"curies":[{"name":"wp","href":"https:\/\/api.w.org\/{rel}","templated":true}]}}