{"id":767553,"date":"2025-08-28T12:50:59","date_gmt":"2025-08-28T09:50:59","guid":{"rendered":"https:\/\/roveyayinevi.com.tr\/index.php\/urun\/guclu-kizlar-onyargisiz-olur\/"},"modified":"2026-04-15T03:33:26","modified_gmt":"2026-04-15T00:33:26","slug":"guclu-kizlar-onyargisiz-olur","status":"publish","type":"product","link":"https:\/\/roveyayinevi.com.tr\/index.php\/urun\/guclu-kizlar-onyargisiz-olur\/","title":{"rendered":"G\u00fc\u00e7l\u00fc K\u0131zlar \u00d6nyarg\u0131s\u0131z Olur"},"content":{"rendered":"<p>Arya yeni s\u0131n\u0131f\u0131na ad\u0131m atar atmaz dikkatleri \u00fczerine \u00e7ekmeyi ba\u015fard\u0131\u2026 S\u0131n\u0131f arkada\u015flar\u0131n\u0131n t\u00fcm\u00fc onun hakk\u0131nda bir fikre sahip olmu\u015ftu bile: \u00c7okbilmi\u015f, hatta kendini be\u011fenmi\u015f bir k\u0131z!   Peki, arkada\u015flar\u0131 Arya hakk\u0131nda \u00e7abucak edindikleri fikirlerden nas\u0131l bu kadar emin olabiliyorlar?   \u0130nsanlar\u0131 yaln\u0131zca d\u0131\u015f g\u00f6r\u00fcn\u00fc\u015flerine bakarak de\u011ferlendirmek do\u011fru mudur?   Ba\u015flang\u0131\u00e7ta ho\u015flanmad\u0131\u011f\u0131m\u0131z insanlarla sonradan arkada\u015f olabilir miyiz?   Farkl\u0131l\u0131klar\u0131 kabul etmek, ho\u015fg\u00f6r\u00fcl\u00fc olmak ve empati kurmak arkada\u015fl\u0131k ili\u015fkilerimizi g\u00fc\u00e7lendirir. \u00d6nyarg\u0131lara gelince\u2026 G\u00fc\u00e7l\u00fc k\u0131zlar daima ve herkese kar\u015f\u0131 \u00f6nyarg\u0131s\u0131z olur! <\/p>\n","protected":false},"excerpt":{"rendered":"<p>Arya yeni s\u0131n\u0131f\u0131na ad\u0131m atar atmaz dikkatleri \u00fczerine \u00e7ekmeyi ba\u015fard\u0131\u2026 S\u0131n\u0131f arkada\u015flar\u0131n\u0131n t\u00fcm\u00fc onun hakk\u0131nda bir fikre sahip olmu\u015ftu bile: \u00c7okbilmi\u015f, hatta kendini be\u011fenmi\u015f bir k\u0131z!<span class=\"excerpt-hellip\"> [\u2026]<\/span><\/p>\n","protected":false},"featured_media":0,"template":"","meta":{"_monsterinsights_skip_tracking":false,"_monsterinsights_sitenote_active":false,"_monsterinsights_sitenote_note":"","_monsterinsights_sitenote_category":0},"product_brand":[],"product_cat":[12274,12284],"product_tag":[],"class_list":{"0":"post-767553","1":"product","2":"type-product","3":"status-publish","5":"product_cat-cocuk-ve-genclik-kitaplari","6":"product_cat-hikayeler","7":"pa_cilt-ciltsiz","8":"pa_tur-kitap","9":"pa_yayinevi-1001-cicek-kitaplar","10":"pa_yazar-jennifer-moore-mallions","12":"first","13":"instock","14":"sale","15":"shipping-taxable","16":"purchasable","17":"product-type-simple"},"_links":{"self":[{"href":"https:\/\/roveyayinevi.com.tr\/index.php\/wp-json\/wp\/v2\/product\/767553","targetHints":{"allow":["GET"]}}],"collection":[{"href":"https:\/\/roveyayinevi.com.tr\/index.php\/wp-json\/wp\/v2\/product"}],"about":[{"href":"https:\/\/roveyayinevi.com.tr\/index.php\/wp-json\/wp\/v2\/types\/product"}],"wp:attachment":[{"href":"https:\/\/roveyayinevi.com.tr\/index.php\/wp-json\/wp\/v2\/media?parent=767553"}],"wp:term":[{"taxonomy":"product_brand","embeddable":true,"href":"https:\/\/roveyayinevi.com.tr\/index.php\/wp-json\/wp\/v2\/product_brand?post=767553"},{"taxonomy":"product_cat","embeddable":true,"href":"https:\/\/roveyayinevi.com.tr\/index.php\/wp-json\/wp\/v2\/product_cat?post=767553"},{"taxonomy":"product_tag","embeddable":true,"href":"https:\/\/roveyayinevi.com.tr\/index.php\/wp-json\/wp\/v2\/product_tag?post=767553"}],"curies":[{"name":"wp","href":"https:\/\/api.w.org\/{rel}","templated":true}]}}