{"id":767552,"date":"2025-08-28T12:50:56","date_gmt":"2025-08-28T09:50:56","guid":{"rendered":"https:\/\/roveyayinevi.com.tr\/index.php\/urun\/acikalan\/"},"modified":"2026-04-15T03:33:26","modified_gmt":"2026-04-15T00:33:26","slug":"acikalan","status":"publish","type":"product","link":"https:\/\/roveyayinevi.com.tr\/index.php\/urun\/acikalan\/","title":{"rendered":"A\u00e7\u0131kalan"},"content":{"rendered":"<p>BEN\u0130 ANLAYAMAZLAR Sen beni anlayamazs\u0131n, \u00c7\u00f6z\u00fclemeyen bir s\u0131r gibiyim. \u0130stesen de yan\u0131nda tutamazs\u0131n, R\u00fczg\u00e2rlara kar\u0131\u015fan yeller gibiyim. Bekleme derdine umar olurum, Ne de oynad\u0131\u011f\u0131n en son kumar olurum, Bakars\u0131n senin i\u00e7in bir yabanc\u0131, bir el olurum, \u00d6denemeyen bir hesap gibiyim. Gelmeyebilirim mahkemeye \u015fahidim desem de, H\u00e2kimler bile s\u00f6yletemez bir tek kelime, Ba\u015f\u0131m\u0131 e\u011femem seni sevsem de, Hukuk, kural bozan gibiyim.<\/p>\n","protected":false},"excerpt":{"rendered":"<p>BEN\u0130 ANLAYAMAZLAR Sen beni anlayamazs\u0131n, \u00c7\u00f6z\u00fclemeyen bir s\u0131r gibiyim. \u0130stesen de yan\u0131nda tutamazs\u0131n, R\u00fczg\u00e2rlara kar\u0131\u015fan yeller gibiyim. Bekleme derdine umar olurum, Ne de oynad\u0131\u011f\u0131n en son<span class=\"excerpt-hellip\"> [\u2026]<\/span><\/p>\n","protected":false},"featured_media":0,"template":"","meta":{"_monsterinsights_skip_tracking":false,"_monsterinsights_sitenote_active":false,"_monsterinsights_sitenote_note":"","_monsterinsights_sitenote_category":0},"product_brand":[],"product_cat":[12291,12509],"product_tag":[],"class_list":{"0":"post-767552","1":"product","2":"type-product","3":"status-publish","5":"product_cat-edebiyat","6":"product_cat-siir","7":"pa_cilt-ciltsiz","8":"pa_tur-kitap","9":"pa_yayinevi-kitap-saati-yayinevi","10":"pa_yazar-sevgi-gunes-gungunes","12":"first","13":"instock","14":"sale","15":"shipping-taxable","16":"purchasable","17":"product-type-simple"},"_links":{"self":[{"href":"https:\/\/roveyayinevi.com.tr\/index.php\/wp-json\/wp\/v2\/product\/767552","targetHints":{"allow":["GET"]}}],"collection":[{"href":"https:\/\/roveyayinevi.com.tr\/index.php\/wp-json\/wp\/v2\/product"}],"about":[{"href":"https:\/\/roveyayinevi.com.tr\/index.php\/wp-json\/wp\/v2\/types\/product"}],"wp:attachment":[{"href":"https:\/\/roveyayinevi.com.tr\/index.php\/wp-json\/wp\/v2\/media?parent=767552"}],"wp:term":[{"taxonomy":"product_brand","embeddable":true,"href":"https:\/\/roveyayinevi.com.tr\/index.php\/wp-json\/wp\/v2\/product_brand?post=767552"},{"taxonomy":"product_cat","embeddable":true,"href":"https:\/\/roveyayinevi.com.tr\/index.php\/wp-json\/wp\/v2\/product_cat?post=767552"},{"taxonomy":"product_tag","embeddable":true,"href":"https:\/\/roveyayinevi.com.tr\/index.php\/wp-json\/wp\/v2\/product_tag?post=767552"}],"curies":[{"name":"wp","href":"https:\/\/api.w.org\/{rel}","templated":true}]}}