{"id":767548,"date":"2025-08-28T12:50:47","date_gmt":"2025-08-28T09:50:47","guid":{"rendered":"https:\/\/roveyayinevi.com.tr\/index.php\/urun\/rainer-maria-rilke-butun-oykuleri-ciltli\/"},"modified":"2026-04-15T03:33:26","modified_gmt":"2026-04-15T00:33:26","slug":"rainer-maria-rilke-butun-oykuleri-ciltli","status":"publish","type":"product","link":"https:\/\/roveyayinevi.com.tr\/index.php\/urun\/rainer-maria-rilke-butun-oykuleri-ciltli\/","title":{"rendered":"Rainer Maria Rilke B\u00fct\u00fcn \u00d6yk\u00fcleri (Ciltli)"},"content":{"rendered":"<p>Kendisini \u201cyedid\u00fcvel gezgini\u201d olarak niteleyen Rainer Maria Rilke\u2019nin, Sevgili Tanr\u0131 Hakk\u0131nda \u00d6yk\u00fcler ve terekesinden \u00e7\u0131kanlar da dahil olmak \u00fczere t\u00fcm \u00f6yk\u00fclerini tek bir ciltte sunan bu kitap, yirminci y\u00fczy\u0131l\u0131n en derinlikli yazarlar\u0131ndan birinin edebi dehas\u0131n\u0131 g\u00f6zler \u00f6n\u00fcne seriyor. Rilke&#8217;nin \u015fairane diliyle \u00f6rd\u00fc\u011f\u00fc bu metinlerde, insan ruhunun en gizemli k\u00f6\u015feleri, varolu\u015f sanc\u0131lar\u0131, a\u015fk, \u00f6l\u00fcm ve yaln\u0131zl\u0131k gibi evrensel temalar \u00f6zg\u00fcn bir dille ele al\u0131n\u0131yor. Etkileyici \u00fcslubu, \u015fa\u015f\u0131rt\u0131c\u0131 \u00f6ng\u00f6r\u00fcleri, s\u00fcr\u00fcden sapan kahramanlar\u0131yla Rilke, g\u00fcndelik hayat\u0131n s\u0131radan g\u00f6r\u00fcnen anlar\u0131nda bile insan ruhunun karma\u015f\u0131kl\u0131\u011f\u0131na dair incelikli tespitlerde bulunuyor. Rilke&#8217;nin derin sezgi ve g\u00f6zlem g\u00fcc\u00fcn\u00fc yans\u0131tan bu eser, onun zengin alg\u0131s\u0131na, ya\u015fama bak\u0131\u015f\u0131na ve zaman\u0131n\u0131n \u00f6tesindeki d\u00fc\u015f\u00fcncelerine yak\u0131ndan tan\u0131kl\u0131k etme imk\u00e2n\u0131 verirken okuru da kendi varolu\u015fsal sorular\u0131yla y\u00fczle\u015fmeye davet ediyor.<\/p>\n","protected":false},"excerpt":{"rendered":"<p>Kendisini \u201cyedid\u00fcvel gezgini\u201d olarak niteleyen Rainer Maria Rilke\u2019nin, Sevgili Tanr\u0131 Hakk\u0131nda \u00d6yk\u00fcler ve terekesinden \u00e7\u0131kanlar da dahil olmak \u00fczere t\u00fcm \u00f6yk\u00fclerini tek bir ciltte sunan bu<span class=\"excerpt-hellip\"> [\u2026]<\/span><\/p>\n","protected":false},"featured_media":0,"template":"","meta":{"_monsterinsights_skip_tracking":false,"_monsterinsights_sitenote_active":false,"_monsterinsights_sitenote_note":"","_monsterinsights_sitenote_category":0},"product_brand":[],"product_cat":[12291,18202],"product_tag":[],"class_list":{"0":"post-767548","1":"product","2":"type-product","3":"status-publish","5":"product_cat-edebiyat","6":"product_cat-hikaye","7":"pa_cilt-ciltli","8":"pa_tur-kitap","9":"pa_yayinevi-everest-yayinlari","10":"pa_yazar-rainer-maria-rilke","12":"first","13":"instock","14":"sale","15":"shipping-taxable","16":"purchasable","17":"product-type-simple"},"_links":{"self":[{"href":"https:\/\/roveyayinevi.com.tr\/index.php\/wp-json\/wp\/v2\/product\/767548","targetHints":{"allow":["GET"]}}],"collection":[{"href":"https:\/\/roveyayinevi.com.tr\/index.php\/wp-json\/wp\/v2\/product"}],"about":[{"href":"https:\/\/roveyayinevi.com.tr\/index.php\/wp-json\/wp\/v2\/types\/product"}],"wp:attachment":[{"href":"https:\/\/roveyayinevi.com.tr\/index.php\/wp-json\/wp\/v2\/media?parent=767548"}],"wp:term":[{"taxonomy":"product_brand","embeddable":true,"href":"https:\/\/roveyayinevi.com.tr\/index.php\/wp-json\/wp\/v2\/product_brand?post=767548"},{"taxonomy":"product_cat","embeddable":true,"href":"https:\/\/roveyayinevi.com.tr\/index.php\/wp-json\/wp\/v2\/product_cat?post=767548"},{"taxonomy":"product_tag","embeddable":true,"href":"https:\/\/roveyayinevi.com.tr\/index.php\/wp-json\/wp\/v2\/product_tag?post=767548"}],"curies":[{"name":"wp","href":"https:\/\/api.w.org\/{rel}","templated":true}]}}