{"id":767547,"date":"2025-08-28T12:50:46","date_gmt":"2025-08-28T09:50:46","guid":{"rendered":"https:\/\/roveyayinevi.com.tr\/index.php\/urun\/antraktta-alaska-frigo-gormeden-once-okumaniz-gereken-100-film\/"},"modified":"2026-04-15T03:33:26","modified_gmt":"2026-04-15T00:33:26","slug":"antraktta-alaska-frigo-gormeden-once-okumaniz-gereken-100-film","status":"publish","type":"product","link":"https:\/\/roveyayinevi.com.tr\/index.php\/urun\/antraktta-alaska-frigo-gormeden-once-okumaniz-gereken-100-film\/","title":{"rendered":"Antraktta Alaska Frigo \u2013 G\u00f6rmeden \u00d6nce Okuman\u0131z Gereken 100 Film"},"content":{"rendered":"<p>Emre Ergel k\u0131rk be\u015f y\u0131la yay\u0131lan seyir keyfinden dam\u0131tarak kaleme ald\u0131\u011f\u0131 bu kitab\u0131nda, sinema tarihinin d\u00f6nemlerinde gezinerek 100 film \u00fczerinden sinemaya bir m\u00fcdavimin kendi i\u00e7inden konu\u015fmalar\u0131yla bak\u0131yor&#8230;<\/p>\n","protected":false},"excerpt":{"rendered":"<p>Emre Ergel k\u0131rk be\u015f y\u0131la yay\u0131lan seyir keyfinden dam\u0131tarak kaleme ald\u0131\u011f\u0131 bu kitab\u0131nda, sinema tarihinin d\u00f6nemlerinde gezinerek 100 film \u00fczerinden sinemaya bir m\u00fcdavimin kendi i\u00e7inden konu\u015fmalar\u0131yla<span class=\"excerpt-hellip\"> [\u2026]<\/span><\/p>\n","protected":false},"featured_media":0,"template":"","meta":{"_monsterinsights_skip_tracking":false,"_monsterinsights_sitenote_active":false,"_monsterinsights_sitenote_note":"","_monsterinsights_sitenote_category":0},"product_brand":[],"product_cat":[12409,12408],"product_tag":[],"class_list":{"0":"post-767547","1":"product","2":"type-product","3":"status-publish","5":"product_cat-fotograf-sinema-tiyatro","6":"product_cat-sanat","7":"pa_cilt-ciltsiz","8":"pa_tur-kitap","9":"pa_yayinevi-agora-kitapligi","10":"pa_yazar-emre-ergel","12":"first","13":"instock","14":"sale","15":"shipping-taxable","16":"purchasable","17":"product-type-simple"},"_links":{"self":[{"href":"https:\/\/roveyayinevi.com.tr\/index.php\/wp-json\/wp\/v2\/product\/767547","targetHints":{"allow":["GET"]}}],"collection":[{"href":"https:\/\/roveyayinevi.com.tr\/index.php\/wp-json\/wp\/v2\/product"}],"about":[{"href":"https:\/\/roveyayinevi.com.tr\/index.php\/wp-json\/wp\/v2\/types\/product"}],"wp:attachment":[{"href":"https:\/\/roveyayinevi.com.tr\/index.php\/wp-json\/wp\/v2\/media?parent=767547"}],"wp:term":[{"taxonomy":"product_brand","embeddable":true,"href":"https:\/\/roveyayinevi.com.tr\/index.php\/wp-json\/wp\/v2\/product_brand?post=767547"},{"taxonomy":"product_cat","embeddable":true,"href":"https:\/\/roveyayinevi.com.tr\/index.php\/wp-json\/wp\/v2\/product_cat?post=767547"},{"taxonomy":"product_tag","embeddable":true,"href":"https:\/\/roveyayinevi.com.tr\/index.php\/wp-json\/wp\/v2\/product_tag?post=767547"}],"curies":[{"name":"wp","href":"https:\/\/api.w.org\/{rel}","templated":true}]}}