{"id":767545,"date":"2025-08-28T12:50:43","date_gmt":"2025-08-28T09:50:43","guid":{"rendered":"https:\/\/roveyayinevi.com.tr\/index.php\/urun\/gerillalar\/"},"modified":"2026-04-15T03:33:26","modified_gmt":"2026-04-15T00:33:26","slug":"gerillalar","status":"publish","type":"product","link":"https:\/\/roveyayinevi.com.tr\/index.php\/urun\/gerillalar\/","title":{"rendered":"Gerillalar"},"content":{"rendered":"<p>\u201cKusursuz\u2026 Gerillar bana Naipaul\u2019un Karanl\u0131\u011f\u0131n Y\u00fcre\u011fi gibi geliyor: parlak bir sanat\u00e7\u0131dan bo\u015flu\u011fun ve umutsuzlu\u011fun anatomisi.\u201d \u2013Observer \u201cGerillar Naipaul\u2019un en karma\u015f\u0131k kitaplar\u0131ndan biri; kesinlikle en heyecan uyand\u0131r\u0131c\u0131 kitab\u0131. Naipaul evrensel bir yazar; dil ve alg\u0131 uzman\u0131.\u201d \u2013New York Times \u201cBask\u0131dan nefret et ve bask\u0131lanandan kork.\u201d \u2013V. S. Naipaul \u0130simsiz bir Karayip adas\u0131nda, \u0131rk \u00e7at\u0131\u015fmalar\u0131 ve yoksullu\u011fun k\u0131\u015fk\u0131rtt\u0131\u011f\u0131 siyasi gerilim y\u00fcksektir. Bir yanda adan\u0131n h\u00e2kimiyetini halen elinde tutan eski \u0130ngiliz s\u00f6m\u00fcrgecileri, di\u011fer yandaysa anar\u015finin sular\u0131nda dolanan yerliler vard\u0131r. Y\u0131k\u0131c\u0131 bir kurakl\u0131\u011f\u0131n ortas\u0131nda devrimci bir halk lideri, bir gazeteci ve bir yay\u0131nc\u0131 olan Jimmy, Roche ve Jane \u00fc\u00e7geni \u00fczerinden \u00f6zg\u00fcrl\u00fck ihtiyac\u0131n\u0131n nas\u0131l bir sava\u015fa ve y\u0131k\u0131ma yol a\u00e7abilece\u011fi betimleniyor. S\u00f6m\u00fcrge sonras\u0131 huzursuz bir d\u00fcnyada yollar\u0131n\u0131 bulmaya \u00e7al\u0131\u015fan kay\u0131p ruhlar\u0131 anlatan Gerillalar insanlar\u0131n ac\u0131lar\u0131n\u0131 ve hayal k\u0131r\u0131kl\u0131klar\u0131n\u0131 ac\u0131mas\u0131z bir d\u00fcr\u00fcstl\u00fckle okura sunuyor.<\/p>\n","protected":false},"excerpt":{"rendered":"<p>\u201cKusursuz\u2026 Gerillar bana Naipaul\u2019un Karanl\u0131\u011f\u0131n Y\u00fcre\u011fi gibi geliyor: parlak bir sanat\u00e7\u0131dan bo\u015flu\u011fun ve umutsuzlu\u011fun anatomisi.\u201d \u2013Observer \u201cGerillar Naipaul\u2019un en karma\u015f\u0131k kitaplar\u0131ndan biri; kesinlikle en heyecan uyand\u0131r\u0131c\u0131<span class=\"excerpt-hellip\"> [\u2026]<\/span><\/p>\n","protected":false},"featured_media":0,"template":"","meta":{"_monsterinsights_skip_tracking":false,"_monsterinsights_sitenote_active":false,"_monsterinsights_sitenote_note":"","_monsterinsights_sitenote_category":0},"product_brand":[],"product_cat":[12291,12711],"product_tag":[],"class_list":{"0":"post-767545","1":"product","2":"type-product","3":"status-publish","5":"product_cat-edebiyat","6":"product_cat-roman-oyku","7":"pa_cilt-ciltsiz","8":"pa_tur-kitap","9":"pa_yayinevi-alfa-yayinlari","10":"pa_yazar-v-s-naipaul","12":"first","13":"instock","14":"sale","15":"shipping-taxable","16":"purchasable","17":"product-type-simple"},"_links":{"self":[{"href":"https:\/\/roveyayinevi.com.tr\/index.php\/wp-json\/wp\/v2\/product\/767545","targetHints":{"allow":["GET"]}}],"collection":[{"href":"https:\/\/roveyayinevi.com.tr\/index.php\/wp-json\/wp\/v2\/product"}],"about":[{"href":"https:\/\/roveyayinevi.com.tr\/index.php\/wp-json\/wp\/v2\/types\/product"}],"wp:attachment":[{"href":"https:\/\/roveyayinevi.com.tr\/index.php\/wp-json\/wp\/v2\/media?parent=767545"}],"wp:term":[{"taxonomy":"product_brand","embeddable":true,"href":"https:\/\/roveyayinevi.com.tr\/index.php\/wp-json\/wp\/v2\/product_brand?post=767545"},{"taxonomy":"product_cat","embeddable":true,"href":"https:\/\/roveyayinevi.com.tr\/index.php\/wp-json\/wp\/v2\/product_cat?post=767545"},{"taxonomy":"product_tag","embeddable":true,"href":"https:\/\/roveyayinevi.com.tr\/index.php\/wp-json\/wp\/v2\/product_tag?post=767545"}],"curies":[{"name":"wp","href":"https:\/\/api.w.org\/{rel}","templated":true}]}}