{"id":767544,"date":"2025-08-28T12:50:41","date_gmt":"2025-08-28T09:50:41","guid":{"rendered":"https:\/\/roveyayinevi.com.tr\/index.php\/urun\/kalpazanlar-cevher-klasikler\/"},"modified":"2026-04-15T03:33:26","modified_gmt":"2026-04-15T00:33:26","slug":"kalpazanlar-cevher-klasikler","status":"publish","type":"product","link":"https:\/\/roveyayinevi.com.tr\/index.php\/urun\/kalpazanlar-cevher-klasikler\/","title":{"rendered":"Kalpazanlar &#8211; Cevher Klasikler"},"content":{"rendered":"<p>Modern roman\u0131n ba\u015fyap\u0131tlar\u0131ndan biri\u2026 Kalpazanlar\u2026 Gide, ince zek\u00e2s\u0131 ve kendine has \u00fcslubuyla okuru insan ruhunun derinliklerinde dola\u015ft\u0131r\u0131yor. Girift ayna, klasik anlat\u0131n\u0131n \u00f6tesine ustal\u0131kla ge\u00e7erken kurmaca ile ger\u00e7e\u011fi birbirinde eritiyor\u2026 Bernard, Olivier ve \u00c9douard gibi karakterlerin dola\u015f\u0131k hayatlar\u0131, okuru s\u00fcrekli tetikte tutan bir anlat\u0131ya davet niteli\u011finde\u2026   Kalpazanlar\u2019\u0131n hi\u00e7 eskimeyen d\u00fcnyas\u0131 bug\u00fcn de edebiyat okurunu b\u00fcy\u00fcl\u00fcyor. <\/p>\n","protected":false},"excerpt":{"rendered":"<p>Modern roman\u0131n ba\u015fyap\u0131tlar\u0131ndan biri\u2026 Kalpazanlar\u2026 Gide, ince zek\u00e2s\u0131 ve kendine has \u00fcslubuyla okuru insan ruhunun derinliklerinde dola\u015ft\u0131r\u0131yor. Girift ayna, klasik anlat\u0131n\u0131n \u00f6tesine ustal\u0131kla ge\u00e7erken kurmaca ile<span class=\"excerpt-hellip\"> [\u2026]<\/span><\/p>\n","protected":false},"featured_media":0,"template":"","meta":{"_monsterinsights_skip_tracking":false,"_monsterinsights_sitenote_active":false,"_monsterinsights_sitenote_note":"","_monsterinsights_sitenote_category":0},"product_brand":[],"product_cat":[12291,12711],"product_tag":[],"class_list":{"0":"post-767544","1":"product","2":"type-product","3":"status-publish","5":"product_cat-edebiyat","6":"product_cat-roman-oyku","7":"pa_cilt-ciltsiz","8":"pa_tur-kitap","9":"pa_yayinevi-kapi-yayinlari","10":"pa_yazar-andre-gide","12":"first","13":"instock","14":"sale","15":"shipping-taxable","16":"purchasable","17":"product-type-simple"},"_links":{"self":[{"href":"https:\/\/roveyayinevi.com.tr\/index.php\/wp-json\/wp\/v2\/product\/767544","targetHints":{"allow":["GET"]}}],"collection":[{"href":"https:\/\/roveyayinevi.com.tr\/index.php\/wp-json\/wp\/v2\/product"}],"about":[{"href":"https:\/\/roveyayinevi.com.tr\/index.php\/wp-json\/wp\/v2\/types\/product"}],"wp:attachment":[{"href":"https:\/\/roveyayinevi.com.tr\/index.php\/wp-json\/wp\/v2\/media?parent=767544"}],"wp:term":[{"taxonomy":"product_brand","embeddable":true,"href":"https:\/\/roveyayinevi.com.tr\/index.php\/wp-json\/wp\/v2\/product_brand?post=767544"},{"taxonomy":"product_cat","embeddable":true,"href":"https:\/\/roveyayinevi.com.tr\/index.php\/wp-json\/wp\/v2\/product_cat?post=767544"},{"taxonomy":"product_tag","embeddable":true,"href":"https:\/\/roveyayinevi.com.tr\/index.php\/wp-json\/wp\/v2\/product_tag?post=767544"}],"curies":[{"name":"wp","href":"https:\/\/api.w.org\/{rel}","templated":true}]}}