{"id":767541,"date":"2025-08-28T12:50:35","date_gmt":"2025-08-28T09:50:35","guid":{"rendered":"https:\/\/roveyayinevi.com.tr\/index.php\/urun\/baskalasimlar-ciltli\/"},"modified":"2026-04-15T03:33:26","modified_gmt":"2026-04-15T00:33:26","slug":"baskalasimlar-ciltli","status":"publish","type":"product","link":"https:\/\/roveyayinevi.com.tr\/index.php\/urun\/baskalasimlar-ciltli\/","title":{"rendered":"Ba\u015fkala\u015f\u0131mlar (Ciltli)"},"content":{"rendered":"<p>Birbirinden ilgin\u00e7 \u00f6yk\u00fcleri pe\u015f pe\u015fe dizerek okuruyla ilgisini hi\u00e7 yitirmeden, kar\u015f\u0131l\u0131kl\u0131 duygu al\u0131\u015fveri\u015finde bulunarak tela\u015fla, hevesle, istekle yazan, Latin edebiyat\u0131n\u0131n \u00fcnl\u00fc isimlerinden Lucius Apuleius\u2019un yap\u0131t\u0131d\u0131r Ba\u015fkala\u015f\u0131mlar. Bat\u0131 edebiyat\u0131nda y\u00fczlerce \u00e7evirisi yap\u0131lm\u0131\u015f, pek \u00e7ok sanat eserine esin kayna\u011f\u0131 olmu\u015f, g\u00f6rsel sanatlar\u0131n g\u00f6rkemli eserlerine ilham vermi\u015f, 11 kitapl\u0131k bir edebiyat klasi\u011fidir. Roma \u0130mparatorlu\u011funun eyaletlerinde ya\u015fayan s\u0131radan insanlar\u0131n g\u00fcndelik hayatlar\u0131n\u0131n \u00e7arp\u0131c\u0131 yanlar\u0131n\u0131 alayc\u0131 ve e\u011flendirici bir ifadeyle sunar. Yanl\u0131\u015f bir b\u00fcy\u00fc sonucu e\u015fe\u011fe d\u00f6n\u00fc\u015fm\u00fc\u015f bir insan\u0131n g\u00f6z\u00fcnden insano\u011flunun gizemli do\u011fas\u0131 ortaya konur. Bir ahlak felsefecisi gibi, insan\u0131n ya\u015fam\u0131n\u0131, ahlak\u0131n\u0131, zay\u0131fl\u0131klar\u0131n\u0131 ve erdemlerini de\u011ferlendiren, d\u00fc\u015f\u00fcnen, konu\u015fan, sevinen, \u00f6fkelenen bu sevimli e\u015fek, ba\u015f\u0131ndan ge\u00e7en \u00f6yk\u00fclerle, okuru t\u00fcm\u00fcyle kendi d\u00fcnyas\u0131n\u0131n i\u00e7ine \u00e7eker.  <\/p>\n","protected":false},"excerpt":{"rendered":"<p>Birbirinden ilgin\u00e7 \u00f6yk\u00fcleri pe\u015f pe\u015fe dizerek okuruyla ilgisini hi\u00e7 yitirmeden, kar\u015f\u0131l\u0131kl\u0131 duygu al\u0131\u015fveri\u015finde bulunarak tela\u015fla, hevesle, istekle yazan, Latin edebiyat\u0131n\u0131n \u00fcnl\u00fc isimlerinden Lucius Apuleius\u2019un yap\u0131t\u0131d\u0131r Ba\u015fkala\u015f\u0131mlar.<span class=\"excerpt-hellip\"> [\u2026]<\/span><\/p>\n","protected":false},"featured_media":0,"template":"","meta":{"_monsterinsights_skip_tracking":false,"_monsterinsights_sitenote_active":false,"_monsterinsights_sitenote_note":"","_monsterinsights_sitenote_category":0},"product_brand":[],"product_cat":[12291,18202],"product_tag":[],"class_list":{"0":"post-767541","1":"product","2":"type-product","3":"status-publish","5":"product_cat-edebiyat","6":"product_cat-hikaye","7":"pa_cilt-ciltli","8":"pa_tur-kitap","9":"pa_yayinevi-alfa-yayinlari","10":"pa_yazar-apuleius","12":"first","13":"instock","14":"sale","15":"shipping-taxable","16":"purchasable","17":"product-type-simple"},"_links":{"self":[{"href":"https:\/\/roveyayinevi.com.tr\/index.php\/wp-json\/wp\/v2\/product\/767541","targetHints":{"allow":["GET"]}}],"collection":[{"href":"https:\/\/roveyayinevi.com.tr\/index.php\/wp-json\/wp\/v2\/product"}],"about":[{"href":"https:\/\/roveyayinevi.com.tr\/index.php\/wp-json\/wp\/v2\/types\/product"}],"wp:attachment":[{"href":"https:\/\/roveyayinevi.com.tr\/index.php\/wp-json\/wp\/v2\/media?parent=767541"}],"wp:term":[{"taxonomy":"product_brand","embeddable":true,"href":"https:\/\/roveyayinevi.com.tr\/index.php\/wp-json\/wp\/v2\/product_brand?post=767541"},{"taxonomy":"product_cat","embeddable":true,"href":"https:\/\/roveyayinevi.com.tr\/index.php\/wp-json\/wp\/v2\/product_cat?post=767541"},{"taxonomy":"product_tag","embeddable":true,"href":"https:\/\/roveyayinevi.com.tr\/index.php\/wp-json\/wp\/v2\/product_tag?post=767541"}],"curies":[{"name":"wp","href":"https:\/\/api.w.org\/{rel}","templated":true}]}}