{"id":767540,"date":"2025-08-28T12:50:32","date_gmt":"2025-08-28T09:50:32","guid":{"rendered":"https:\/\/roveyayinevi.com.tr\/index.php\/urun\/evrensel-duygular\/"},"modified":"2026-04-15T03:33:26","modified_gmt":"2026-04-15T00:33:26","slug":"evrensel-duygular","status":"publish","type":"product","link":"https:\/\/roveyayinevi.com.tr\/index.php\/urun\/evrensel-duygular\/","title":{"rendered":"Evrensel Duygular"},"content":{"rendered":"<p>\u2026yorulmu\u015f bir hasret ta\u015f\u0131yor sanki kalabal\u0131k\u00f6rselenmi\u015f bir d\u00fc\u015f gibiy\u00fcre\u011fi a\u011fz\u0131nda g\u00fcnlerden kalanen uzak bir sevin\u00e7 pe\u015findeyim bensegirdim kendimin kolunay\u00fcr\u00fcyoruz kalabal\u0131\u011f\u0131n i\u00e7indea\u00e7 g\u00f6zl\u00fc bir ihtiras\u0131nezip ge\u00e7enbeyaz nezaketiyetmeyen bir istek gibif\u0131\u015fk\u0131r\u0131yor caddelerdeba\u015f d\u00f6nd\u00fcren bir \u015feyler var ortal\u0131ktag\u00f6ze \u00e7arpan engelleryetmiyorsahibini arayan \u00f6zg\u00fcrl\u00fc\u011fe <\/p>\n","protected":false},"excerpt":{"rendered":"<p>\u2026yorulmu\u015f bir hasret ta\u015f\u0131yor sanki kalabal\u0131k\u00f6rselenmi\u015f bir d\u00fc\u015f gibiy\u00fcre\u011fi a\u011fz\u0131nda g\u00fcnlerden kalanen uzak bir sevin\u00e7 pe\u015findeyim bensegirdim kendimin kolunay\u00fcr\u00fcyoruz kalabal\u0131\u011f\u0131n i\u00e7indea\u00e7 g\u00f6zl\u00fc bir ihtiras\u0131nezip ge\u00e7enbeyaz nezaketiyetmeyen<span class=\"excerpt-hellip\"> [\u2026]<\/span><\/p>\n","protected":false},"featured_media":0,"template":"","meta":{"_monsterinsights_skip_tracking":false,"_monsterinsights_sitenote_active":false,"_monsterinsights_sitenote_note":"","_monsterinsights_sitenote_category":0},"product_brand":[],"product_cat":[12291,12509],"product_tag":[],"class_list":{"0":"post-767540","1":"product","2":"type-product","3":"status-publish","5":"product_cat-edebiyat","6":"product_cat-siir","7":"pa_cilt-ciltsiz","8":"pa_tur-kitap","9":"pa_yayinevi-favori-yayinlari","10":"pa_yazar-levent-ugur","12":"first","13":"instock","14":"sale","15":"shipping-taxable","16":"purchasable","17":"product-type-simple"},"_links":{"self":[{"href":"https:\/\/roveyayinevi.com.tr\/index.php\/wp-json\/wp\/v2\/product\/767540","targetHints":{"allow":["GET"]}}],"collection":[{"href":"https:\/\/roveyayinevi.com.tr\/index.php\/wp-json\/wp\/v2\/product"}],"about":[{"href":"https:\/\/roveyayinevi.com.tr\/index.php\/wp-json\/wp\/v2\/types\/product"}],"wp:attachment":[{"href":"https:\/\/roveyayinevi.com.tr\/index.php\/wp-json\/wp\/v2\/media?parent=767540"}],"wp:term":[{"taxonomy":"product_brand","embeddable":true,"href":"https:\/\/roveyayinevi.com.tr\/index.php\/wp-json\/wp\/v2\/product_brand?post=767540"},{"taxonomy":"product_cat","embeddable":true,"href":"https:\/\/roveyayinevi.com.tr\/index.php\/wp-json\/wp\/v2\/product_cat?post=767540"},{"taxonomy":"product_tag","embeddable":true,"href":"https:\/\/roveyayinevi.com.tr\/index.php\/wp-json\/wp\/v2\/product_tag?post=767540"}],"curies":[{"name":"wp","href":"https:\/\/api.w.org\/{rel}","templated":true}]}}