{"id":767539,"date":"2025-08-28T12:50:30","date_gmt":"2025-08-28T09:50:30","guid":{"rendered":"https:\/\/roveyayinevi.com.tr\/index.php\/urun\/butun-bu-yolculuk\/"},"modified":"2025-11-21T11:14:37","modified_gmt":"2025-11-21T08:14:37","slug":"butun-bu-yolculuk","status":"publish","type":"product","link":"https:\/\/roveyayinevi.com.tr\/index.php\/urun\/butun-bu-yolculuk\/","title":{"rendered":"B\u00fct\u00fcn Bu Yolculuk"},"content":{"rendered":"<p>En yo\u011fun karanl\u0131kta bir mum \u0131\u015f\u0131\u011f\u0131 ne kadar \u00f6nemliyse, bir insan\u0131n i\u00e7sel de\u011ferlerini ortaya koyacak, karanl\u0131\u011f\u0131n\u0131 ayd\u0131nlatacak insanlar\u0131n varl\u0131\u011f\u0131 da o kadar \u00f6nemlidir. Bunlar ailemizin bir bireyi, \u00f6\u011fretmenimiz, yak\u0131n bir arkada\u015f\u0131m\u0131z, okudu\u011fumuz kitaplardan biri ya da birka\u00e7\u0131 olabilir. Kimi zaman bir s\u00f6z bile ayd\u0131nlanmam\u0131z\u0131 sa\u011fl\u0131yor.   Bir s\u00f6z deyince \u00fcnl\u00fc \u0130slam d\u00fc\u015f\u00fcn\u00fcr\u00fc Muhyiddin \u0130bn Arabi\u2019yi anmak isterim:   \u201cAnlad\u0131m ki b\u00fct\u00fcn bu yolculuk, kendimden kendime imi\u015f.\u2019\u2019 <\/p>\n","protected":false},"excerpt":{"rendered":"<p>En yo\u011fun karanl\u0131kta bir mum \u0131\u015f\u0131\u011f\u0131 ne kadar \u00f6nemliyse, bir insan\u0131n i\u00e7sel de\u011ferlerini ortaya koyacak, karanl\u0131\u011f\u0131n\u0131 ayd\u0131nlatacak insanlar\u0131n varl\u0131\u011f\u0131 da o kadar \u00f6nemlidir. Bunlar ailemizin bir<span class=\"excerpt-hellip\"> [\u2026]<\/span><\/p>\n","protected":false},"featured_media":0,"template":"","meta":{"_monsterinsights_skip_tracking":false,"_monsterinsights_sitenote_active":false,"_monsterinsights_sitenote_note":"","_monsterinsights_sitenote_category":0},"product_brand":[],"product_cat":[12777,12291],"product_tag":[],"class_list":{"0":"post-767539","1":"product","2":"type-product","3":"status-publish","5":"product_cat-deneme","6":"product_cat-edebiyat","7":"pa_cilt-ciltsiz","8":"pa_tur-kitap","9":"pa_yayinevi-favori-yayinlari","10":"pa_yazar-avram-ventura","12":"first","13":"instock","14":"sale","15":"shipping-taxable","16":"purchasable","17":"product-type-simple"},"_links":{"self":[{"href":"https:\/\/roveyayinevi.com.tr\/index.php\/wp-json\/wp\/v2\/product\/767539","targetHints":{"allow":["GET"]}}],"collection":[{"href":"https:\/\/roveyayinevi.com.tr\/index.php\/wp-json\/wp\/v2\/product"}],"about":[{"href":"https:\/\/roveyayinevi.com.tr\/index.php\/wp-json\/wp\/v2\/types\/product"}],"wp:attachment":[{"href":"https:\/\/roveyayinevi.com.tr\/index.php\/wp-json\/wp\/v2\/media?parent=767539"}],"wp:term":[{"taxonomy":"product_brand","embeddable":true,"href":"https:\/\/roveyayinevi.com.tr\/index.php\/wp-json\/wp\/v2\/product_brand?post=767539"},{"taxonomy":"product_cat","embeddable":true,"href":"https:\/\/roveyayinevi.com.tr\/index.php\/wp-json\/wp\/v2\/product_cat?post=767539"},{"taxonomy":"product_tag","embeddable":true,"href":"https:\/\/roveyayinevi.com.tr\/index.php\/wp-json\/wp\/v2\/product_tag?post=767539"}],"curies":[{"name":"wp","href":"https:\/\/api.w.org\/{rel}","templated":true}]}}