{"id":767537,"date":"2025-08-28T12:50:26","date_gmt":"2025-08-28T09:50:26","guid":{"rendered":"https:\/\/roveyayinevi.com.tr\/index.php\/urun\/illet\/"},"modified":"2026-04-15T03:33:26","modified_gmt":"2026-04-15T00:33:26","slug":"illet","status":"publish","type":"product","link":"https:\/\/roveyayinevi.com.tr\/index.php\/urun\/illet\/","title":{"rendered":"\u0130llet"},"content":{"rendered":"<p>\u201cUmutsuzca bak\u0131nd\u0131 Esma \u00e7ocuklara. Pazar g\u00fcnlerinin k\u00e2busu ba\u015fl\u0131yordu yine, k\u00fc\u00e7\u00fck t\u00fcp\u00fc kontrol etti, doluydu. Ad\u0131na \u2018piknik\u2019 denilen kabir azab\u0131 ba\u015fl\u0131yordu yine. Birka\u00e7 dakika sonra korna \u00e7almaya ba\u015flad\u0131.\u201d   \u201cBedir 25 ya\u015f\u0131nda ince uzun, kasl\u0131 bir \u00e7ocuktu. \u00d6yle filmlerdeki akt\u00f6rlerin kaslar\u0131 gibi de\u011fil, daha do\u011fal daha erkesi&#8230; Bazen hayaller kuruyordu. Marmaris\u2019te k\u00f6yl\u00fcs\u00fc bir \u00e7ocuk vard\u0131. \u2018Lan ne s\u00fcr\u00fcn\u00fcyorsun o \u0130stanbul denen \u00e7\u00f6pl\u00fckte? Burada ekmek var, turist k\u0131zlar var, insan gibi hayat var, deniz var, i\u015f var&#8230; Atla gel.\u2019 Kafas\u0131na yatm\u0131\u015ft\u0131 asl\u0131nda. \u0130stanbul kahpesinin, her ge\u00e7en g\u00fcn bir par\u00e7as\u0131n\u0131 kopartt\u0131\u011f\u0131n\u0131 hissediyordu.\u201d   T\u00fcrk\u00e7e yeralt\u0131 edebiyat\u0131n\u0131n en g\u00fc\u00e7l\u00fc ve gizemli isimlerinden Angutyus, \u015fimdiden t\u00fcr\u00fcn klasikleri aras\u0131na girece\u011fine kesin g\u00f6z\u00fcyle bakt\u0131\u011f\u0131m\u0131z bu roman\u0131nda ba\u011f\u0131ms\u0131z bir sinema filmi atmosferi yarat\u0131yor. <\/p>\n","protected":false},"excerpt":{"rendered":"<p>\u201cUmutsuzca bak\u0131nd\u0131 Esma \u00e7ocuklara. Pazar g\u00fcnlerinin k\u00e2busu ba\u015fl\u0131yordu yine, k\u00fc\u00e7\u00fck t\u00fcp\u00fc kontrol etti, doluydu. Ad\u0131na \u2018piknik\u2019 denilen kabir azab\u0131 ba\u015fl\u0131yordu yine. Birka\u00e7 dakika sonra korna \u00e7almaya<span class=\"excerpt-hellip\"> [\u2026]<\/span><\/p>\n","protected":false},"featured_media":0,"template":"","meta":{"_monsterinsights_skip_tracking":false,"_monsterinsights_sitenote_active":false,"_monsterinsights_sitenote_note":"","_monsterinsights_sitenote_category":0},"product_brand":[],"product_cat":[12291,12711],"product_tag":[],"class_list":{"0":"post-767537","1":"product","2":"type-product","3":"status-publish","5":"product_cat-edebiyat","6":"product_cat-roman-oyku","7":"pa_cilt-ciltsiz","8":"pa_tur-kitap","9":"pa_yayinevi-kara-karga-yayinlari","10":"pa_yazar-angutyus","12":"first","13":"instock","14":"sale","15":"shipping-taxable","16":"purchasable","17":"product-type-simple"},"_links":{"self":[{"href":"https:\/\/roveyayinevi.com.tr\/index.php\/wp-json\/wp\/v2\/product\/767537","targetHints":{"allow":["GET"]}}],"collection":[{"href":"https:\/\/roveyayinevi.com.tr\/index.php\/wp-json\/wp\/v2\/product"}],"about":[{"href":"https:\/\/roveyayinevi.com.tr\/index.php\/wp-json\/wp\/v2\/types\/product"}],"wp:attachment":[{"href":"https:\/\/roveyayinevi.com.tr\/index.php\/wp-json\/wp\/v2\/media?parent=767537"}],"wp:term":[{"taxonomy":"product_brand","embeddable":true,"href":"https:\/\/roveyayinevi.com.tr\/index.php\/wp-json\/wp\/v2\/product_brand?post=767537"},{"taxonomy":"product_cat","embeddable":true,"href":"https:\/\/roveyayinevi.com.tr\/index.php\/wp-json\/wp\/v2\/product_cat?post=767537"},{"taxonomy":"product_tag","embeddable":true,"href":"https:\/\/roveyayinevi.com.tr\/index.php\/wp-json\/wp\/v2\/product_tag?post=767537"}],"curies":[{"name":"wp","href":"https:\/\/api.w.org\/{rel}","templated":true}]}}