{"id":767536,"date":"2025-08-28T12:50:23","date_gmt":"2025-08-28T09:50:23","guid":{"rendered":"https:\/\/roveyayinevi.com.tr\/index.php\/urun\/goc-yollari\/"},"modified":"2026-04-15T03:33:26","modified_gmt":"2026-04-15T00:33:26","slug":"goc-yollari","status":"publish","type":"product","link":"https:\/\/roveyayinevi.com.tr\/index.php\/urun\/goc-yollari\/","title":{"rendered":"G\u00f6\u00e7 Yollar\u0131"},"content":{"rendered":"<p>\u201cSava\u015f, beklemedikleri anda ba\u015flam\u0131\u015f, ummad\u0131klar\u0131 \u015fekilde geli\u015fmi\u015fti. D\u00fc\u015fman eline ge\u00e7en her yerde zulme u\u011frayan, vurulan, k\u0131r\u0131lan, yerlerinden s\u00fcr\u00fclen binlerce aile, can kayg\u0131s\u0131 ile evi bark\u0131 toplam\u0131\u015f, g\u00f6\u00e7 yoluna d\u00fc\u015fm\u00fc\u015flerdi. Korku ve deh\u015fet i\u00e7indeydi insanlar. Peri\u015fand\u0131. Ka\u00e7\u0131yorlard\u0131 ya\u015fad\u0131klar\u0131 felaketten, d\u00fc\u015fman zulm\u00fcnden, \u00f6l\u00fcmden. Ka\u00e7\u0131yorlard\u0131 her yeri saran ate\u015ften, kandan, k\u00f6t\u00fcl\u00fckten, d\u00fcne kadar dost bildiklerinden&#8230;Sava\u015f b\u00fct\u00fcn \u015fiddetiyle devam ediyordu da\u011flar\u0131n y\u00fcksek tepelerinde, derin vadilerinde, ovalar\u0131n yemye\u015fil \u00e7ay\u0131rlar\u0131nda. K\u00f6yler, kasabalar, ata yadig\u00e2r\u0131 \u015fehirler cay\u0131r cay\u0131r yan\u0131yordu. O yang\u0131n i\u00e7inde askerler ileri gidiyorlar, geri \u00e7ekiliyorlar, manevra yap\u0131yorlar, d\u00fc\u015fmanla sava\u015f\u0131yorlard\u0131. Durdurmaya \u00e7al\u0131\u015f\u0131yorlard\u0131 azg\u0131n bir sel gibi ak\u0131p gelen, \u015fehirleri, k\u00f6yleri, kasabalar\u0131 yak\u0131p ge\u00e7en amans\u0131z d\u00fc\u015fman ordular\u0131n\u0131&#8230;Aral\u0131ks\u0131z ya\u011fan ya\u011fmurla \u00e7amur deryas\u0131na d\u00f6nen, g\u00f6\u00e7 kafilelerinin doldurdu\u011fu eski dar yollar karmakar\u0131\u015f\u0131kt\u0131. Ne ileri giden belliydi ne geri \u00e7ekilen. Yine de askerler tedbir alm\u0131\u015flar, bir d\u00fczene sokmu\u015flard\u0131 g\u00f6\u00e7 kafilelerini. \u015eimdilik. Ellerinden geldi\u011fi kadar&#8230;\u201d <\/p>\n","protected":false},"excerpt":{"rendered":"<p>\u201cSava\u015f, beklemedikleri anda ba\u015flam\u0131\u015f, ummad\u0131klar\u0131 \u015fekilde geli\u015fmi\u015fti. D\u00fc\u015fman eline ge\u00e7en her yerde zulme u\u011frayan, vurulan, k\u0131r\u0131lan, yerlerinden s\u00fcr\u00fclen binlerce aile, can kayg\u0131s\u0131 ile evi bark\u0131 toplam\u0131\u015f,<span class=\"excerpt-hellip\"> [\u2026]<\/span><\/p>\n","protected":false},"featured_media":0,"template":"","meta":{"_monsterinsights_skip_tracking":false,"_monsterinsights_sitenote_active":false,"_monsterinsights_sitenote_note":"","_monsterinsights_sitenote_category":0},"product_brand":[],"product_cat":[12291,12745],"product_tag":[],"class_list":{"0":"post-767536","1":"product","2":"type-product","3":"status-publish","5":"product_cat-edebiyat","6":"product_cat-tarihi-roman","7":"pa_cilt-ciltsiz","8":"pa_tur-kitap","9":"pa_yayinevi-telgrafhane-yayinlari","10":"pa_yazar-nevzat-kutlu","12":"first","13":"instock","14":"sale","15":"shipping-taxable","16":"purchasable","17":"product-type-simple"},"_links":{"self":[{"href":"https:\/\/roveyayinevi.com.tr\/index.php\/wp-json\/wp\/v2\/product\/767536","targetHints":{"allow":["GET"]}}],"collection":[{"href":"https:\/\/roveyayinevi.com.tr\/index.php\/wp-json\/wp\/v2\/product"}],"about":[{"href":"https:\/\/roveyayinevi.com.tr\/index.php\/wp-json\/wp\/v2\/types\/product"}],"wp:attachment":[{"href":"https:\/\/roveyayinevi.com.tr\/index.php\/wp-json\/wp\/v2\/media?parent=767536"}],"wp:term":[{"taxonomy":"product_brand","embeddable":true,"href":"https:\/\/roveyayinevi.com.tr\/index.php\/wp-json\/wp\/v2\/product_brand?post=767536"},{"taxonomy":"product_cat","embeddable":true,"href":"https:\/\/roveyayinevi.com.tr\/index.php\/wp-json\/wp\/v2\/product_cat?post=767536"},{"taxonomy":"product_tag","embeddable":true,"href":"https:\/\/roveyayinevi.com.tr\/index.php\/wp-json\/wp\/v2\/product_tag?post=767536"}],"curies":[{"name":"wp","href":"https:\/\/api.w.org\/{rel}","templated":true}]}}