{"id":767535,"date":"2025-08-28T12:50:21","date_gmt":"2025-08-28T09:50:21","guid":{"rendered":"https:\/\/roveyayinevi.com.tr\/index.php\/urun\/icimde-bir-yolculuk-var\/"},"modified":"2026-04-15T03:33:26","modified_gmt":"2026-04-15T00:33:26","slug":"icimde-bir-yolculuk-var","status":"publish","type":"product","link":"https:\/\/roveyayinevi.com.tr\/index.php\/urun\/icimde-bir-yolculuk-var\/","title":{"rendered":"\u0130\u00e7imde Bir Yolculuk Var"},"content":{"rendered":"<p>Ger\u00e7ek bir hayat hik\u00e2yesi olan bu kitap, her d\u00fc\u015ft\u00fc\u011f\u00fcn\u00fczde kalkman\u0131n da m\u00fcmk\u00fcn oldu\u011funu anlatan bir yol arkada\u015f\u0131, bir ba\u015fucu kitab\u0131 olarak tasarland\u0131. Hayat\u0131 doya doya ya\u015fayabilmek i\u00e7in form\u00fcller, anahtarlar sunan Gila Kantar, s\u0131cac\u0131k bir anlat\u0131mla sizi nesiller aras\u0131 hik\u00e2yelerle tatl\u0131 bir gezintiye \u00e7\u0131kartacak.   Kendinize bir g\u00fczellik yap\u0131n ve bu masals\u0131 yolculu\u011fun tad\u0131na var\u0131n. Her masal mutlu bitmez belki ama ba\u015frol oyuncusu sizseniz; hayata olan duru\u015funuz g\u00fc\u00e7l\u00fcyse, hele bir de ya\u015fama TUTKU ile ba\u011fl\u0131ysan\u0131z sizin MASALINIZ FARKLI yaz\u0131labilir.   Haydi, yaz\u0131lm\u0131\u015f\u0131, farkl\u0131 yazmaya VAR MISIN? <\/p>\n","protected":false},"excerpt":{"rendered":"<p>Ger\u00e7ek bir hayat hik\u00e2yesi olan bu kitap, her d\u00fc\u015ft\u00fc\u011f\u00fcn\u00fczde kalkman\u0131n da m\u00fcmk\u00fcn oldu\u011funu anlatan bir yol arkada\u015f\u0131, bir ba\u015fucu kitab\u0131 olarak tasarland\u0131. Hayat\u0131 doya doya ya\u015fayabilmek<span class=\"excerpt-hellip\"> [\u2026]<\/span><\/p>\n","protected":false},"featured_media":0,"template":"","meta":{"_monsterinsights_skip_tracking":false,"_monsterinsights_sitenote_active":false,"_monsterinsights_sitenote_note":"","_monsterinsights_sitenote_category":0},"product_brand":[],"product_cat":[18545,12291],"product_tag":[],"class_list":{"0":"post-767535","1":"product","2":"type-product","3":"status-publish","5":"product_cat-anlati","6":"product_cat-edebiyat","7":"pa_cilt-ciltsiz","8":"pa_tur-kitap","9":"pa_yayinevi-destek-yayinlari","10":"pa_yazar-gila-kantar","12":"first","13":"instock","14":"sale","15":"shipping-taxable","16":"purchasable","17":"product-type-simple"},"_links":{"self":[{"href":"https:\/\/roveyayinevi.com.tr\/index.php\/wp-json\/wp\/v2\/product\/767535","targetHints":{"allow":["GET"]}}],"collection":[{"href":"https:\/\/roveyayinevi.com.tr\/index.php\/wp-json\/wp\/v2\/product"}],"about":[{"href":"https:\/\/roveyayinevi.com.tr\/index.php\/wp-json\/wp\/v2\/types\/product"}],"wp:attachment":[{"href":"https:\/\/roveyayinevi.com.tr\/index.php\/wp-json\/wp\/v2\/media?parent=767535"}],"wp:term":[{"taxonomy":"product_brand","embeddable":true,"href":"https:\/\/roveyayinevi.com.tr\/index.php\/wp-json\/wp\/v2\/product_brand?post=767535"},{"taxonomy":"product_cat","embeddable":true,"href":"https:\/\/roveyayinevi.com.tr\/index.php\/wp-json\/wp\/v2\/product_cat?post=767535"},{"taxonomy":"product_tag","embeddable":true,"href":"https:\/\/roveyayinevi.com.tr\/index.php\/wp-json\/wp\/v2\/product_tag?post=767535"}],"curies":[{"name":"wp","href":"https:\/\/api.w.org\/{rel}","templated":true}]}}