{"id":767534,"date":"2025-08-28T12:50:18","date_gmt":"2025-08-28T09:50:18","guid":{"rendered":"https:\/\/roveyayinevi.com.tr\/index.php\/urun\/geceni-bana-getir\/"},"modified":"2026-04-15T03:33:26","modified_gmt":"2026-04-15T00:33:26","slug":"geceni-bana-getir","status":"publish","type":"product","link":"https:\/\/roveyayinevi.com.tr\/index.php\/urun\/geceni-bana-getir\/","title":{"rendered":"Geceni Bana Getir"},"content":{"rendered":"<p>BU A\u015eK H\u0130K\u00c2YES\u0130YLE KADER\u0130N\u0130Z\u0130 YEN\u0130DEN YAZMAYA HAZIR MISINIZ?   A\u015fka ve b\u00fcy\u00fcye haz\u0131r olun. \u201cGeceni Bana Getir\u201d,  kalbinizin en derinlerine dokunacak benzersiz bir romantizm ve nefes kesici bir d\u00fcnya sunuyor. Bu b\u00fcy\u00fcleyici roman ile, okyanusun serin esintisini, a\u015fk\u0131n sonsuz heyecan\u0131n\u0131 ve Tana\u2019n\u0131n y\u00fcre\u011fini sarsan imk\u00e2ns\u0131z se\u00e7imleri iliklerinize kadar hissedeceksiniz.   -K\u0131r\u0131k Bir Kalp roman\u0131n yazar\u0131 Stephanie Garber   Kaderin \u00f6tesine ge\u00e7meye cesaret edenlerin, i\u00e7lerindeki f\u0131s\u0131lt\u0131ya kulak verenlerin ve a\u015fk\u0131n e\u015finden gitmeye kararl\u0131 olanlar\u0131n hik\u00e2yesi&#8230; D\u00fcnyaya meydan okuyan cesur bir kad\u0131n, a\u015fk\u0131 u\u011fruna kendi yolunu \u00e7izmek i\u00e7in m\u00fccadele etmeye ba\u015fl\u0131yor.   \u201cGeceni Bana Getir\u201d, okuyucular\u0131n\u0131 a\u015fk\u0131n g\u00fcc\u00fcn\u00fc ve kendi kaderini eline alma cesaretini \u00f6rmeye \u00e7a\u011f\u0131r\u0131yor. Bu e\u015fsiz hik\u00e2ye, a\u015fk\u0131 kadere b\u0131rakmay\u0131p b\u00fcy\u00fcl\u00fc hayaller kuranlar\u0131 destans\u0131 d\u00fcnyas\u0131na davet ediyor. <\/p>\n","protected":false},"excerpt":{"rendered":"<p>BU A\u015eK H\u0130K\u00c2YES\u0130YLE KADER\u0130N\u0130Z\u0130 YEN\u0130DEN YAZMAYA HAZIR MISINIZ? A\u015fka ve b\u00fcy\u00fcye haz\u0131r olun. \u201cGeceni Bana Getir\u201d, kalbinizin en derinlerine dokunacak benzersiz bir romantizm ve nefes kesici<span class=\"excerpt-hellip\"> [\u2026]<\/span><\/p>\n","protected":false},"featured_media":0,"template":"","meta":{"_monsterinsights_skip_tracking":false,"_monsterinsights_sitenote_active":false,"_monsterinsights_sitenote_note":"","_monsterinsights_sitenote_category":0},"product_brand":[],"product_cat":[12291,12711],"product_tag":[],"class_list":{"0":"post-767534","1":"product","2":"type-product","3":"status-publish","5":"product_cat-edebiyat","6":"product_cat-roman-oyku","7":"pa_cilt-ciltsiz","8":"pa_tur-kitap","9":"pa_yayinevi-athica-yayinlari","10":"pa_yazar-rachel-griffin","12":"first","13":"instock","14":"sale","15":"shipping-taxable","16":"purchasable","17":"product-type-simple"},"_links":{"self":[{"href":"https:\/\/roveyayinevi.com.tr\/index.php\/wp-json\/wp\/v2\/product\/767534","targetHints":{"allow":["GET"]}}],"collection":[{"href":"https:\/\/roveyayinevi.com.tr\/index.php\/wp-json\/wp\/v2\/product"}],"about":[{"href":"https:\/\/roveyayinevi.com.tr\/index.php\/wp-json\/wp\/v2\/types\/product"}],"wp:attachment":[{"href":"https:\/\/roveyayinevi.com.tr\/index.php\/wp-json\/wp\/v2\/media?parent=767534"}],"wp:term":[{"taxonomy":"product_brand","embeddable":true,"href":"https:\/\/roveyayinevi.com.tr\/index.php\/wp-json\/wp\/v2\/product_brand?post=767534"},{"taxonomy":"product_cat","embeddable":true,"href":"https:\/\/roveyayinevi.com.tr\/index.php\/wp-json\/wp\/v2\/product_cat?post=767534"},{"taxonomy":"product_tag","embeddable":true,"href":"https:\/\/roveyayinevi.com.tr\/index.php\/wp-json\/wp\/v2\/product_tag?post=767534"}],"curies":[{"name":"wp","href":"https:\/\/api.w.org\/{rel}","templated":true}]}}