{"id":767533,"date":"2025-08-28T12:50:16","date_gmt":"2025-08-28T09:50:16","guid":{"rendered":"https:\/\/roveyayinevi.com.tr\/index.php\/urun\/hayatim-bir-internet-romani-2\/"},"modified":"2026-04-15T03:33:25","modified_gmt":"2026-04-15T00:33:25","slug":"hayatim-bir-internet-romani-2","status":"publish","type":"product","link":"https:\/\/roveyayinevi.com.tr\/index.php\/urun\/hayatim-bir-internet-romani-2\/","title":{"rendered":"Hayat\u0131m Bir \u0130nternet Roman\u0131 2"},"content":{"rendered":"<p>\u201cGEN\u00c7 MACERACILARIN Z\u0130NDAN SALDIRISINDA YARDIMINIZI R\u0130CA ED\u0130YORUM, BERYL USTA!\u201d   \u015e\u00d6VALYE B\u0130RL\u0130\u011e\u0130\u2019N\u0130N \u00d6ZEL E\u011e\u0130TMEN\u0130 OLAN BERYL GARDENANT&#8230;   S\u0130YAH SEV\u0130YE MACERACI OLAN ESK\u0130 \u00d6\u011eRENC\u0130S\u0130 SURENA, BERYL\u2019DAN Z\u0130NDAN SALDIRISI G\u00d6REV\u0130NE E\u015eL\u0130K ETMES\u0130N\u0130 \u0130STER.   BERYL, \u00d6\u011eRENC\u0130S\u0130N\u0130N BU R\u0130CASINI KABUL ETMEYE KARAR VER\u0130R.   FAKAT YETENEKLER\u0130NDEN \u015e\u00dcPHE DUYULDU\u011eUNDA KEND\u0130N\u0130 KANITLAMAK \u0130\u00c7\u0130N SURENA \u0130LE KAPI\u015eMASI GEREK\u0130R&#8230;   B\u0130R AMCANIN Y\u00dcKSEL\u0130\u015e H\u0130K\u00c2YES\u0130N\u0130N 2. C\u0130LD\u0130 S\u0130ZLERLE! <\/p>\n","protected":false},"excerpt":{"rendered":"<p>\u201cGEN\u00c7 MACERACILARIN Z\u0130NDAN SALDIRISINDA YARDIMINIZI R\u0130CA ED\u0130YORUM, BERYL USTA!\u201d \u015e\u00d6VALYE B\u0130RL\u0130\u011e\u0130\u2019N\u0130N \u00d6ZEL E\u011e\u0130TMEN\u0130 OLAN BERYL GARDENANT&#8230; S\u0130YAH SEV\u0130YE MACERACI OLAN ESK\u0130 \u00d6\u011eRENC\u0130S\u0130 SURENA, BERYL\u2019DAN Z\u0130NDAN SALDIRISI<span class=\"excerpt-hellip\"> [\u2026]<\/span><\/p>\n","protected":false},"featured_media":0,"template":"","meta":{"_monsterinsights_skip_tracking":false,"_monsterinsights_sitenote_active":false,"_monsterinsights_sitenote_note":"","_monsterinsights_sitenote_category":0},"product_brand":[],"product_cat":[12416,12291],"product_tag":[],"class_list":{"0":"post-767533","1":"product","2":"type-product","3":"status-publish","5":"product_cat-cizgi-roman","6":"product_cat-edebiyat","7":"pa_cilt-ciltsiz","8":"pa_tur-kitap","9":"pa_yayinevi-athica-yayinlari","10":"pa_yazar-yu-han-ryeo","12":"first","13":"instock","14":"sale","15":"shipping-taxable","16":"purchasable","17":"product-type-simple"},"_links":{"self":[{"href":"https:\/\/roveyayinevi.com.tr\/index.php\/wp-json\/wp\/v2\/product\/767533","targetHints":{"allow":["GET"]}}],"collection":[{"href":"https:\/\/roveyayinevi.com.tr\/index.php\/wp-json\/wp\/v2\/product"}],"about":[{"href":"https:\/\/roveyayinevi.com.tr\/index.php\/wp-json\/wp\/v2\/types\/product"}],"wp:attachment":[{"href":"https:\/\/roveyayinevi.com.tr\/index.php\/wp-json\/wp\/v2\/media?parent=767533"}],"wp:term":[{"taxonomy":"product_brand","embeddable":true,"href":"https:\/\/roveyayinevi.com.tr\/index.php\/wp-json\/wp\/v2\/product_brand?post=767533"},{"taxonomy":"product_cat","embeddable":true,"href":"https:\/\/roveyayinevi.com.tr\/index.php\/wp-json\/wp\/v2\/product_cat?post=767533"},{"taxonomy":"product_tag","embeddable":true,"href":"https:\/\/roveyayinevi.com.tr\/index.php\/wp-json\/wp\/v2\/product_tag?post=767533"}],"curies":[{"name":"wp","href":"https:\/\/api.w.org\/{rel}","templated":true}]}}