{"id":767532,"date":"2025-08-28T12:50:15","date_gmt":"2025-08-28T09:50:15","guid":{"rendered":"https:\/\/roveyayinevi.com.tr\/index.php\/urun\/merkaba\/"},"modified":"2026-04-13T03:29:32","modified_gmt":"2026-04-13T00:29:32","slug":"merkaba","status":"publish","type":"product","link":"https:\/\/roveyayinevi.com.tr\/index.php\/urun\/merkaba\/","title":{"rendered":"Merkaba"},"content":{"rendered":"<p>I\u015f\u0131k, beden ve ruhun uyumu, evrene a\u00e7\u0131lan kap\u0131n\u0131n anahtar\u0131d\u0131r.   Merkaba, spirit\u00fcel ve ezoterik geleneklerde kullan\u0131lan bir terimdir. M\u0131s\u0131r lisan\u0131nda \u201cmer-ka-ba\u201d \u015feklinde \u00fc\u00e7 kelimenin birle\u015fiminden olu\u015fur: \u0131\u015f\u0131k-ruh-beden. Merkaba genellikle, ruhun beden ve zihinle uyumlu bir \u015fekilde hareket etmesini sa\u011flayan, \u0131\u015f\u0131k bedenini temsil eden bir ara\u00e7 olarak tan\u0131mlan\u0131r. Bu kavram, ki\u015fisel ve kozmik bilin\u00e7lilik seviyelerinin artmas\u0131n\u0131 ifade eder.   Merkaba ba\u011flam\u0131nda \u201c\u00fc\u00e7ler yasas\u0131\u201d, genellikle \u00fc\u00e7 temel enerji veya bile\u015feni temsil eder:   1.   Zihin: D\u00fc\u015f\u00fcnce ve bilin\u00e7 d\u00fczeyi.   2.  V\u00fccut: Fiziksel varl\u0131k ve hareket.   3.  Ruh: Spirit\u00fcel \u00f6z ve ruhsal enerji.   Bu \u00fc\u00e7 bile\u015fen, Merkaba\u2019n\u0131n olu\u015fturulmas\u0131 ve etkinle\u015ftirilmesi s\u0131ras\u0131nda uyum i\u00e7inde \u00e7al\u0131\u015f\u0131r. Merkaba meditasyonu veya Merkaba aktivasyonu, bu \u00fc\u00e7 enerji bile\u015feninin dengelenmesi ve senkronize edilmesiyle ilgilidir. Ama\u00e7, ki\u015finin bilin\u00e7 seviyesini y\u00fckseltmek, ruhsal fark\u0131ndal\u0131\u011f\u0131 art\u0131rmak ve evrensel enerjiyle uyum sa\u011flamakt\u0131r. <\/p>\n","protected":false},"excerpt":{"rendered":"<p>I\u015f\u0131k, beden ve ruhun uyumu, evrene a\u00e7\u0131lan kap\u0131n\u0131n anahtar\u0131d\u0131r. Merkaba, spirit\u00fcel ve ezoterik geleneklerde kullan\u0131lan bir terimdir. M\u0131s\u0131r lisan\u0131nda \u201cmer-ka-ba\u201d \u015feklinde \u00fc\u00e7 kelimenin birle\u015fiminden olu\u015fur: \u0131\u015f\u0131k-ruh-beden.<span class=\"excerpt-hellip\"> [\u2026]<\/span><\/p>\n","protected":false},"featured_media":0,"template":"","meta":{"_monsterinsights_skip_tracking":false,"_monsterinsights_sitenote_active":false,"_monsterinsights_sitenote_note":"","_monsterinsights_sitenote_category":0},"product_brand":[],"product_cat":[12364,12376],"product_tag":[],"class_list":{"0":"post-767532","1":"product","2":"type-product","3":"status-publish","5":"product_cat-genel-konular","6":"product_cat-kisisel-gelisim","7":"pa_cilt-ciltsiz","8":"pa_tur-kitap","9":"pa_yayinevi-destek-yayinlari","10":"pa_yazar-tuna-kamhi","12":"first","13":"instock","14":"sale","15":"shipping-taxable","16":"purchasable","17":"product-type-simple"},"_links":{"self":[{"href":"https:\/\/roveyayinevi.com.tr\/index.php\/wp-json\/wp\/v2\/product\/767532","targetHints":{"allow":["GET"]}}],"collection":[{"href":"https:\/\/roveyayinevi.com.tr\/index.php\/wp-json\/wp\/v2\/product"}],"about":[{"href":"https:\/\/roveyayinevi.com.tr\/index.php\/wp-json\/wp\/v2\/types\/product"}],"wp:attachment":[{"href":"https:\/\/roveyayinevi.com.tr\/index.php\/wp-json\/wp\/v2\/media?parent=767532"}],"wp:term":[{"taxonomy":"product_brand","embeddable":true,"href":"https:\/\/roveyayinevi.com.tr\/index.php\/wp-json\/wp\/v2\/product_brand?post=767532"},{"taxonomy":"product_cat","embeddable":true,"href":"https:\/\/roveyayinevi.com.tr\/index.php\/wp-json\/wp\/v2\/product_cat?post=767532"},{"taxonomy":"product_tag","embeddable":true,"href":"https:\/\/roveyayinevi.com.tr\/index.php\/wp-json\/wp\/v2\/product_tag?post=767532"}],"curies":[{"name":"wp","href":"https:\/\/api.w.org\/{rel}","templated":true}]}}