{"id":767530,"date":"2025-08-28T12:50:11","date_gmt":"2025-08-28T09:50:11","guid":{"rendered":"https:\/\/roveyayinevi.com.tr\/index.php\/urun\/cokuse-riza\/"},"modified":"2026-04-15T03:33:25","modified_gmt":"2026-04-15T00:33:25","slug":"cokuse-riza","status":"publish","type":"product","link":"https:\/\/roveyayinevi.com.tr\/index.php\/urun\/cokuse-riza\/","title":{"rendered":"\u00c7\u00f6k\u00fc\u015fe R\u0131za"},"content":{"rendered":"<p>\u2026ya\u015fad\u0131\u011f\u0131m\u0131z ve tamamlanmas\u0131na az kalan \u00e7\u00f6k\u00fc\u015f s\u00fcreci \u015fu \u00fcnl\u00fc kelebek r\u00fcyas\u0131 metaforunda oldu\u011fu gibi acaba buna r\u0131za g\u00f6sterenler \u201cmutlu bir r\u00fcya m\u0131yd\u0131 g\u00f6rd\u00fcklerimiz yoksa k\u00e2busa m\u0131 uyand\u0131k\u201d diye soracaklar: \u201cHay\u0131r\u201d yan\u0131t\u0131n\u0131 verecek birka\u00e7 ki\u015fi kald\u0131ysa ortal\u0131kta\u2026 \u201cEvet, keyifle izlediniz bu s\u00fcreci her an\u0131ndan b\u00fcy\u00fck bir haz ald\u0131n\u0131z, hepinizin ba\u015fl\u0131ca derdi batan gemiden pay\u0131n\u0131za d\u00fc\u015fme olas\u0131l\u0131\u011f\u0131 olan mallara ne zaman, nas\u0131l ve hangi yolla konaca\u011f\u0131n\u0131zd\u0131\u2026\u201d Yan\u0131t bekleyen kimse kald\u0131ysa e\u011fer onlar\u0131n jargonuyla olmal\u0131 bu yan\u0131t! \u00c7\u00fcnk\u00fc on y\u0131llar\u0131 alan t\u00fcm algoritmalar\u0131 hassas cetvellerle belirlenmi\u015f gibi duran, t\u00fcm a\u015famalar\u0131 kitlelerden onay alan bu s\u00fcre\u00e7 boyunca on milyonlarca insan\u0131n g\u00fcruh ruh haliyle yaln\u0131zca bu s\u00fcrecin birer payda\u015f\u0131 olabilmek u\u011fruna \u00f6zg\u00fcrl\u00fck, e\u015fitlik, adalet, etik vs. t\u00fcm insan i\u00e7in olan kavramlara s\u0131rt \u00e7evirdi\u011finin \u015fahidi de\u011fil miyiz?  \u2026di\u011fer taraftan bende ya da benim gibi olanlarda da bir \u00e7\u00f6k\u00fc\u015fe r\u0131za hali s\u00f6z konusu olabilir mi? Sessizce geleni kar\u015f\u0131lamak, art\u0131k ka\u00e7\u0131n\u0131lmaz olan\u0131\u2026 \u00d6ncesinde ve ard\u0131ndan \u201cdemokrasi\u201d oyunu ile fa\u015fizmin s\u00fcrd\u00fcr\u00fclebilirli\u011fi sa\u011fland\u0131\u011f\u0131ndan beri altta olanlar, her zaman \u201caltta\u201d olanlar, ben ya da benim gibi olanlar de\u011fil miydi? O halde diyemez miyiz co\u015fkulu bir heyecanla sevin\u00e7li bir tela\u015f i\u00e7inde \u201cGelsin tufan, topyek\u00fbn y\u0131k\u0131m, k\u0131yamet. Umut yok, b\u0131rak\u0131nda topyek\u00fbn ya da ne varsa bilebildi\u011fimiz hep birlikte \u00e7\u00f6k\u00fc\u015f\u00fcn, dibe vuru\u015fun ve ard\u0131ndan gelecek yok olu\u015fun cazibesini ve bu cazibenin hazz\u0131n\u0131 ya\u015fayal\u0131m! Fazla m\u0131 hedonist oldu, fazla m\u0131 kinik? Ve hi\u00e7 ku\u015fkusuz her ku\u015fa\u011fa nasip olmaz bu durum!\u201d <\/p>\n","protected":false},"excerpt":{"rendered":"<p>\u2026ya\u015fad\u0131\u011f\u0131m\u0131z ve tamamlanmas\u0131na az kalan \u00e7\u00f6k\u00fc\u015f s\u00fcreci \u015fu \u00fcnl\u00fc kelebek r\u00fcyas\u0131 metaforunda oldu\u011fu gibi acaba buna r\u0131za g\u00f6sterenler \u201cmutlu bir r\u00fcya m\u0131yd\u0131 g\u00f6rd\u00fcklerimiz yoksa k\u00e2busa m\u0131<span class=\"excerpt-hellip\"> [\u2026]<\/span><\/p>\n","protected":false},"featured_media":0,"template":"","meta":{"_monsterinsights_skip_tracking":false,"_monsterinsights_sitenote_active":false,"_monsterinsights_sitenote_note":"","_monsterinsights_sitenote_category":0},"product_brand":[],"product_cat":[12777,12291],"product_tag":[],"class_list":{"0":"post-767530","1":"product","2":"type-product","3":"status-publish","5":"product_cat-deneme","6":"product_cat-edebiyat","7":"pa_cilt-ciltsiz","8":"pa_tur-kitap","9":"pa_yayinevi-sinirsiz-kitap","10":"pa_yazar-tolga-ersoy","12":"first","13":"instock","14":"sale","15":"shipping-taxable","16":"purchasable","17":"product-type-simple"},"_links":{"self":[{"href":"https:\/\/roveyayinevi.com.tr\/index.php\/wp-json\/wp\/v2\/product\/767530","targetHints":{"allow":["GET"]}}],"collection":[{"href":"https:\/\/roveyayinevi.com.tr\/index.php\/wp-json\/wp\/v2\/product"}],"about":[{"href":"https:\/\/roveyayinevi.com.tr\/index.php\/wp-json\/wp\/v2\/types\/product"}],"wp:attachment":[{"href":"https:\/\/roveyayinevi.com.tr\/index.php\/wp-json\/wp\/v2\/media?parent=767530"}],"wp:term":[{"taxonomy":"product_brand","embeddable":true,"href":"https:\/\/roveyayinevi.com.tr\/index.php\/wp-json\/wp\/v2\/product_brand?post=767530"},{"taxonomy":"product_cat","embeddable":true,"href":"https:\/\/roveyayinevi.com.tr\/index.php\/wp-json\/wp\/v2\/product_cat?post=767530"},{"taxonomy":"product_tag","embeddable":true,"href":"https:\/\/roveyayinevi.com.tr\/index.php\/wp-json\/wp\/v2\/product_tag?post=767530"}],"curies":[{"name":"wp","href":"https:\/\/api.w.org\/{rel}","templated":true}]}}