{"id":767529,"date":"2025-08-28T12:50:08","date_gmt":"2025-08-28T09:50:08","guid":{"rendered":"https:\/\/roveyayinevi.com.tr\/index.php\/urun\/absurt-bir-distopya\/"},"modified":"2026-04-15T03:33:25","modified_gmt":"2026-04-15T00:33:25","slug":"absurt-bir-distopya","status":"publish","type":"product","link":"https:\/\/roveyayinevi.com.tr\/index.php\/urun\/absurt-bir-distopya\/","title":{"rendered":"Abs\u00fcrt Bir Distopya"},"content":{"rendered":"<p>\u201cYeni d\u00fczende sevgili olmadan \u00f6nce \u2018bur\u00e7 uyum testi\u2019nden ge\u00e7ip sevgili sertifikas\u0131 almak gerekiyordu. Sokakta bur\u00e7 zab\u0131talar\u0131 sevgilinle gezerken durdurup kart sorma hakk\u0131na sahipti.\u201d   G\u00fcn\u00fcm\u00fcz ki\u015fisel geli\u015fim d\u00fcnyas\u0131n\u0131 \u201crenkli bir distopya\u201dya \u00e7evirerek anlatan Ne\u015fe \u00c7elik Ba\u015far hem bireysel hem de toplumsal iyile\u015fmenin sorgulamaktan ge\u00e7ti\u011fini ak\u0131c\u0131, k\u0131\u015fk\u0131rt\u0131c\u0131 bir dille aktar\u0131yor. Bir solukta okunan bu romanda \u2018Kurallara Uymayanlar\u0131 Uyarma Merkezi\u2019nden tutun da sokakta \u00f6n\u00fcn\u00fcz\u00fc kesen \u201cBur\u00e7 Zab\u0131talar\u0131\u201dna kadar abs\u00fcrt bir\u00e7ok \u015feyle kar\u015f\u0131la\u015facaks\u0131n\u0131z. <\/p>\n","protected":false},"excerpt":{"rendered":"<p>\u201cYeni d\u00fczende sevgili olmadan \u00f6nce \u2018bur\u00e7 uyum testi\u2019nden ge\u00e7ip sevgili sertifikas\u0131 almak gerekiyordu. Sokakta bur\u00e7 zab\u0131talar\u0131 sevgilinle gezerken durdurup kart sorma hakk\u0131na sahipti.\u201d G\u00fcn\u00fcm\u00fcz ki\u015fisel geli\u015fim<span class=\"excerpt-hellip\"> [\u2026]<\/span><\/p>\n","protected":false},"featured_media":0,"template":"","meta":{"_monsterinsights_skip_tracking":false,"_monsterinsights_sitenote_active":false,"_monsterinsights_sitenote_note":"","_monsterinsights_sitenote_category":0},"product_brand":[],"product_cat":[12291,12711],"product_tag":[],"class_list":{"0":"post-767529","1":"product","2":"type-product","3":"status-publish","5":"product_cat-edebiyat","6":"product_cat-roman-oyku","7":"pa_cilt-ciltsiz","8":"pa_tur-kitap","9":"pa_yayinevi-sinirsiz-kitap","10":"pa_yazar-nese-celik-basar","12":"first","13":"instock","14":"sale","15":"shipping-taxable","16":"purchasable","17":"product-type-simple"},"_links":{"self":[{"href":"https:\/\/roveyayinevi.com.tr\/index.php\/wp-json\/wp\/v2\/product\/767529","targetHints":{"allow":["GET"]}}],"collection":[{"href":"https:\/\/roveyayinevi.com.tr\/index.php\/wp-json\/wp\/v2\/product"}],"about":[{"href":"https:\/\/roveyayinevi.com.tr\/index.php\/wp-json\/wp\/v2\/types\/product"}],"wp:attachment":[{"href":"https:\/\/roveyayinevi.com.tr\/index.php\/wp-json\/wp\/v2\/media?parent=767529"}],"wp:term":[{"taxonomy":"product_brand","embeddable":true,"href":"https:\/\/roveyayinevi.com.tr\/index.php\/wp-json\/wp\/v2\/product_brand?post=767529"},{"taxonomy":"product_cat","embeddable":true,"href":"https:\/\/roveyayinevi.com.tr\/index.php\/wp-json\/wp\/v2\/product_cat?post=767529"},{"taxonomy":"product_tag","embeddable":true,"href":"https:\/\/roveyayinevi.com.tr\/index.php\/wp-json\/wp\/v2\/product_tag?post=767529"}],"curies":[{"name":"wp","href":"https:\/\/api.w.org\/{rel}","templated":true}]}}