{"id":767528,"date":"2025-08-28T12:50:07","date_gmt":"2025-08-28T09:50:07","guid":{"rendered":"https:\/\/roveyayinevi.com.tr\/index.php\/urun\/kesisimsel-feminizm\/"},"modified":"2026-04-15T03:33:25","modified_gmt":"2026-04-15T00:33:25","slug":"kesisimsel-feminizm","status":"publish","type":"product","link":"https:\/\/roveyayinevi.com.tr\/index.php\/urun\/kesisimsel-feminizm\/","title":{"rendered":"Kesi\u015fimsel Feminizm"},"content":{"rendered":"<p>Elinizdeki derleme, T\u00fcrkiye\u2019de ya\u015fayan Suriyeli, Almanya\u2019da ya\u015fayan T\u00fcrkiyeli kad\u0131nlar\u0131n g\u00f6\u00e7men kad\u0131n olma deneyimleri ile \u201ci\u00e7eride\u201d ve \u201cd\u0131\u015far\u0131da\u201d, \u00f6teki olarak var olu\u015fu; toplumsal cinsiyet temelli \u015fiddette ma\u011fdur, fail ya da tan\u0131k olarak yer alan erkekler ve k\u0131r\u0131lgan erkeklikler \u00fczerinden \u201cmetodolojik erkeklik\u201d tart\u0131\u015fmas\u0131; kad\u0131n keseninde sahada ara\u015ft\u0131rmac\u0131 olarak yer alman\u0131n s\u0131n\u0131rlar\u0131 gibi konularla gerek teoride gerek pratikte kesi\u015fimselli\u011fin farkl\u0131 y\u00fczlerine ili\u015fkin bir perspektif sunuyor. Bunlarla beraber, H\u0131ristiyanl\u0131k \u00fczerinden dinin ve dini metinlerin kad\u0131nlar\u0131n \u00f6tekile\u015ftirilmesindeki rol\u00fc; kad\u0131nlar\u0131n kent ya\u015fam\u0131ndaki dezavantajl\u0131 konumlar\u0131 kar\u015f\u0131s\u0131nda \u201ckad\u0131n dostu kent\u201dlerin m\u00fcmk\u00fcnat\u0131;  \u201cMu\u011fla\u2019n\u0131n Milas il\u00e7esine ba\u011fl\u0131 \u0130kizk\u00f6y halk\u0131n\u0131n do\u011fa-toplum ili\u015fkisine bak\u0131\u015f\u0131\u201d; Divan edebiyat\u0131nda kad\u0131n \u015fairlerin eril tahakk\u00fcm alt\u0131nda var olma m\u00fccadelesine tan\u0131kl\u0131k ederek \u201cdi\u015fil yaz\u0131n\u201d ile alternatif bir anlat\u0131 kurman\u0131n \u00f6nemi ve ulus-devlet in\u015fas\u0131nda \u201ctelaffuz\u201d bahanesiyle Ermeni kad\u0131n oyuncular\u0131n tiyatrodan d\u0131\u015flan\u0131\u015f\u0131 gibi birbirini toplumsal cinsiyet ekseninde kesen \u00e7ok boyutlu \u00e7al\u0131\u015fmalarla literat\u00fcre \u00f6nemli bir katk\u0131 sa\u011fl\u0131yor. Bu \u00e7er\u00e7evede \u00e7al\u0131\u015fma, okuyucusuna bir yandan kesi\u015fimselli\u011fin \u201cs\u0131n\u0131rlar\u0131n\u0131\u201d ya da \u201cs\u0131n\u0131rs\u0131zl\u0131\u011f\u0131n\u0131\u201d g\u00f6rme imk\u00e2n\u0131 sunarken, di\u011fer yandan, feminizmin herkes i\u00e7in oldu\u011funun alt\u0131n\u0131 \u00e7izen bir \u201cs\u0131n\u0131rlar\u0131 a\u015fma\u201d giri\u015fimi olarak okunabilir. H\u00fclya Ka\u015f\u0131kc\u0131 <\/p>\n","protected":false},"excerpt":{"rendered":"<p>Elinizdeki derleme, T\u00fcrkiye\u2019de ya\u015fayan Suriyeli, Almanya\u2019da ya\u015fayan T\u00fcrkiyeli kad\u0131nlar\u0131n g\u00f6\u00e7men kad\u0131n olma deneyimleri ile \u201ci\u00e7eride\u201d ve \u201cd\u0131\u015far\u0131da\u201d, \u00f6teki olarak var olu\u015fu; toplumsal cinsiyet temelli \u015fiddette ma\u011fdur,<span class=\"excerpt-hellip\"> [\u2026]<\/span><\/p>\n","protected":false},"featured_media":0,"template":"","meta":{"_monsterinsights_skip_tracking":false,"_monsterinsights_sitenote_active":false,"_monsterinsights_sitenote_note":"","_monsterinsights_sitenote_category":0},"product_brand":[],"product_cat":[13488],"product_tag":[],"class_list":{"0":"post-767528","1":"product","2":"type-product","3":"status-publish","5":"product_cat-toplum-ve-insan","6":"pa_cilt-ciltsiz","7":"pa_tur-kitap","8":"pa_yayinevi-toz-yayinlari","9":"pa_yazar-duygu-altinoluk","11":"first","12":"instock","13":"sale","14":"shipping-taxable","15":"purchasable","16":"product-type-simple"},"_links":{"self":[{"href":"https:\/\/roveyayinevi.com.tr\/index.php\/wp-json\/wp\/v2\/product\/767528","targetHints":{"allow":["GET"]}}],"collection":[{"href":"https:\/\/roveyayinevi.com.tr\/index.php\/wp-json\/wp\/v2\/product"}],"about":[{"href":"https:\/\/roveyayinevi.com.tr\/index.php\/wp-json\/wp\/v2\/types\/product"}],"wp:attachment":[{"href":"https:\/\/roveyayinevi.com.tr\/index.php\/wp-json\/wp\/v2\/media?parent=767528"}],"wp:term":[{"taxonomy":"product_brand","embeddable":true,"href":"https:\/\/roveyayinevi.com.tr\/index.php\/wp-json\/wp\/v2\/product_brand?post=767528"},{"taxonomy":"product_cat","embeddable":true,"href":"https:\/\/roveyayinevi.com.tr\/index.php\/wp-json\/wp\/v2\/product_cat?post=767528"},{"taxonomy":"product_tag","embeddable":true,"href":"https:\/\/roveyayinevi.com.tr\/index.php\/wp-json\/wp\/v2\/product_tag?post=767528"}],"curies":[{"name":"wp","href":"https:\/\/api.w.org\/{rel}","templated":true}]}}