{"id":767527,"date":"2025-08-28T12:50:06","date_gmt":"2025-08-28T09:50:06","guid":{"rendered":"https:\/\/roveyayinevi.com.tr\/index.php\/urun\/siddet-ve-tecavuz-tarihine-epigenetik-yaklasim-dun-bugun\/"},"modified":"2026-04-15T03:33:25","modified_gmt":"2026-04-15T00:33:25","slug":"siddet-ve-tecavuz-tarihine-epigenetik-yaklasim-dun-bugun","status":"publish","type":"product","link":"https:\/\/roveyayinevi.com.tr\/index.php\/urun\/siddet-ve-tecavuz-tarihine-epigenetik-yaklasim-dun-bugun\/","title":{"rendered":"\u015eiddet ve Tecav\u00fcz Tarihine Epigenetik Yakla\u015f\u0131m D\u00fcn\/Bug\u00fcn"},"content":{"rendered":"<p>\u0130nsan\u0131n tarihine b\u00f6yle bir \u00fcst bak\u0131\u015fta \u00f6ne \u00e7\u0131kan alt bilin\u00e7 kavram\u0131, bir\u00e7oklar\u0131n\u0131 \u015fa\u015f\u0131rtacakt\u0131r. \u00c7\u00fcnk\u00fc yine bir\u00e7oklar\u0131 i\u00e7in alt bilin\u00e7, insan ya\u015fant\u0131s\u0131nda hi\u00e7bir \u015fey ifade etmemektedir. \u0130nsanlar\u0131n de\u011fer verdikleri, bilin\u00e7leri vard\u0131r. Bu bilin\u00e7, sadece saydam bir bo\u015f bardak de\u011fildir. \u0130\u00e7ine doldurulan \u015feyler \u00fczerinde alt bilincin derin kontrolleri vard\u0131r. Alt bilin\u00e7, s\u00fcrekli yads\u0131nm\u0131\u015ft\u0131r. \u0130nsan, toplum ya\u015fam\u0131na alt bilinci g\u00f6sterecek bir ayna, resim, psikolojik hesapla\u015fma gibi motifler ne yaz\u0131k ki daha tutulamam\u0131\u015ft\u0131r. B\u00f6yle bir ayna, gelecekteki y\u00fczlerce y\u0131lda da kesinlikle tutulamayacakt\u0131r. Aynan\u0131n ad\u0131, ayd\u0131nlanmad\u0131r.<\/p>\n","protected":false},"excerpt":{"rendered":"<p>\u0130nsan\u0131n tarihine b\u00f6yle bir \u00fcst bak\u0131\u015fta \u00f6ne \u00e7\u0131kan alt bilin\u00e7 kavram\u0131, bir\u00e7oklar\u0131n\u0131 \u015fa\u015f\u0131rtacakt\u0131r. \u00c7\u00fcnk\u00fc yine bir\u00e7oklar\u0131 i\u00e7in alt bilin\u00e7, insan ya\u015fant\u0131s\u0131nda hi\u00e7bir \u015fey ifade etmemektedir. \u0130nsanlar\u0131n<span class=\"excerpt-hellip\"> [\u2026]<\/span><\/p>\n","protected":false},"featured_media":0,"template":"","meta":{"_monsterinsights_skip_tracking":false,"_monsterinsights_sitenote_active":false,"_monsterinsights_sitenote_note":"","_monsterinsights_sitenote_category":0},"product_brand":[],"product_cat":[20502,12357],"product_tag":[],"class_list":{"0":"post-767527","1":"product","2":"type-product","3":"status-publish","5":"product_cat-basvuru-kitaplari-psikoloji","6":"product_cat-psikoloji","7":"pa_cilt-ciltsiz","8":"pa_tur-kitap","9":"pa_yayinevi-somut-yayinlari","10":"pa_yazar-denis-dreisbusch","12":"first","13":"instock","14":"sale","15":"shipping-taxable","16":"purchasable","17":"product-type-simple"},"_links":{"self":[{"href":"https:\/\/roveyayinevi.com.tr\/index.php\/wp-json\/wp\/v2\/product\/767527","targetHints":{"allow":["GET"]}}],"collection":[{"href":"https:\/\/roveyayinevi.com.tr\/index.php\/wp-json\/wp\/v2\/product"}],"about":[{"href":"https:\/\/roveyayinevi.com.tr\/index.php\/wp-json\/wp\/v2\/types\/product"}],"wp:attachment":[{"href":"https:\/\/roveyayinevi.com.tr\/index.php\/wp-json\/wp\/v2\/media?parent=767527"}],"wp:term":[{"taxonomy":"product_brand","embeddable":true,"href":"https:\/\/roveyayinevi.com.tr\/index.php\/wp-json\/wp\/v2\/product_brand?post=767527"},{"taxonomy":"product_cat","embeddable":true,"href":"https:\/\/roveyayinevi.com.tr\/index.php\/wp-json\/wp\/v2\/product_cat?post=767527"},{"taxonomy":"product_tag","embeddable":true,"href":"https:\/\/roveyayinevi.com.tr\/index.php\/wp-json\/wp\/v2\/product_tag?post=767527"}],"curies":[{"name":"wp","href":"https:\/\/api.w.org\/{rel}","templated":true}]}}