{"id":767524,"date":"2025-08-28T12:50:01","date_gmt":"2025-08-28T09:50:01","guid":{"rendered":"https:\/\/roveyayinevi.com.tr\/index.php\/urun\/sadik-yalsizucanlara-saygi\/"},"modified":"2026-01-30T04:03:49","modified_gmt":"2026-01-30T01:03:49","slug":"sadik-yalsizucanlara-saygi","status":"publish","type":"product","link":"https:\/\/roveyayinevi.com.tr\/index.php\/urun\/sadik-yalsizucanlara-saygi\/","title":{"rendered":"Sad\u0131k Yals\u0131zu\u00e7anlar\u2019a Sayg\u0131"},"content":{"rendered":"<p>Sad\u0131k&#8217;\u0131n \u00f6yk\u00fclerinde, daha \u00f6nce hi\u00e7bir metinde rastlamad\u0131\u011f\u0131m t\u00fcrden ba\u015f d\u00f6nd\u00fcren bir h\u0131z, ak\u0131\u015f, y\u0131ld\u0131r\u0131m \u00e7arpmas\u0131na benzeyen ayd\u0131nl\u0131k ve karanl\u0131klar, s\u00fcrekli z\u0131dd\u0131na d\u00f6nen zengin imgeler, i\u00e7 i\u00e7e ge\u00e7mi\u015f dramlar, olay \u00f6rg\u00fcleri ve soyutlamalar vard\u0131. Kendi pay\u0131ma, \u00e7a\u011fr\u0131\u015f\u0131mlar\u0131 hi\u00e7 bitmeyen bu imgelerin muhayyilemde a\u00e7t\u0131\u011f\u0131 yeni ufuklarda dola\u015f\u0131p tekrar yery\u00fcz\u00fcne ayak bast\u0131\u011f\u0131mda \u00e7evremden, &#8220;Ne demek istiyor? Bununla ne anlat\u0131yor?&#8221; gibi sorulara muhatap olup s\u0131k\u0131l\u0131rd\u0131m. Halbuki anlatt\u0131klar\u0131ndan \u00e7ok anlatmad\u0131klar\u0131yla \u00f6nem kazan\u0131yordu benim i\u00e7in. Sustu\u011fu yerde konu\u015fuyordu bir bak\u0131ma. Sad\u0131k&#8217;\u0131n bu benzersiz \u00fcslubu zamanla g\u00fcrle\u015ferek b\u00fcy\u00fck bir nehre d\u00f6n\u00fc\u015ft\u00fc ve hala sahili olmayan bir ummanda olu\u015fturdu\u011fu girdaplarla okuyucusunu i\u00e7inde kaybolmaya davet ediyor:&#8217;Prof. Dr. Nejat Aday&#8221;Deyim yerindeyse, etnografik \u00e7al\u0131\u015fmalar\u0131n &#8220;kat\u0131l\u0131mc\u0131 g\u00f6zlemci&#8221; metodu, hikayelerinde g\u00fc\u00e7l\u00fc bi\u00e7imde yans\u0131r. Tahkiye g\u00fcc\u00fc, g\u00f6zlenenden de \u00f6te, tecr\u00fcbe edilenlere dayan\u0131r. Kendi hayat\u0131ndan kesitler bir\u00e7ok hikayesinde g\u00f6r\u00fclebilir. Sembolik dil kullanma e\u011filimi, g\u00fcnl\u00fck hayat\u0131n k\u0131lcallar\u0131n\u0131 hikayelerine ta\u015f\u0131ma imkan\u0131 verir. Mevlana&#8217;dan Muhyiddin&#8217;e sufi ki\u015filikleri kaleminin \u00e7izgisinde kurgularken, m\u00fclk aleminin s\u0131n\u0131rlar\u0131n\u0131 zorlar; nedenselci modern zihni k\u0131r\u0131lmaya u\u011frat\u0131r. Tasavvufi ontolojiyi, Alevi me\u015freb \u00e7izgiyi de katarak, verili bir kabule konu yapmas\u0131, hi\u00e7 \u015f\u00fcphesiz ciddi bir ele\u015ftiriyi gerektirir. Bedi\u00fczzaman&#8217;\u0131n metinlerine a\u015final\u0131\u011f\u0131 ona m\u00fclk-melekut ili\u015fkisini kurgularken tehlikeli sularda emniyetli bir bi\u00e7imde &#8220;s\u00f6rf yapma&#8221; imkan\u0131 sunmu\u015f gibidir:&#8217; Prof. Dr. Ahmet Y\u0131ld\u0131z <\/p>\n","protected":false},"excerpt":{"rendered":"<p>Sad\u0131k&#8217;\u0131n \u00f6yk\u00fclerinde, daha \u00f6nce hi\u00e7bir metinde rastlamad\u0131\u011f\u0131m t\u00fcrden ba\u015f d\u00f6nd\u00fcren bir h\u0131z, ak\u0131\u015f, y\u0131ld\u0131r\u0131m \u00e7arpmas\u0131na benzeyen ayd\u0131nl\u0131k ve karanl\u0131klar, s\u00fcrekli z\u0131dd\u0131na d\u00f6nen zengin imgeler, i\u00e7 i\u00e7e<span class=\"excerpt-hellip\"> [\u2026]<\/span><\/p>\n","protected":false},"featured_media":0,"template":"","meta":{"_monsterinsights_skip_tracking":false,"_monsterinsights_sitenote_active":false,"_monsterinsights_sitenote_note":"","_monsterinsights_sitenote_category":0},"product_brand":[],"product_cat":[13072,12291],"product_tag":[],"class_list":{"0":"post-767524","1":"product","2":"type-product","3":"status-publish","5":"product_cat-arastirma-inceleme-referans","6":"product_cat-edebiyat","7":"pa_cilt-ciltsiz","8":"pa_tur-kitap","9":"pa_yayinevi-soncag-akademik-kitaplar","10":"pa_yazar-kolektif","12":"first","13":"instock","14":"sale","15":"shipping-taxable","16":"purchasable","17":"product-type-simple"},"_links":{"self":[{"href":"https:\/\/roveyayinevi.com.tr\/index.php\/wp-json\/wp\/v2\/product\/767524","targetHints":{"allow":["GET"]}}],"collection":[{"href":"https:\/\/roveyayinevi.com.tr\/index.php\/wp-json\/wp\/v2\/product"}],"about":[{"href":"https:\/\/roveyayinevi.com.tr\/index.php\/wp-json\/wp\/v2\/types\/product"}],"wp:attachment":[{"href":"https:\/\/roveyayinevi.com.tr\/index.php\/wp-json\/wp\/v2\/media?parent=767524"}],"wp:term":[{"taxonomy":"product_brand","embeddable":true,"href":"https:\/\/roveyayinevi.com.tr\/index.php\/wp-json\/wp\/v2\/product_brand?post=767524"},{"taxonomy":"product_cat","embeddable":true,"href":"https:\/\/roveyayinevi.com.tr\/index.php\/wp-json\/wp\/v2\/product_cat?post=767524"},{"taxonomy":"product_tag","embeddable":true,"href":"https:\/\/roveyayinevi.com.tr\/index.php\/wp-json\/wp\/v2\/product_tag?post=767524"}],"curies":[{"name":"wp","href":"https:\/\/api.w.org\/{rel}","templated":true}]}}