{"id":767523,"date":"2025-08-28T12:50:00","date_gmt":"2025-08-28T09:50:00","guid":{"rendered":"https:\/\/roveyayinevi.com.tr\/index.php\/urun\/ilk-hayvan-atlasim-ciltli\/"},"modified":"2026-04-15T03:33:25","modified_gmt":"2026-04-15T00:33:25","slug":"ilk-hayvan-atlasim-ciltli","status":"publish","type":"product","link":"https:\/\/roveyayinevi.com.tr\/index.php\/urun\/ilk-hayvan-atlasim-ciltli\/","title":{"rendered":"\u0130lk Hayvan Atlas\u0131m (Ciltli)"},"content":{"rendered":"<p>D\u00dcNYANIN ETRAFINDA MACERA DOLU B\u0130R YOLCULU\u011eA \u00c7IKMAYA HAZIR MISIN? Birlikte t\u00fcm k\u0131talar\u0131 ad\u0131m ad\u0131m dola\u015facak ve D\u00dcNYA \u00dcZER\u0130NDEK\u0130 \u0130NANILMAZ HAYVANLARI ke\u015ffedece\u011fiz. Bu kitapta \u0130K\u0130 HAR\u0130KA S\u00dcRPR\u0130Z SEN\u0130 BEKL\u0130YOR: OYNAMAN \u0130\u00c7\u0130N 20 ADET MAKET HAYVAN F\u0130G\u00dcR\u00dc QR KODLARI OKUTARAK \u0130ZLEYEB\u0130LECE\u011e\u0130N 20 VIDEO B\u00f6ylece tan\u0131\u015ft\u0131\u011f\u0131n hayvanlar\u0131 ger\u00e7ek bir k\u00e2\u015fif gibi yak\u0131ndan g\u00f6zlemleyeceksin. <\/p>\n","protected":false},"excerpt":{"rendered":"<p>D\u00dcNYANIN ETRAFINDA MACERA DOLU B\u0130R YOLCULU\u011eA \u00c7IKMAYA HAZIR MISIN? Birlikte t\u00fcm k\u0131talar\u0131 ad\u0131m ad\u0131m dola\u015facak ve D\u00dcNYA \u00dcZER\u0130NDEK\u0130 \u0130NANILMAZ HAYVANLARI ke\u015ffedece\u011fiz. Bu kitapta \u0130K\u0130 HAR\u0130KA S\u00dcRPR\u0130Z<span class=\"excerpt-hellip\"> [\u2026]<\/span><\/p>\n","protected":false},"featured_media":0,"template":"","meta":{"_monsterinsights_skip_tracking":false,"_monsterinsights_sitenote_active":false,"_monsterinsights_sitenote_note":"","_monsterinsights_sitenote_category":0},"product_brand":[],"product_cat":[12274,15842],"product_tag":[],"class_list":{"0":"post-767523","1":"product","2":"type-product","3":"status-publish","5":"product_cat-cocuk-ve-genclik-kitaplari","6":"product_cat-egitici-kitaplar","7":"pa_cilt-ciltli","8":"pa_tur-kitap","9":"pa_yayinevi-bookalemun-yayinevi","10":"pa_yazar-cristina-banfi","12":"first","13":"instock","14":"sale","15":"shipping-taxable","16":"purchasable","17":"product-type-simple"},"_links":{"self":[{"href":"https:\/\/roveyayinevi.com.tr\/index.php\/wp-json\/wp\/v2\/product\/767523","targetHints":{"allow":["GET"]}}],"collection":[{"href":"https:\/\/roveyayinevi.com.tr\/index.php\/wp-json\/wp\/v2\/product"}],"about":[{"href":"https:\/\/roveyayinevi.com.tr\/index.php\/wp-json\/wp\/v2\/types\/product"}],"wp:attachment":[{"href":"https:\/\/roveyayinevi.com.tr\/index.php\/wp-json\/wp\/v2\/media?parent=767523"}],"wp:term":[{"taxonomy":"product_brand","embeddable":true,"href":"https:\/\/roveyayinevi.com.tr\/index.php\/wp-json\/wp\/v2\/product_brand?post=767523"},{"taxonomy":"product_cat","embeddable":true,"href":"https:\/\/roveyayinevi.com.tr\/index.php\/wp-json\/wp\/v2\/product_cat?post=767523"},{"taxonomy":"product_tag","embeddable":true,"href":"https:\/\/roveyayinevi.com.tr\/index.php\/wp-json\/wp\/v2\/product_tag?post=767523"}],"curies":[{"name":"wp","href":"https:\/\/api.w.org\/{rel}","templated":true}]}}