{"id":767516,"date":"2025-08-28T12:49:48","date_gmt":"2025-08-28T09:49:48","guid":{"rendered":"https:\/\/roveyayinevi.com.tr\/index.php\/urun\/baska-kentler-baska-denizler-5\/"},"modified":"2026-04-15T03:33:25","modified_gmt":"2026-04-15T00:33:25","slug":"baska-kentler-baska-denizler-5","status":"publish","type":"product","link":"https:\/\/roveyayinevi.com.tr\/index.php\/urun\/baska-kentler-baska-denizler-5\/","title":{"rendered":"Ba\u015fka Kentler, Ba\u015fka Denizler 5"},"content":{"rendered":"<p>Murat Belge, Ba\u015fka Kentler, Ba\u015fka Denizler ad\u0131n\u0131 ta\u015f\u0131yan seyahatnamesine 5. cildiyle devam ediyor. Okuyucusuyla \u00e7\u0131kt\u0131\u011f\u0131 bu yolculukta Belge \u00f6nce her daim \u00e7alkant\u0131l\u0131 bir ge\u00e7mi\u015fe sahip olan Balkanlar\u2019a, Belgrad ve Bulgaristan\u2019a gidiyor ve ard\u0131ndan tarihi, politikas\u0131, sanat\u0131 ve k\u00fclt\u00fcr\u00fcyle derinlemesine anlatt\u0131\u011f\u0131 Britanya\u2019ya u\u011fruyor, \u0130rlanda\u2019y\u0131 da ihmal etmiyor. Britanya ve \u0130rlanda yolculuklar\u0131ndan sonra d\u00fcmeni G\u00fcney Asya\u2019ya, Hindistan\u2019a k\u0131r\u0131yor. Hindistan\u2019\u0131n tarihini Britanya ile ili\u015fkileri \u00e7er\u00e7evesinde, yollar\u0131yla, yemekleriyle anlat\u0131p denizlere a\u00e7\u0131larak Yunan adalar\u0131na u\u011fruyor. G\u00fcne\u015f, deniz, bal\u0131k ve musikiyle adalar\u0131 dola\u015f\u0131p Hollanda\u2019n\u0131n kanal ve yelde\u011firmenleriyle \u00fcnl\u00fc \u015fehri Leiden\u2019a, oradan da Almanya\u2019ya, Potsdam ve Kiel\u2019e uzan\u0131yor. U\u00e7suz bucaks\u0131z Rusya\u2019y\u0131, bir Sovyetler Birli\u011fi tarih\u00e7esini de sunarak ad\u0131ml\u0131yor ve en sonda da Azerbaycan, Ermenistan ve G\u00fcrcistan pencerelerinden Kafkasya\u2019n\u0131n ini\u015fli-\u00e7\u0131k\u0131\u015fl\u0131 tarihini anlatarak seyahatnamesini sonland\u0131r\u0131yor.<\/p>\n","protected":false},"excerpt":{"rendered":"<p>Murat Belge, Ba\u015fka Kentler, Ba\u015fka Denizler ad\u0131n\u0131 ta\u015f\u0131yan seyahatnamesine 5. cildiyle devam ediyor. Okuyucusuyla \u00e7\u0131kt\u0131\u011f\u0131 bu yolculukta Belge \u00f6nce her daim \u00e7alkant\u0131l\u0131 bir ge\u00e7mi\u015fe sahip olan<span class=\"excerpt-hellip\"> [\u2026]<\/span><\/p>\n","protected":false},"featured_media":0,"template":"","meta":{"_monsterinsights_skip_tracking":false,"_monsterinsights_sitenote_active":false,"_monsterinsights_sitenote_note":"","_monsterinsights_sitenote_category":0},"product_brand":[],"product_cat":[12370,12304],"product_tag":[],"class_list":{"0":"post-767516","1":"product","2":"type-product","3":"status-publish","5":"product_cat-arastirma-inceleme","6":"product_cat-tarih","7":"pa_cilt-ciltsiz","8":"pa_tur-kitap","9":"pa_yayinevi-iletisim-yayinlari","10":"pa_yazar-murat-belge","12":"first","13":"instock","14":"sale","15":"shipping-taxable","16":"purchasable","17":"product-type-simple"},"_links":{"self":[{"href":"https:\/\/roveyayinevi.com.tr\/index.php\/wp-json\/wp\/v2\/product\/767516","targetHints":{"allow":["GET"]}}],"collection":[{"href":"https:\/\/roveyayinevi.com.tr\/index.php\/wp-json\/wp\/v2\/product"}],"about":[{"href":"https:\/\/roveyayinevi.com.tr\/index.php\/wp-json\/wp\/v2\/types\/product"}],"wp:attachment":[{"href":"https:\/\/roveyayinevi.com.tr\/index.php\/wp-json\/wp\/v2\/media?parent=767516"}],"wp:term":[{"taxonomy":"product_brand","embeddable":true,"href":"https:\/\/roveyayinevi.com.tr\/index.php\/wp-json\/wp\/v2\/product_brand?post=767516"},{"taxonomy":"product_cat","embeddable":true,"href":"https:\/\/roveyayinevi.com.tr\/index.php\/wp-json\/wp\/v2\/product_cat?post=767516"},{"taxonomy":"product_tag","embeddable":true,"href":"https:\/\/roveyayinevi.com.tr\/index.php\/wp-json\/wp\/v2\/product_tag?post=767516"}],"curies":[{"name":"wp","href":"https:\/\/api.w.org\/{rel}","templated":true}]}}