{"id":767515,"date":"2025-08-28T12:49:47","date_gmt":"2025-08-28T09:49:47","guid":{"rendered":"https:\/\/roveyayinevi.com.tr\/index.php\/urun\/asperger-sendromu\/"},"modified":"2026-04-15T03:33:25","modified_gmt":"2026-04-15T00:33:25","slug":"asperger-sendromu","status":"publish","type":"product","link":"https:\/\/roveyayinevi.com.tr\/index.php\/urun\/asperger-sendromu\/","title":{"rendered":"Asperger Sendromu"},"content":{"rendered":"<p>Aspergerli bireyler, d\u00fcnyay\u0131 di\u011ferlerinden farkl\u0131 alg\u0131larlar. Genellikle s\u0131radan insanlar\u0131 tuhaf ve anla\u015f\u0131lmaz, sosyal ili\u015fkileri zor ve karma\u015f\u0131k bulurlar. Onlara g\u00f6re g\u00fcndelik hayat h\u0131zl\u0131 ve fazlas\u0131yla de\u011fi\u015fkendir. Bu ki\u015filer y\u00fcksek zek\u00e2lar\u0131yla ve yarat\u0131c\u0131l\u0131klar\u0131yla dikkat \u00e7ekseler de, \u00e7o\u011funlukla geleneksel d\u00fc\u015f\u00fcnme, hissetme ve davran\u0131\u015f kal\u0131plar\u0131na uyum sa\u011flamakta zorlan\u0131rlar. Asperger sendromu, yak\u0131n zamana kadar az bilinen ve az g\u00f6r\u00fclen bir geli\u015fimsel bozuklukken bug\u00fcn neredeyse her okulda bu sendroma sahip bir \u00e7ocu\u011fa rastlamak m\u00fcmk\u00fcn. Bu \u00e7ocuklar\u0131n evde, okulda, arkada\u015f ortam\u0131nda sa\u011fl\u0131kl\u0131 ili\u015fkiler kurmalar\u0131 ve ba\u015far\u0131l\u0131 olmalar\u0131 i\u00e7in desteklenmeleri elzem. Peki Asperger tan\u0131s\u0131 nas\u0131l konur, bu konuda aileye ve \u00f6\u011fretmenlere nas\u0131l bir g\u00f6rev d\u00fc\u015fer? Sendromun g\u00f6r\u00fcld\u00fc\u011f\u00fc \u00e7ocuklarda dil kullan\u0131m\u0131 nas\u0131l bir \u00f6zellik g\u00f6sterir? Bili\u015fsel alan ve motor beceri geli\u015fimi nas\u0131l etkilenir? Sosyal davran\u0131\u015f\u0131 belirleyen beceri eksikli\u011fini gidermek i\u00e7in ne yap\u0131labilir? Zorlay\u0131c\u0131 deneyimlere sebep olan duyusal hassasiyetle nas\u0131l m\u00fccadele edilir? En s\u0131k g\u00f6r\u00fclen belirtiler hangi pratik stratejilerle hafifletilebilir? Aspergerli ki\u015filerin ba\u011f\u0131ms\u0131z bir yeti\u015fkin hayat\u0131 s\u00fcrmeleri m\u00fcmk\u00fcn m\u00fcd\u00fcr ve bu y\u00f6nde at\u0131lacak ad\u0131mlar ne olabilir? Asperger sendromu alan\u0131nda \u00f6nc\u00fc ara\u015ft\u0131rmalara imza atan, uzun y\u0131llar bu durumdan etkilenen \u00e7ocuk ve yeti\u015fkinlerle klinik \u00e7al\u0131\u015fmalar y\u00fcr\u00fcten psikolog Tony Attwood, bu kitapta Aspergerli ki\u015filere \u00f6zg\u00fc s\u0131rad\u0131\u015f\u0131 \u00f6zellikleri tan\u0131mlay\u0131p analiz ederek ortaya kapsaml\u0131 bir rehber \u00e7\u0131kar\u0131yor. Asperger sendromundan etkilenen bireyler, anne babalar, e\u011fitimciler ve ruh sa\u011fl\u0131\u011f\u0131 alan\u0131nda \u00e7al\u0131\u015fan profesyonellerin k\u00fct\u00fcphanesinde bulunmas\u0131 gereken temel bir kaynak.<\/p>\n","protected":false},"excerpt":{"rendered":"<p>Aspergerli bireyler, d\u00fcnyay\u0131 di\u011ferlerinden farkl\u0131 alg\u0131larlar. Genellikle s\u0131radan insanlar\u0131 tuhaf ve anla\u015f\u0131lmaz, sosyal ili\u015fkileri zor ve karma\u015f\u0131k bulurlar. Onlara g\u00f6re g\u00fcndelik hayat h\u0131zl\u0131 ve fazlas\u0131yla de\u011fi\u015fkendir.<span class=\"excerpt-hellip\"> [\u2026]<\/span><\/p>\n","protected":false},"featured_media":0,"template":"","meta":{"_monsterinsights_skip_tracking":false,"_monsterinsights_sitenote_active":false,"_monsterinsights_sitenote_note":"","_monsterinsights_sitenote_category":0},"product_brand":[],"product_cat":[12357],"product_tag":[],"class_list":{"0":"post-767515","1":"product","2":"type-product","3":"status-publish","5":"product_cat-psikoloji","6":"pa_cilt-ciltsiz","7":"pa_tur-kitap","8":"pa_yayinevi-iletisim-yayinlari","9":"pa_yazar-tony-attwood","11":"first","12":"instock","13":"sale","14":"shipping-taxable","15":"purchasable","16":"product-type-simple"},"_links":{"self":[{"href":"https:\/\/roveyayinevi.com.tr\/index.php\/wp-json\/wp\/v2\/product\/767515","targetHints":{"allow":["GET"]}}],"collection":[{"href":"https:\/\/roveyayinevi.com.tr\/index.php\/wp-json\/wp\/v2\/product"}],"about":[{"href":"https:\/\/roveyayinevi.com.tr\/index.php\/wp-json\/wp\/v2\/types\/product"}],"wp:attachment":[{"href":"https:\/\/roveyayinevi.com.tr\/index.php\/wp-json\/wp\/v2\/media?parent=767515"}],"wp:term":[{"taxonomy":"product_brand","embeddable":true,"href":"https:\/\/roveyayinevi.com.tr\/index.php\/wp-json\/wp\/v2\/product_brand?post=767515"},{"taxonomy":"product_cat","embeddable":true,"href":"https:\/\/roveyayinevi.com.tr\/index.php\/wp-json\/wp\/v2\/product_cat?post=767515"},{"taxonomy":"product_tag","embeddable":true,"href":"https:\/\/roveyayinevi.com.tr\/index.php\/wp-json\/wp\/v2\/product_tag?post=767515"}],"curies":[{"name":"wp","href":"https:\/\/api.w.org\/{rel}","templated":true}]}}