{"id":767513,"date":"2025-08-28T12:49:44","date_gmt":"2025-08-28T09:49:44","guid":{"rendered":"https:\/\/roveyayinevi.com.tr\/index.php\/urun\/kemalizmin-mabedi\/"},"modified":"2026-04-15T03:33:25","modified_gmt":"2026-04-15T00:33:25","slug":"kemalizmin-mabedi","status":"publish","type":"product","link":"https:\/\/roveyayinevi.com.tr\/index.php\/urun\/kemalizmin-mabedi\/","title":{"rendered":"Kemalizmin Mabedi"},"content":{"rendered":"<p>\u201cSonu\u00e7ta Halkevleri yeteri kadar olmasa da \u00e7al\u0131\u015f\u0131yordu ve bu haliyle bile s\u0131radan ta\u015fra hayat\u0131na bir de\u011fi\u015fiklik katm\u0131\u015ft\u0131. Ancak mevcut \u00e7al\u0131\u015fmalar\u0131 itibar\u0131yla Halkevleri; akademik ara\u015ft\u0131rmalar yapan birer enstit\u00fc, halk\u0131 \u00fccretsiz muayene eden birer poliklinik; birer dershane, tiyatro veya konser salonuydu. Kurslar veya e\u011flenceli etkinlikler i\u00e7in insanlar Ev\u2019e geliyor, sonra da gidiyordu. Evler hen\u00fcz insanlar\u0131n birlikte vakit ge\u00e7irdi\u011fi, \u2018bir d\u00fc\u015f\u00fcn\u00fcr, bir duyar bir k\u00fctle\u2019 haline geldi\u011fi bir kamusal alan olmaktan \u00e7ok uzakt\u0131.\u201d Bir resm\u00ee raporda (1935), \u201c\u0130sl\u00e2m\u2019\u0131n camisi, H\u0131ristiyan\u2019\u0131n kilisesi oldu\u011fu gibi Kemalist mezhebinin de Halkevleri bence birer m\u00e2bedidir\u201d denmi\u015fti. Halkevleri, T\u00fcrkiye\u2019de tek parti d\u00f6neminde ink\u0131l\u00e2p rejiminin \u201chalk terbiyesi\u201d kurumu olarak kurulmu\u015f, g\u00fcndelik hayat\u0131n her alan\u0131na m\u00fcdahale etmeyi ama\u00e7lam\u0131\u015ft\u0131. Murat Can Kabag\u00f6z, Kemalizmin M\u00e2bedi\u2019nde, Halkevlerinin ta\u015fradaki ger\u00e7ekli\u011finin manzaralar\u0131n\u0131 sunuyor. Halkevleri mek\u00e2nlar\u0131n\u0131, e\u011fitsel i\u015flerden e\u011flenceye, m\u00fczi\u011fe, spora uzanan geni\u015f faaliyet yelpazesini, ayd\u0131nlarla ilgili \u00e7eli\u015fkileri, memur-halk ili\u015fkilerini analiz ediyor. Erken Cumhuriyet d\u00f6nemi toplumsal ger\u00e7ekli\u011finin, g\u00fcndelik hayat\u0131n\u0131n son derece ayr\u0131nt\u0131l\u0131, canl\u0131 bir manzaras\u0131&#8230;<\/p>\n","protected":false},"excerpt":{"rendered":"<p>\u201cSonu\u00e7ta Halkevleri yeteri kadar olmasa da \u00e7al\u0131\u015f\u0131yordu ve bu haliyle bile s\u0131radan ta\u015fra hayat\u0131na bir de\u011fi\u015fiklik katm\u0131\u015ft\u0131. Ancak mevcut \u00e7al\u0131\u015fmalar\u0131 itibar\u0131yla Halkevleri; akademik ara\u015ft\u0131rmalar yapan birer<span class=\"excerpt-hellip\"> [\u2026]<\/span><\/p>\n","protected":false},"featured_media":0,"template":"","meta":{"_monsterinsights_skip_tracking":false,"_monsterinsights_sitenote_active":false,"_monsterinsights_sitenote_note":"","_monsterinsights_sitenote_category":0},"product_brand":[],"product_cat":[12370,12304],"product_tag":[],"class_list":{"0":"post-767513","1":"product","2":"type-product","3":"status-publish","5":"product_cat-arastirma-inceleme","6":"product_cat-tarih","7":"pa_cilt-ciltsiz","8":"pa_tur-kitap","9":"pa_yayinevi-iletisim-yayinlari","10":"pa_yazar-murat-can-kabagoz","12":"first","13":"instock","14":"sale","15":"shipping-taxable","16":"purchasable","17":"product-type-simple"},"_links":{"self":[{"href":"https:\/\/roveyayinevi.com.tr\/index.php\/wp-json\/wp\/v2\/product\/767513","targetHints":{"allow":["GET"]}}],"collection":[{"href":"https:\/\/roveyayinevi.com.tr\/index.php\/wp-json\/wp\/v2\/product"}],"about":[{"href":"https:\/\/roveyayinevi.com.tr\/index.php\/wp-json\/wp\/v2\/types\/product"}],"wp:attachment":[{"href":"https:\/\/roveyayinevi.com.tr\/index.php\/wp-json\/wp\/v2\/media?parent=767513"}],"wp:term":[{"taxonomy":"product_brand","embeddable":true,"href":"https:\/\/roveyayinevi.com.tr\/index.php\/wp-json\/wp\/v2\/product_brand?post=767513"},{"taxonomy":"product_cat","embeddable":true,"href":"https:\/\/roveyayinevi.com.tr\/index.php\/wp-json\/wp\/v2\/product_cat?post=767513"},{"taxonomy":"product_tag","embeddable":true,"href":"https:\/\/roveyayinevi.com.tr\/index.php\/wp-json\/wp\/v2\/product_tag?post=767513"}],"curies":[{"name":"wp","href":"https:\/\/api.w.org\/{rel}","templated":true}]}}