{"id":767510,"date":"2025-08-28T12:49:39","date_gmt":"2025-08-28T09:49:39","guid":{"rendered":"https:\/\/roveyayinevi.com.tr\/index.php\/urun\/tablolarla-almanca-gramer\/"},"modified":"2026-04-15T03:33:25","modified_gmt":"2026-04-15T00:33:25","slug":"tablolarla-almanca-gramer","status":"publish","type":"product","link":"https:\/\/roveyayinevi.com.tr\/index.php\/urun\/tablolarla-almanca-gramer\/","title":{"rendered":"Tablolarla Almanca Gramer"},"content":{"rendered":"<p>Elinizdeki kitap, Almancadaki b\u00fct\u00fcn gramer konular\u0131n\u0131 ve temel kurallar\u0131 k\u0131sa ve \u00f6z bir bi\u00e7imde tablolar halinde vermektedir. Bu nedenle Almanca \u00f6\u011frenen ya da \u00f6\u011freten ki\u015fi konulara daha h\u0131zl\u0131 ve kolay bir bi\u00e7imde ula\u015facakt\u0131r. \u00d6rne\u011fin \u00e7ekimler, zamanlar, Aktiv, Passiv c\u00fcmleler, Pr\u00e4position\u2019lar, ba\u011fla\u00e7lar vs. B\u00f6ylece kitapta ge\u00e7en temel konular tablolar \u015feklinde T\u00fcrk\u00e7eleriyle birlikte bir arada verilmektedir. Bilindi\u011fi gibi bir \u015feyin tablolar halinde verilmesi bilgiye k\u0131sa s\u00fcrede ve daha kolay ula\u015fmay\u0131 sa\u011flamakta, \u00f6\u011frenmeyi olduk\u00e7a kolayla\u015ft\u0131rmakta, daha kal\u0131c\u0131 olmas\u0131n\u0131 sa\u011flamakta ve h\u0131zland\u0131rmaktad\u0131r. Konular\u0131n tablolar halinde verilmesi a\u00e7\u0131s\u0131ndan ilk ve tek kitap niteli\u011findedir.Konu ve i\u00e7erikler belli bir s\u0131raya g\u00f6re d\u00fczenlenmi\u015f, \u00f6ncelik, sonral\u0131k s\u0131ras\u0131na g\u00f6re basitten zora do\u011fru ele al\u0131n\u0131r. Bu kitaptan, ortaokul ve liseden itibaren Almanca \u00f6\u011frenmek ve \u00f6\u011fretmek isteyen herkes yararlanabilir. \u00d6zellikle YDS, LYS, GOETHE ZERT\u0130F\u0130KAT, TestDaF, TELC, ELC, \u00d6SD ve DSH gibi yabanc\u0131 dil s\u0131navlar\u0131 ba\u015fta olmak \u00fczere, di\u011fer Almanca s\u0131navlar\u0131na giren b\u00fct\u00fcn adaylar, ortaokul, lise ve haz\u0131rl\u0131k s\u0131n\u0131f\u0131 \u00f6\u011frencileri, Almancayla ilgili b\u00f6l\u00fcmlerde \u00f6\u011frenim g\u00f6ren \u00f6\u011frenciler, ders veren \u00f6\u011fretmenler, \u00e7evirmenler, kendi kendine Almanca \u00f6\u011frenmek isteyen merakl\u0131lar ile bilgilerini derinle\u015ftirmek isteyen herkes bu kitaptan yararlanabilir. <\/p>\n","protected":false},"excerpt":{"rendered":"<p>Elinizdeki kitap, Almancadaki b\u00fct\u00fcn gramer konular\u0131n\u0131 ve temel kurallar\u0131 k\u0131sa ve \u00f6z bir bi\u00e7imde tablolar halinde vermektedir. Bu nedenle Almanca \u00f6\u011frenen ya da \u00f6\u011freten ki\u015fi konulara<span class=\"excerpt-hellip\"> [\u2026]<\/span><\/p>\n","protected":false},"featured_media":0,"template":"","meta":{"_monsterinsights_skip_tracking":false,"_monsterinsights_sitenote_active":false,"_monsterinsights_sitenote_note":"","_monsterinsights_sitenote_category":0},"product_brand":[],"product_cat":[26111,14597,12566],"product_tag":[],"class_list":{"0":"post-767510","1":"product","2":"type-product","3":"status-publish","5":"product_cat-almanca","6":"product_cat-dil-ogrenimi","7":"product_cat-egitim","8":"pa_cilt-ciltsiz","9":"pa_tur-kitap","10":"pa_yayinevi-nika-yayinevi","11":"pa_yazar-dursun-zengin","13":"first","14":"instock","15":"sale","16":"shipping-taxable","17":"purchasable","18":"product-type-simple"},"_links":{"self":[{"href":"https:\/\/roveyayinevi.com.tr\/index.php\/wp-json\/wp\/v2\/product\/767510","targetHints":{"allow":["GET"]}}],"collection":[{"href":"https:\/\/roveyayinevi.com.tr\/index.php\/wp-json\/wp\/v2\/product"}],"about":[{"href":"https:\/\/roveyayinevi.com.tr\/index.php\/wp-json\/wp\/v2\/types\/product"}],"wp:attachment":[{"href":"https:\/\/roveyayinevi.com.tr\/index.php\/wp-json\/wp\/v2\/media?parent=767510"}],"wp:term":[{"taxonomy":"product_brand","embeddable":true,"href":"https:\/\/roveyayinevi.com.tr\/index.php\/wp-json\/wp\/v2\/product_brand?post=767510"},{"taxonomy":"product_cat","embeddable":true,"href":"https:\/\/roveyayinevi.com.tr\/index.php\/wp-json\/wp\/v2\/product_cat?post=767510"},{"taxonomy":"product_tag","embeddable":true,"href":"https:\/\/roveyayinevi.com.tr\/index.php\/wp-json\/wp\/v2\/product_tag?post=767510"}],"curies":[{"name":"wp","href":"https:\/\/api.w.org\/{rel}","templated":true}]}}