{"id":767509,"date":"2025-08-28T12:49:38","date_gmt":"2025-08-28T09:49:38","guid":{"rendered":"https:\/\/roveyayinevi.com.tr\/index.php\/urun\/sofia-coppola\/"},"modified":"2026-04-15T03:33:25","modified_gmt":"2026-04-15T00:33:25","slug":"sofia-coppola","status":"publish","type":"product","link":"https:\/\/roveyayinevi.com.tr\/index.php\/urun\/sofia-coppola\/","title":{"rendered":"Sofia Coppola"},"content":{"rendered":"<p>&#8220;Lost in Translation&#8221;, &#8220;The Virgin Suicides&#8221; ve &#8220;Priscilla&#8221; gibi filmlerin y\u00f6netmeni Sofia Coppola&#8217;yla yap\u0131lan bu s\u00f6yle\u015filer kitab\u0131nda y\u00f6netmenin sinemaya bak\u0131\u015f\u0131yla tan\u0131\u015facak, babas\u0131 ve erkek kuzenleriyle sar\u0131l\u0131 sinema d\u00fcnyas\u0131nda nas\u0131l bir &#8216;kad\u0131n sinemac\u0131&#8217; oldu\u011funun hikayesini okuyacaks\u0131n\u0131z&#8230; <\/p>\n","protected":false},"excerpt":{"rendered":"<p>&#8220;Lost in Translation&#8221;, &#8220;The Virgin Suicides&#8221; ve &#8220;Priscilla&#8221; gibi filmlerin y\u00f6netmeni Sofia Coppola&#8217;yla yap\u0131lan bu s\u00f6yle\u015filer kitab\u0131nda y\u00f6netmenin sinemaya bak\u0131\u015f\u0131yla tan\u0131\u015facak, babas\u0131 ve erkek kuzenleriyle sar\u0131l\u0131<span class=\"excerpt-hellip\"> [\u2026]<\/span><\/p>\n","protected":false},"featured_media":0,"template":"","meta":{"_monsterinsights_skip_tracking":false,"_monsterinsights_sitenote_active":false,"_monsterinsights_sitenote_note":"","_monsterinsights_sitenote_category":0},"product_brand":[],"product_cat":[12409,12408],"product_tag":[],"class_list":{"0":"post-767509","1":"product","2":"type-product","3":"status-publish","5":"product_cat-fotograf-sinema-tiyatro","6":"product_cat-sanat","7":"pa_cilt-ciltsiz","8":"pa_tur-kitap","9":"pa_yayinevi-agora-kitapligi","10":"pa_yazar-amy-n-monaghan","12":"first","13":"instock","14":"sale","15":"shipping-taxable","16":"purchasable","17":"product-type-simple"},"_links":{"self":[{"href":"https:\/\/roveyayinevi.com.tr\/index.php\/wp-json\/wp\/v2\/product\/767509","targetHints":{"allow":["GET"]}}],"collection":[{"href":"https:\/\/roveyayinevi.com.tr\/index.php\/wp-json\/wp\/v2\/product"}],"about":[{"href":"https:\/\/roveyayinevi.com.tr\/index.php\/wp-json\/wp\/v2\/types\/product"}],"wp:attachment":[{"href":"https:\/\/roveyayinevi.com.tr\/index.php\/wp-json\/wp\/v2\/media?parent=767509"}],"wp:term":[{"taxonomy":"product_brand","embeddable":true,"href":"https:\/\/roveyayinevi.com.tr\/index.php\/wp-json\/wp\/v2\/product_brand?post=767509"},{"taxonomy":"product_cat","embeddable":true,"href":"https:\/\/roveyayinevi.com.tr\/index.php\/wp-json\/wp\/v2\/product_cat?post=767509"},{"taxonomy":"product_tag","embeddable":true,"href":"https:\/\/roveyayinevi.com.tr\/index.php\/wp-json\/wp\/v2\/product_tag?post=767509"}],"curies":[{"name":"wp","href":"https:\/\/api.w.org\/{rel}","templated":true}]}}