{"id":767508,"date":"2025-08-28T12:49:37","date_gmt":"2025-08-28T09:49:37","guid":{"rendered":"https:\/\/roveyayinevi.com.tr\/index.php\/urun\/gec-donem-osmanli-imparatorlugunda-ermeniler-ve-kurtler\/"},"modified":"2026-04-13T03:29:31","modified_gmt":"2026-04-13T00:29:31","slug":"gec-donem-osmanli-imparatorlugunda-ermeniler-ve-kurtler","status":"publish","type":"product","link":"https:\/\/roveyayinevi.com.tr\/index.php\/urun\/gec-donem-osmanli-imparatorlugunda-ermeniler-ve-kurtler\/","title":{"rendered":"Ge\u00e7 D\u00f6nem Osmanl\u0131 \u0130mparatorlu\u011fu\u2019nda Ermeniler ve K\u00fcrtler"},"content":{"rendered":"<p>\u00dcmit Kurt ve Ara Sarafian\u2019\u0131n edit\u00f6rl\u00fc\u011f\u00fcnde Owen Miller, Emre Can Da\u011fl\u0131o\u011flu, \u00dcmit Kurt, Nilay \u00d6zok-G\u00fcndo\u011fan ve Varak Ketsemanian\u2019a ait be\u015f makaleden olu\u015fan bu kitap, ge\u00e7 d\u00f6nem Osmanl\u0131 \u0130mparatorlu\u011fu\u2019nda ta\u015fradaki Ermeni ve K\u00fcrt toplumlar\u0131n\u0131n hem birbirleriyle hem merkezi h\u00fck\u00fcmetle olan ili\u015fkilerini hem de kendi i\u00e7 siyasetlerini ele al\u0131yor. Miller, Kurt ve Da\u011fl\u0131o\u011flu\u2019na ait \u00fc\u00e7 makale 1895-1896 Hamidiye katliamlar\u0131 s\u0131ras\u0131nda Kilikya, Antep ve Van civar\u0131nda olup bitenleri ele al\u0131rken kolektif \u015fiddetin patlak vermesinin sosyopolitik nedenlerini retrospektif bir bak\u0131\u015fla tespit etmeyi ama\u00e7l\u0131yor. \u00d6zok-G\u00fcndo\u011fan ve Ketsemanian\u2019a ait di\u011fer iki makale ise ilgili literat\u00fcr\u00fcn bir ele\u015ftirisini yaparak ve d\u00f6nemin tarihyaz\u0131mc\u0131l\u0131\u011f\u0131nda \u015fimdiye kadar ihmal edilmi\u015f hususlar\u0131n alt\u0131n\u0131 \u00e7izerek Osmanl\u0131, Ermeni ve K\u00fcrt tarihleri yaz\u0131l\u0131rken olgularla daha tutarl\u0131 ve daha kapsay\u0131c\u0131 bir tarihyaz\u0131mc\u0131l\u0131\u011f\u0131n\u0131n hayata ge\u00e7irilmesinin yol ve olanaklar\u0131n\u0131 tart\u0131\u015f\u0131yor. <\/p>\n","protected":false},"excerpt":{"rendered":"<p>\u00dcmit Kurt ve Ara Sarafian\u2019\u0131n edit\u00f6rl\u00fc\u011f\u00fcnde Owen Miller, Emre Can Da\u011fl\u0131o\u011flu, \u00dcmit Kurt, Nilay \u00d6zok-G\u00fcndo\u011fan ve Varak Ketsemanian\u2019a ait be\u015f makaleden olu\u015fan bu kitap, ge\u00e7 d\u00f6nem<span class=\"excerpt-hellip\"> [\u2026]<\/span><\/p>\n","protected":false},"featured_media":0,"template":"","meta":{"_monsterinsights_skip_tracking":false,"_monsterinsights_sitenote_active":false,"_monsterinsights_sitenote_note":"","_monsterinsights_sitenote_category":0},"product_brand":[],"product_cat":[13517,12304],"product_tag":[],"class_list":{"0":"post-767508","1":"product","2":"type-product","3":"status-publish","5":"product_cat-osmanli-tarihi","6":"product_cat-tarih","7":"pa_cilt-ciltsiz","8":"pa_tur-kitap","9":"pa_yayinevi-aras-yayinlari","10":"pa_yazar-umit-kurt-ara-sarafian","12":"first","13":"instock","14":"sale","15":"shipping-taxable","16":"purchasable","17":"product-type-simple"},"_links":{"self":[{"href":"https:\/\/roveyayinevi.com.tr\/index.php\/wp-json\/wp\/v2\/product\/767508","targetHints":{"allow":["GET"]}}],"collection":[{"href":"https:\/\/roveyayinevi.com.tr\/index.php\/wp-json\/wp\/v2\/product"}],"about":[{"href":"https:\/\/roveyayinevi.com.tr\/index.php\/wp-json\/wp\/v2\/types\/product"}],"wp:attachment":[{"href":"https:\/\/roveyayinevi.com.tr\/index.php\/wp-json\/wp\/v2\/media?parent=767508"}],"wp:term":[{"taxonomy":"product_brand","embeddable":true,"href":"https:\/\/roveyayinevi.com.tr\/index.php\/wp-json\/wp\/v2\/product_brand?post=767508"},{"taxonomy":"product_cat","embeddable":true,"href":"https:\/\/roveyayinevi.com.tr\/index.php\/wp-json\/wp\/v2\/product_cat?post=767508"},{"taxonomy":"product_tag","embeddable":true,"href":"https:\/\/roveyayinevi.com.tr\/index.php\/wp-json\/wp\/v2\/product_tag?post=767508"}],"curies":[{"name":"wp","href":"https:\/\/api.w.org\/{rel}","templated":true}]}}