{"id":767507,"date":"2025-08-28T12:49:36","date_gmt":"2025-08-28T09:49:36","guid":{"rendered":"https:\/\/roveyayinevi.com.tr\/index.php\/urun\/otizm-kapiyi-calinca\/"},"modified":"2025-11-21T11:14:26","modified_gmt":"2025-11-21T08:14:26","slug":"otizm-kapiyi-calinca","status":"publish","type":"product","link":"https:\/\/roveyayinevi.com.tr\/index.php\/urun\/otizm-kapiyi-calinca\/","title":{"rendered":"Otizm Kap\u0131y\u0131 \u00c7al\u0131nca"},"content":{"rendered":"<p>\u00d6zlem Y. U\u00e7ak \u00d6zlem bu kitab\u0131nda kendi deneyiminden yola \u00e7\u0131karak otizmle tan\u0131\u015fmalar\u0131n\u0131, ya\u015fad\u0131k\u00e7a ve m\u00fccadele ettik\u00e7e otizmi ve otizmli bireyle nas\u0131l ili\u015fki kurulup, hayat\u0131n d\u0131\u015f\u0131na d\u00fc\u015fmeden bir \u00f6\u011frenme s\u00fcrecine girdiklerini anlat\u0131yor&#8230; <\/p>\n","protected":false},"excerpt":{"rendered":"<p>\u00d6zlem Y. U\u00e7ak \u00d6zlem bu kitab\u0131nda kendi deneyiminden yola \u00e7\u0131karak otizmle tan\u0131\u015fmalar\u0131n\u0131, ya\u015fad\u0131k\u00e7a ve m\u00fccadele ettik\u00e7e otizmi ve otizmli bireyle nas\u0131l ili\u015fki kurulup, hayat\u0131n d\u0131\u015f\u0131na d\u00fc\u015fmeden<span class=\"excerpt-hellip\"> [\u2026]<\/span><\/p>\n","protected":false},"featured_media":0,"template":"","meta":{"_monsterinsights_skip_tracking":false,"_monsterinsights_sitenote_active":false,"_monsterinsights_sitenote_note":"","_monsterinsights_sitenote_category":0},"product_brand":[],"product_cat":[12831,12324],"product_tag":[],"class_list":{"0":"post-767507","1":"product","2":"type-product","3":"status-publish","5":"product_cat-aile-ve-cocuk","6":"product_cat-sosyoloji","7":"pa_cilt-ciltsiz","8":"pa_tur-kitap","9":"pa_yayinevi-aura-kitaplari","10":"pa_yazar-ozlem-y-ucak","12":"first","13":"instock","14":"sale","15":"shipping-taxable","16":"purchasable","17":"product-type-simple"},"_links":{"self":[{"href":"https:\/\/roveyayinevi.com.tr\/index.php\/wp-json\/wp\/v2\/product\/767507","targetHints":{"allow":["GET"]}}],"collection":[{"href":"https:\/\/roveyayinevi.com.tr\/index.php\/wp-json\/wp\/v2\/product"}],"about":[{"href":"https:\/\/roveyayinevi.com.tr\/index.php\/wp-json\/wp\/v2\/types\/product"}],"wp:attachment":[{"href":"https:\/\/roveyayinevi.com.tr\/index.php\/wp-json\/wp\/v2\/media?parent=767507"}],"wp:term":[{"taxonomy":"product_brand","embeddable":true,"href":"https:\/\/roveyayinevi.com.tr\/index.php\/wp-json\/wp\/v2\/product_brand?post=767507"},{"taxonomy":"product_cat","embeddable":true,"href":"https:\/\/roveyayinevi.com.tr\/index.php\/wp-json\/wp\/v2\/product_cat?post=767507"},{"taxonomy":"product_tag","embeddable":true,"href":"https:\/\/roveyayinevi.com.tr\/index.php\/wp-json\/wp\/v2\/product_tag?post=767507"}],"curies":[{"name":"wp","href":"https:\/\/api.w.org\/{rel}","templated":true}]}}