{"id":767506,"date":"2025-08-28T12:49:34","date_gmt":"2025-08-28T09:49:34","guid":{"rendered":"https:\/\/roveyayinevi.com.tr\/index.php\/urun\/kertenkelelerden-insanlara-davranissal-organizasyon\/"},"modified":"2026-04-15T03:33:25","modified_gmt":"2026-04-15T00:33:25","slug":"kertenkelelerden-insanlara-davranissal-organizasyon","status":"publish","type":"product","link":"https:\/\/roveyayinevi.com.tr\/index.php\/urun\/kertenkelelerden-insanlara-davranissal-organizasyon\/","title":{"rendered":"Kertenkelelerden \u0130nsanlara Davran\u0131\u015fsal Organizasyon"},"content":{"rendered":"<p>\u00d6nde gelen geli\u015fim psikolo\u011fu, insan psikolojik eylemlili\u011fine evrimsel bir yol \u00f6neriyor. Do\u011fa, kar\u015f\u0131la\u015fabilecekleri her t\u00fcrl\u00fc olas\u0131l\u0131\u011fa biyolojik olarak haz\u0131rl\u0131kl\u0131 organizmalar in\u015fa edemez. Bunun yerine, Do\u011fa, hedefleri takip eden, mevcut durumda bu hedeflere en iyi nas\u0131l ula\u015f\u0131laca\u011f\u0131 konusunda bilin\u00e7li davran\u0131\u015fsal kararlar veren ve daha sonra etkinlik i\u00e7in davran\u0131\u015fsal icray\u0131 izleyen geribildirim kontrol sistemleri olarak i\u015flev g\u00f6recek baz\u0131 organizmalar olu\u015fturur. Do\u011fa psikolojik akt\u00f6rler olu\u015fturur. Cesur, yeni bir teorik \u00f6neride, Michael Tomasello, insana giden evrimsel yolda ortaya \u00e7\u0131kan ana psikolojik eylemlilik bi\u00e7imlerinin bir tipolojisini ileri s\u00fcr\u00fcyor. Tomasello d\u00f6rt ana psikolojik eylemlilik t\u00fcr\u00fcn\u00fc ana hatlar\u0131yla belirtiyor ve bunlar\u0131 evrimsel ortaya \u00e7\u0131kma s\u0131ras\u0131na g\u00f6re tasvir ediyor. \u0130lki, kadim omurgal\u0131lar\u0131n hedef y\u00f6nelimli eylemlili\u011fidir, sonra kadim memelilerin niyetli eylemlili\u011fi geldi, ard\u0131ndan kadim b\u00fcy\u00fck maymunlar\u0131n rasyonel eylemlili\u011fi geldi ve nihayet kadim insanlar\u0131n sosyal olarak normatif eylemlili\u011finde sona erdi. Her yeni psikolojik organizasyon bi\u00e7imi, davran\u0131\u015f\u0131n planlanmas\u0131, karar verme ve icra kontrol\u00fcnde artan karma\u015f\u0131kl\u0131\u011f\u0131 temsil ediyordu. Her biri ayn\u0131 zamanda \u00e7evrenin ve baz\u0131 durumlarda organizman\u0131n kendi psikolojik i\u015fleyi\u015finin yeni deneyim t\u00fcrlerine yol a\u00e7t\u0131 ve sonu\u00e7ta insanlar\u0131n t\u00fcm d\u00fc\u015f\u00fcncelerini ve eylemlerini y\u00f6neten nesnel ve normatif bir d\u00fcnya deneyimi ortaya \u00e7\u0131kt\u0131. Bu \u00f6neriler birlikte, evrimsel psikolojideki mevcut yakla\u015f\u0131mlar\u0131 hem geni\u015fleten hem de derinle\u015ftiren yeni bir teorik \u00e7er\u00e7eve olu\u015fturuyor. <\/p>\n","protected":false},"excerpt":{"rendered":"<p>\u00d6nde gelen geli\u015fim psikolo\u011fu, insan psikolojik eylemlili\u011fine evrimsel bir yol \u00f6neriyor. Do\u011fa, kar\u015f\u0131la\u015fabilecekleri her t\u00fcrl\u00fc olas\u0131l\u0131\u011fa biyolojik olarak haz\u0131rl\u0131kl\u0131 organizmalar in\u015fa edemez. Bunun yerine, Do\u011fa, hedefleri<span class=\"excerpt-hellip\"> [\u2026]<\/span><\/p>\n","protected":false},"featured_media":0,"template":"","meta":{"_monsterinsights_skip_tracking":false,"_monsterinsights_sitenote_active":false,"_monsterinsights_sitenote_note":"","_monsterinsights_sitenote_category":0},"product_brand":[],"product_cat":[12357],"product_tag":[],"class_list":{"0":"post-767506","1":"product","2":"type-product","3":"status-publish","5":"product_cat-psikoloji","6":"pa_cilt-ciltsiz","7":"pa_tur-kitap","8":"pa_yayinevi-optimist-yayin-dagitim","9":"pa_yazar-michael-tomasello","11":"first","12":"instock","13":"sale","14":"shipping-taxable","15":"purchasable","16":"product-type-simple"},"_links":{"self":[{"href":"https:\/\/roveyayinevi.com.tr\/index.php\/wp-json\/wp\/v2\/product\/767506","targetHints":{"allow":["GET"]}}],"collection":[{"href":"https:\/\/roveyayinevi.com.tr\/index.php\/wp-json\/wp\/v2\/product"}],"about":[{"href":"https:\/\/roveyayinevi.com.tr\/index.php\/wp-json\/wp\/v2\/types\/product"}],"wp:attachment":[{"href":"https:\/\/roveyayinevi.com.tr\/index.php\/wp-json\/wp\/v2\/media?parent=767506"}],"wp:term":[{"taxonomy":"product_brand","embeddable":true,"href":"https:\/\/roveyayinevi.com.tr\/index.php\/wp-json\/wp\/v2\/product_brand?post=767506"},{"taxonomy":"product_cat","embeddable":true,"href":"https:\/\/roveyayinevi.com.tr\/index.php\/wp-json\/wp\/v2\/product_cat?post=767506"},{"taxonomy":"product_tag","embeddable":true,"href":"https:\/\/roveyayinevi.com.tr\/index.php\/wp-json\/wp\/v2\/product_tag?post=767506"}],"curies":[{"name":"wp","href":"https:\/\/api.w.org\/{rel}","templated":true}]}}