{"id":767505,"date":"2025-08-28T12:49:32","date_gmt":"2025-08-28T09:49:32","guid":{"rendered":"https:\/\/roveyayinevi.com.tr\/index.php\/urun\/ela-rosa\/"},"modified":"2026-04-15T03:33:25","modified_gmt":"2026-04-15T00:33:25","slug":"ela-rosa","status":"publish","type":"product","link":"https:\/\/roveyayinevi.com.tr\/index.php\/urun\/ela-rosa\/","title":{"rendered":"Ela Rosa"},"content":{"rendered":"<p>\u201c\u015eimdi bir ba\u015fka ortam sesinin pe\u015findeyim belki de. Kendi ger\u00e7eklerinden ka\u00e7arak rahat edeceklerini sanan insanlar\u0131n ka\u00e7t\u0131\u011f\u0131 gibi de\u011fil, daha derin bir sessizli\u011fin pe\u015findeyim. \u00d6lu\u0308m de uzun su\u0308recek bir sessizlik de\u011fil mi? Ruhun inzivas\u0131 da diyebiliriz buna\u2026\u201d   Bu kadim topraklarda, Anadolu\u2019da, farkl\u0131 zaman dilimlerinde ya\u015fayan kad\u0131nlar\u0131n ortak hik\u00e2yeleri sonsuzlukta Ela Rosa\u2019yla bulu\u015fuyor.  Ac\u0131larla, \u00f6lu\u0308mlerle yu\u0308klu\u0308 bir ge\u00e7mi\u015fin g\u00f6lgesinde, \u00e7aresizlik, vefas\u0131zl\u0131k, umutsuzluk ba\u015fk\u00f6\u015feye otururken \u201cbir dalgaya g\u00f6mu\u0308lu\u0308p\u201d giden kad\u0131nlar. Yas tutman\u0131n, direnmenin, yaralar\u0131n\u0131 iyile\u015ftirmenin yolculu\u011fu Ela Rosa\u2019n\u0131nki\u2026 <\/p>\n","protected":false},"excerpt":{"rendered":"<p>\u201c\u015eimdi bir ba\u015fka ortam sesinin pe\u015findeyim belki de. Kendi ger\u00e7eklerinden ka\u00e7arak rahat edeceklerini sanan insanlar\u0131n ka\u00e7t\u0131\u011f\u0131 gibi de\u011fil, daha derin bir sessizli\u011fin pe\u015findeyim. \u00d6lu\u0308m de uzun<span class=\"excerpt-hellip\"> [\u2026]<\/span><\/p>\n","protected":false},"featured_media":0,"template":"","meta":{"_monsterinsights_skip_tracking":false,"_monsterinsights_sitenote_active":false,"_monsterinsights_sitenote_note":"","_monsterinsights_sitenote_category":0},"product_brand":[],"product_cat":[12291,12711],"product_tag":[],"class_list":{"0":"post-767505","1":"product","2":"type-product","3":"status-publish","5":"product_cat-edebiyat","6":"product_cat-roman-oyku","7":"pa_cilt-ciltsiz","8":"pa_tur-kitap","9":"pa_yayinevi-dipnot-yayinlari","10":"pa_yazar-emin-sir","12":"first","13":"instock","14":"sale","15":"shipping-taxable","16":"purchasable","17":"product-type-simple"},"_links":{"self":[{"href":"https:\/\/roveyayinevi.com.tr\/index.php\/wp-json\/wp\/v2\/product\/767505","targetHints":{"allow":["GET"]}}],"collection":[{"href":"https:\/\/roveyayinevi.com.tr\/index.php\/wp-json\/wp\/v2\/product"}],"about":[{"href":"https:\/\/roveyayinevi.com.tr\/index.php\/wp-json\/wp\/v2\/types\/product"}],"wp:attachment":[{"href":"https:\/\/roveyayinevi.com.tr\/index.php\/wp-json\/wp\/v2\/media?parent=767505"}],"wp:term":[{"taxonomy":"product_brand","embeddable":true,"href":"https:\/\/roveyayinevi.com.tr\/index.php\/wp-json\/wp\/v2\/product_brand?post=767505"},{"taxonomy":"product_cat","embeddable":true,"href":"https:\/\/roveyayinevi.com.tr\/index.php\/wp-json\/wp\/v2\/product_cat?post=767505"},{"taxonomy":"product_tag","embeddable":true,"href":"https:\/\/roveyayinevi.com.tr\/index.php\/wp-json\/wp\/v2\/product_tag?post=767505"}],"curies":[{"name":"wp","href":"https:\/\/api.w.org\/{rel}","templated":true}]}}