{"id":767502,"date":"2025-08-28T12:49:27","date_gmt":"2025-08-28T09:49:27","guid":{"rendered":"https:\/\/roveyayinevi.com.tr\/index.php\/urun\/ella-yoyo-et-leur-cocon\/"},"modified":"2026-04-15T03:33:25","modified_gmt":"2026-04-15T00:33:25","slug":"ella-yoyo-et-leur-cocon","status":"publish","type":"product","link":"https:\/\/roveyayinevi.com.tr\/index.php\/urun\/ella-yoyo-et-leur-cocon\/","title":{"rendered":"Ella, Yoyo Et Leur Cocon"},"content":{"rendered":"<p>Ella ve Yoyo\u2019nun sevgi dolu \u00f6yk\u00fcs\u00fc T\u00fcrk\u00e7e, \u0130ngilizce, Frans\u0131zca ve \u0130talyanca bask\u0131lar\u0131yla d\u00f6rt dilde \u00e7ocuklarla bulu\u015fuyor\u2026 \u00c7ocuklar\u0131n ortak dili sevgidir! Yoyo, Ella i\u00e7in sadece bir hediye de\u011fil, ona \u00f6zel ve sevgiyle yap\u0131lm\u0131\u015f bir oyuncakt\u0131. \u201cElla ve Yoyo\u2019nun Yuvas\u0131\u201d, \u00e7ocuklar\u0131 sevginin ve yarat\u0131c\u0131l\u0131\u011f\u0131n g\u00fcc\u00fcyle tan\u0131\u015ft\u0131r\u0131yor ve her \u00e7ocu\u011fun kendi oyunca\u011f\u0131n\u0131 tasarlay\u0131p hayal g\u00fcc\u00fcn\u00fc geli\u015ftirmesini te\u015fvik ediyor.<\/p>\n","protected":false},"excerpt":{"rendered":"<p>Ella ve Yoyo\u2019nun sevgi dolu \u00f6yk\u00fcs\u00fc T\u00fcrk\u00e7e, \u0130ngilizce, Frans\u0131zca ve \u0130talyanca bask\u0131lar\u0131yla d\u00f6rt dilde \u00e7ocuklarla bulu\u015fuyor\u2026 \u00c7ocuklar\u0131n ortak dili sevgidir! Yoyo, Ella i\u00e7in sadece bir hediye<span class=\"excerpt-hellip\"> [\u2026]<\/span><\/p>\n","protected":false},"featured_media":0,"template":"","meta":{"_monsterinsights_skip_tracking":false,"_monsterinsights_sitenote_active":false,"_monsterinsights_sitenote_note":"","_monsterinsights_sitenote_category":0},"product_brand":[],"product_cat":[12274,12284],"product_tag":[],"class_list":{"0":"post-767502","1":"product","2":"type-product","3":"status-publish","5":"product_cat-cocuk-ve-genclik-kitaplari","6":"product_cat-hikayeler","7":"pa_cilt-ciltsiz","8":"pa_tur-kitap","9":"pa_yayinevi-eriken-yayinlari","10":"pa_yazar-yasemin-calikir","12":"first","13":"instock","14":"sale","15":"shipping-taxable","16":"purchasable","17":"product-type-simple"},"_links":{"self":[{"href":"https:\/\/roveyayinevi.com.tr\/index.php\/wp-json\/wp\/v2\/product\/767502","targetHints":{"allow":["GET"]}}],"collection":[{"href":"https:\/\/roveyayinevi.com.tr\/index.php\/wp-json\/wp\/v2\/product"}],"about":[{"href":"https:\/\/roveyayinevi.com.tr\/index.php\/wp-json\/wp\/v2\/types\/product"}],"wp:attachment":[{"href":"https:\/\/roveyayinevi.com.tr\/index.php\/wp-json\/wp\/v2\/media?parent=767502"}],"wp:term":[{"taxonomy":"product_brand","embeddable":true,"href":"https:\/\/roveyayinevi.com.tr\/index.php\/wp-json\/wp\/v2\/product_brand?post=767502"},{"taxonomy":"product_cat","embeddable":true,"href":"https:\/\/roveyayinevi.com.tr\/index.php\/wp-json\/wp\/v2\/product_cat?post=767502"},{"taxonomy":"product_tag","embeddable":true,"href":"https:\/\/roveyayinevi.com.tr\/index.php\/wp-json\/wp\/v2\/product_tag?post=767502"}],"curies":[{"name":"wp","href":"https:\/\/api.w.org\/{rel}","templated":true}]}}