{"id":767493,"date":"2025-08-28T12:49:09","date_gmt":"2025-08-28T09:49:09","guid":{"rendered":"https:\/\/roveyayinevi.com.tr\/index.php\/urun\/liberalizm-ve-demokrasi\/"},"modified":"2026-04-15T03:33:24","modified_gmt":"2026-04-15T00:33:24","slug":"liberalizm-ve-demokrasi","status":"publish","type":"product","link":"https:\/\/roveyayinevi.com.tr\/index.php\/urun\/liberalizm-ve-demokrasi\/","title":{"rendered":"Liberalizm ve Demokrasi"},"content":{"rendered":"<p>\u00c7o\u011fu zaman ayn\u0131 anlamda an\u0131lmalar\u0131na kar\u015f\u0131n liberalizm ve demokrasi farkl\u0131 kavramlard\u0131r. \u0130ki kavram\u0131n b\u00fct\u00fcnle\u015ferek tarihi s\u00fcre\u00e7 i\u00e7erisinde olu\u015fturdu\u011fu liberal demokrasi modeli, ideal demokrasi modelidir. Liberalizm bireyi temel alan ve \u00f6nceleyen bir ideolojidir. Demokrasi ise halk\u0131n se\u00e7imler yoluyla iktidar\u0131 belirlemesini \u00f6ng\u00f6ren siyasi bir tekniktir. Demokrasi tekni\u011fine i\u00e7erik sa\u011flayarak, \u00e7er\u00e7eve de\u011ferler kazand\u0131ran yeg\u00e2ne ideoloji liberalizmdir. Bu ba\u011flamda liberal demokrasi, insan haklar\u0131na ve hukukun hakimiyetine ba\u011fl\u0131, anayasa ile s\u0131n\u0131rland\u0131r\u0131lm\u0131\u015f devlet anlay\u0131\u015f\u0131na sahip ve bireysel \u00f6zg\u00fcrl\u00fcklere sayg\u0131l\u0131 niteliklere sahip y\u00f6netim sistemidir. Bu kitab\u0131n bulgular\u0131, liberalizmin siyasi y\u00f6netimde varl\u0131k g\u00f6sterebilmesi i\u00e7in demokrasinin sundu\u011fu tekni\u011fe ihtiyac\u0131 oldu\u011funu ortaya koyarken; demokrasinin ise hedefledi\u011fi y\u00f6netime liberal de\u011ferler \u0131\u015f\u0131\u011f\u0131nda ula\u015fabilece\u011fini g\u00f6stermektedir. <\/p>\n","protected":false},"excerpt":{"rendered":"<p>\u00c7o\u011fu zaman ayn\u0131 anlamda an\u0131lmalar\u0131na kar\u015f\u0131n liberalizm ve demokrasi farkl\u0131 kavramlard\u0131r. \u0130ki kavram\u0131n b\u00fct\u00fcnle\u015ferek tarihi s\u00fcre\u00e7 i\u00e7erisinde olu\u015fturdu\u011fu liberal demokrasi modeli, ideal demokrasi modelidir. Liberalizm bireyi<span class=\"excerpt-hellip\"> [\u2026]<\/span><\/p>\n","protected":false},"featured_media":0,"template":"","meta":{"_monsterinsights_skip_tracking":false,"_monsterinsights_sitenote_active":false,"_monsterinsights_sitenote_note":"","_monsterinsights_sitenote_category":0},"product_brand":[],"product_cat":[12337,14706],"product_tag":[],"class_list":{"0":"post-767493","1":"product","2":"type-product","3":"status-publish","5":"product_cat-politika-siyaset","6":"product_cat-siyaset-bilimi","7":"pa_cilt-ciltsiz","8":"pa_tur-kitap","9":"pa_yayinevi-liberte-yayinlari","10":"pa_yazar-gulfidan-yesilbas","12":"first","13":"instock","14":"sale","15":"shipping-taxable","16":"purchasable","17":"product-type-simple"},"_links":{"self":[{"href":"https:\/\/roveyayinevi.com.tr\/index.php\/wp-json\/wp\/v2\/product\/767493","targetHints":{"allow":["GET"]}}],"collection":[{"href":"https:\/\/roveyayinevi.com.tr\/index.php\/wp-json\/wp\/v2\/product"}],"about":[{"href":"https:\/\/roveyayinevi.com.tr\/index.php\/wp-json\/wp\/v2\/types\/product"}],"wp:attachment":[{"href":"https:\/\/roveyayinevi.com.tr\/index.php\/wp-json\/wp\/v2\/media?parent=767493"}],"wp:term":[{"taxonomy":"product_brand","embeddable":true,"href":"https:\/\/roveyayinevi.com.tr\/index.php\/wp-json\/wp\/v2\/product_brand?post=767493"},{"taxonomy":"product_cat","embeddable":true,"href":"https:\/\/roveyayinevi.com.tr\/index.php\/wp-json\/wp\/v2\/product_cat?post=767493"},{"taxonomy":"product_tag","embeddable":true,"href":"https:\/\/roveyayinevi.com.tr\/index.php\/wp-json\/wp\/v2\/product_tag?post=767493"}],"curies":[{"name":"wp","href":"https:\/\/api.w.org\/{rel}","templated":true}]}}