{"id":767491,"date":"2025-08-28T12:49:04","date_gmt":"2025-08-28T09:49:04","guid":{"rendered":"https:\/\/roveyayinevi.com.tr\/index.php\/urun\/findel-gizemi\/"},"modified":"2026-04-15T03:33:24","modified_gmt":"2026-04-15T00:33:24","slug":"findel-gizemi","status":"publish","type":"product","link":"https:\/\/roveyayinevi.com.tr\/index.php\/urun\/findel-gizemi\/","title":{"rendered":"Findel Gizemi"},"content":{"rendered":"<p>Efsane geri d\u00f6n\u00fcyor, macera devam ediyor! S\u00f6zc\u00fckler, kodlama ve korsan kitap muammas\u0131&#8230; Zekice kurgulad\u0131\u011f\u0131 okul romanlar\u0131yla hem d\u00fcnyada hem T\u00fcrkiye\u2019de milyonlarca okura ula\u015fan Andrew Clements\u2019in geride b\u0131rakt\u0131\u011f\u0131 dosya kitapla\u015ft\u0131r\u0131ld\u0131. \u00c7ocuklar\u0131n ve \u00f6\u011fretmenlerin unutulmazlar\u0131 aras\u0131na giren, \u00e7ocuk edebiyat\u0131n\u0131n modern klasiklerinden olan Bunun Ad\u0131 Findel maceras\u0131 bir nesil sonra yeniden alevleniyor. Dijital \u00e7a\u011fda yarat\u0131c\u0131 eme\u011fin gaspedilmesine odaklanan yazar, cesaretle dayan\u0131\u015fmay\u0131 \u00f6neriyor. Yapay zek\u00e2n\u0131n da kolayla\u015ft\u0131rd\u0131\u011f\u0131 hak ihlallerine, korsan yay\u0131nlara ustaca dikkat \u00e7ekiyor. Teknoloji tutkunu Josh, t\u00fcm \u00f6devlerini birka\u00e7 tu\u015fla \u00e7\u00f6zebilir. Ancak, edebiyat \u00f6\u011fretmeni Bay N s\u0131n\u0131fta bilgisayar kullan\u0131lmas\u0131n\u0131 kabul etmedi\u011fi gibi, \u00f6devleri de hep elyaz\u0131s\u0131yla ister. Rastlant\u0131yla ke\u015ffetti\u011fi \u201cfindel\u201di, kankas\u0131 Vanessa\u2019yla payla\u015fan Josh, Bay N\u2019nin s\u0131r gibi saklad\u0131\u011f\u0131 ge\u00e7mi\u015finin pe\u015fine d\u00fc\u015fer. Her hamlede bamba\u015fka ger\u00e7eklerle kar\u015f\u0131la\u015fan \u00e7ocuklar\u0131, \u00e7ok sevdikleri bir yazar ad\u0131na giri\u015fecekleri dijital bir m\u00fccadele beklemektedir\u2026<\/p>\n","protected":false},"excerpt":{"rendered":"<p>Efsane geri d\u00f6n\u00fcyor, macera devam ediyor! S\u00f6zc\u00fckler, kodlama ve korsan kitap muammas\u0131&#8230; Zekice kurgulad\u0131\u011f\u0131 okul romanlar\u0131yla hem d\u00fcnyada hem T\u00fcrkiye\u2019de milyonlarca okura ula\u015fan Andrew Clements\u2019in geride<span class=\"excerpt-hellip\"> [\u2026]<\/span><\/p>\n","protected":false},"featured_media":0,"template":"","meta":{"_monsterinsights_skip_tracking":false,"_monsterinsights_sitenote_active":false,"_monsterinsights_sitenote_note":"","_monsterinsights_sitenote_category":0},"product_brand":[],"product_cat":[12274,12284],"product_tag":[],"class_list":{"0":"post-767491","1":"product","2":"type-product","3":"status-publish","5":"product_cat-cocuk-ve-genclik-kitaplari","6":"product_cat-hikayeler","7":"pa_cilt-ciltsiz","8":"pa_tur-kitap","9":"pa_yayinevi-gunisigi-kitapligi","10":"pa_yazar-andrew-clements","12":"first","13":"instock","14":"sale","15":"shipping-taxable","16":"purchasable","17":"product-type-simple"},"_links":{"self":[{"href":"https:\/\/roveyayinevi.com.tr\/index.php\/wp-json\/wp\/v2\/product\/767491","targetHints":{"allow":["GET"]}}],"collection":[{"href":"https:\/\/roveyayinevi.com.tr\/index.php\/wp-json\/wp\/v2\/product"}],"about":[{"href":"https:\/\/roveyayinevi.com.tr\/index.php\/wp-json\/wp\/v2\/types\/product"}],"wp:attachment":[{"href":"https:\/\/roveyayinevi.com.tr\/index.php\/wp-json\/wp\/v2\/media?parent=767491"}],"wp:term":[{"taxonomy":"product_brand","embeddable":true,"href":"https:\/\/roveyayinevi.com.tr\/index.php\/wp-json\/wp\/v2\/product_brand?post=767491"},{"taxonomy":"product_cat","embeddable":true,"href":"https:\/\/roveyayinevi.com.tr\/index.php\/wp-json\/wp\/v2\/product_cat?post=767491"},{"taxonomy":"product_tag","embeddable":true,"href":"https:\/\/roveyayinevi.com.tr\/index.php\/wp-json\/wp\/v2\/product_tag?post=767491"}],"curies":[{"name":"wp","href":"https:\/\/api.w.org\/{rel}","templated":true}]}}