{"id":767489,"date":"2025-08-28T12:49:01","date_gmt":"2025-08-28T09:49:01","guid":{"rendered":"https:\/\/roveyayinevi.com.tr\/index.php\/urun\/daha-da-kucukler-icin-allahi-merak-ediyorum-2\/"},"modified":"2026-04-15T03:33:24","modified_gmt":"2026-04-15T00:33:24","slug":"daha-da-kucukler-icin-allahi-merak-ediyorum-2","status":"publish","type":"product","link":"https:\/\/roveyayinevi.com.tr\/index.php\/urun\/daha-da-kucukler-icin-allahi-merak-ediyorum-2\/","title":{"rendered":"Daha da K\u00fc\u00e7\u00fckler \u0130\u00e7in Allah\u2019\u0131 Merak Ediyorum"},"content":{"rendered":"<p>\u00c7ocuklar \u00f6\u011frenmek ve anlamak i\u00e7in soru sormaya ve cevaplar\u0131n\u0131 bulmaya ihtiya\u00e7 duyarlar. Ebeveynler ise \u00e7ocuklar\u0131n\u0131n sorular\u0131 kar\u015f\u0131s\u0131nda bazen \u015fa\u015f\u0131r\u0131r, bazen de nas\u0131l cevap vereceklerini bilemezler. \u00d6zellikle Allah\u2019a dair sorular\u0131 cevaplamakta g\u00fc\u00e7l\u00fck ya\u015farlar. Do\u011fru cevap verememe kayg\u0131s\u0131 bazen onlar\u0131 sessiz b\u0131rak\u0131r. Bu kitap \u00e7ocuklar\u0131n sorular\u0131na, ya\u015flar\u0131na uygun cevaplar sunarken, aileye de do\u011fru cevaplar konusunda destek olacakt\u0131r. Bu \u00e7al\u0131\u015fma ayn\u0131 zamanda, aile i\u00e7in \u00e7ocukla sa\u011fl\u0131kl\u0131 ileti\u015fim kurman\u0131n pedagojik \u00f6rneklerini de sunmaktad\u0131r. Soru sormaya te\u015fvik etmesi, cevaplar\u0131n \u015fefkatli bir ileti\u015fim diliyle aktar\u0131lmas\u0131, aile i\u00e7in bir rehber niteli\u011findedir. Kitaptaki baba-\u00e7ocuk diyaloglar\u0131 ailelere rol model olmas\u0131 a\u00e7\u0131s\u0131ndan de\u011ferlidir. G\u00fcn\u00fcm\u00fczde \u00f6zellikle \u015fehir hayat\u0131nda, babayla \u00e7ok az vakit ge\u00e7irebilen \u00e7ocuklar ve babalar\u0131 i\u00e7in de iyi bir \u00f6rnek niteli\u011findedir. Bu kitap, i\u00e7eri\u011fi, dili ve konuyu i\u015fleyi\u015f tarz\u0131yla dokuz ya\u015f ve alt\u0131 \u00e7ocuklar i\u00e7in manevi geli\u015fimi destekleyici niteliktedir. \u2011 BANU YA\u015eAR (Psikolog-Psikoterapist)<\/p>\n","protected":false},"excerpt":{"rendered":"<p>\u00c7ocuklar \u00f6\u011frenmek ve anlamak i\u00e7in soru sormaya ve cevaplar\u0131n\u0131 bulmaya ihtiya\u00e7 duyarlar. Ebeveynler ise \u00e7ocuklar\u0131n\u0131n sorular\u0131 kar\u015f\u0131s\u0131nda bazen \u015fa\u015f\u0131r\u0131r, bazen de nas\u0131l cevap vereceklerini bilemezler. \u00d6zellikle<span class=\"excerpt-hellip\"> [\u2026]<\/span><\/p>\n","protected":false},"featured_media":0,"template":"","meta":{"_monsterinsights_skip_tracking":false,"_monsterinsights_sitenote_active":false,"_monsterinsights_sitenote_note":"","_monsterinsights_sitenote_category":0},"product_brand":[],"product_cat":[12274,18802],"product_tag":[],"class_list":{"0":"post-767489","1":"product","2":"type-product","3":"status-publish","5":"product_cat-cocuk-ve-genclik-kitaplari","6":"product_cat-din-egitimi","7":"pa_cilt-ciltsiz","8":"pa_tur-kitap","9":"pa_yayinevi-ugurbocegi-yayinlari","10":"pa_yazar-ozkan-oze","12":"first","13":"instock","14":"sale","15":"shipping-taxable","16":"purchasable","17":"product-type-simple"},"_links":{"self":[{"href":"https:\/\/roveyayinevi.com.tr\/index.php\/wp-json\/wp\/v2\/product\/767489","targetHints":{"allow":["GET"]}}],"collection":[{"href":"https:\/\/roveyayinevi.com.tr\/index.php\/wp-json\/wp\/v2\/product"}],"about":[{"href":"https:\/\/roveyayinevi.com.tr\/index.php\/wp-json\/wp\/v2\/types\/product"}],"wp:attachment":[{"href":"https:\/\/roveyayinevi.com.tr\/index.php\/wp-json\/wp\/v2\/media?parent=767489"}],"wp:term":[{"taxonomy":"product_brand","embeddable":true,"href":"https:\/\/roveyayinevi.com.tr\/index.php\/wp-json\/wp\/v2\/product_brand?post=767489"},{"taxonomy":"product_cat","embeddable":true,"href":"https:\/\/roveyayinevi.com.tr\/index.php\/wp-json\/wp\/v2\/product_cat?post=767489"},{"taxonomy":"product_tag","embeddable":true,"href":"https:\/\/roveyayinevi.com.tr\/index.php\/wp-json\/wp\/v2\/product_tag?post=767489"}],"curies":[{"name":"wp","href":"https:\/\/api.w.org\/{rel}","templated":true}]}}