{"id":767487,"date":"2025-08-28T12:48:58","date_gmt":"2025-08-28T09:48:58","guid":{"rendered":"https:\/\/roveyayinevi.com.tr\/index.php\/urun\/diocaesarea-kule-mimari-ve-buluntular-sivama-cilt\/"},"modified":"2026-04-15T03:33:24","modified_gmt":"2026-04-15T00:33:24","slug":"diocaesarea-kule-mimari-ve-buluntular-sivama-cilt","status":"publish","type":"product","link":"https:\/\/roveyayinevi.com.tr\/index.php\/urun\/diocaesarea-kule-mimari-ve-buluntular-sivama-cilt\/","title":{"rendered":"Diocaesarea Kule Mimari ve Buluntular (S\u0131vama Cilt)"},"content":{"rendered":"<p>Diocaesarea (Uzuncabur\u00e7) antik kenti Da\u011fl\u0131k Kilikia b\u00f6lgesinde, bug\u00fcn T\u00fcrkiye\u2019nin g\u00fcney sahillerindeki Mersin ili Silifke il\u00e7esinin yakla\u015f\u0131k 25 km. kuzeyinde yer al\u0131r. Diocaesarea (Uzuncabur\u00e7) antik kentinin Hellenistik D\u00f6nemi\u2019ne tan\u0131kl\u0131k yapm\u0131\u015f iki \u00f6nemli yap\u0131s\u0131 \u00f6ne \u00e7\u0131kar. Bunlardan biri antik kentin dini merkez olmas\u0131n\u0131 sa\u011flayan Zeus Olbios Kutsal Alan\u0131 ve i\u00e7erisinde yer alan tap\u0131nakt\u0131r. Di\u011feri ise en az onun kadar g\u00f6rkemli olan ve antik kentin Hellenistik D\u00f6nem\u2019de idari merkez olarak tan\u0131mlanmas\u0131n\u0131 sa\u011flayan Kule\u2019dir.   Hellenistik D\u00f6nem\u2019de bir Rahip Krall\u0131k Hanedanl\u0131\u011f\u0131 taraf\u0131ndan y\u00f6netilen, Olba olarak adland\u0131r\u0131lan b\u00f6lgenin idari ve dini merkezi rol\u00fcn\u00fc \u00fcstlenen yerle\u015fimdeki 23 metre korunmu\u015f y\u00fcksekli\u011fi ile be\u015f katl\u0131 bu konut ve savunma kulesi Hellenistik D\u00f6nem\u2019de bu alan\u0131n \u00f6nemini ve an\u0131tsall\u0131\u011f\u0131n\u0131 vurgular. Kule, Ge\u00e7 Antik D\u00f6nem\u2019de terk edildi\u011fi andan g\u00fcn\u00fcm\u00fcze kadar el de\u011fmeden korunmu\u015ftur.   2021 y\u0131l\u0131ndan itibaren, K\u00fclt\u00fcr ve Turizm Bakanl\u0131\u011f\u0131 K\u00fclt\u00fcr Varl\u0131klar\u0131 ve M\u00fczeler Genel M\u00fcd\u00fcrl\u00fc\u011f\u00fc taraf\u0131ndan ihalesi ger\u00e7ekle\u015ftirilen proje kapsam\u0131nda Kule\u2019de kaz\u0131lara ba\u015flanm\u0131\u015ft\u0131r. Geni\u015f bir arkeolog, restorat\u00f6r, mimar ve m\u00fchendis ekibinin i\u015fbirli\u011finde ger\u00e7ekle\u015ftirilen \u00e7al\u0131\u015fmalarla bug\u00fcne kadar kaz\u0131s\u0131 yap\u0131lamam\u0131\u015f bir yap\u0131n\u0131n a\u00e7\u0131\u011fa \u00e7\u0131kar\u0131lmas\u0131 sa\u011flanm\u0131\u015ft\u0131r. Antik d\u00fcnyan\u0131n en dikkat \u00e7ekici yap\u0131lar\u0131ndan bir olan Uzuncabur\u00e7 Kulesi\u2019nin a\u00e7\u0131\u011fa \u00e7\u0131kar\u0131lmas\u0131, ard\u0131ndan ger\u00e7ekle\u015ftirilen restorasyon \u00e7al\u0131\u015fmalar\u0131yla gelecek nesillere aktar\u0131lmak \u00fczere koruma alt\u0131na al\u0131nmas\u0131 bu \u00e7al\u0131\u015fmalar\u0131 ger\u00e7ekle\u015ftiren farkl\u0131 meslek gruplar\u0131na ait kalabal\u0131k ekibin ba\u015far\u0131s\u0131d\u0131r.   Yap\u0131n\u0131n korunmu\u015f mimarisi Antik D\u00f6nem mimarl\u0131\u011f\u0131 hakk\u0131nda \u00e7ok \u00f6nemli veriler sa\u011flamaktad\u0131r. Ayr\u0131ca kaz\u0131larla a\u00e7\u0131\u011fa \u00e7\u0131kar\u0131lan \u00e7ok zengin buluntu grubu da Antik D\u00f6nem kenti ve hayat\u0131 hakk\u0131nda \u00e7ok net bilgiler sa\u011flamaktad\u0131r. Bu sebeple yap\u0131n\u0131n gerek mimari \u00f6zellikleri gerekse de zengin buluntu gurubu bu kitap i\u00e7erisinde birarada ele al\u0131narak bilim d\u00fcnyas\u0131na sunulmu\u015ftur.<\/p>\n","protected":false},"excerpt":{"rendered":"<p>Diocaesarea (Uzuncabur\u00e7) antik kenti Da\u011fl\u0131k Kilikia b\u00f6lgesinde, bug\u00fcn T\u00fcrkiye\u2019nin g\u00fcney sahillerindeki Mersin ili Silifke il\u00e7esinin yakla\u015f\u0131k 25 km. kuzeyinde yer al\u0131r. Diocaesarea (Uzuncabur\u00e7) antik kentinin Hellenistik<span class=\"excerpt-hellip\"> [\u2026]<\/span><\/p>\n","protected":false},"featured_media":0,"template":"","meta":{"_monsterinsights_skip_tracking":false,"_monsterinsights_sitenote_active":false,"_monsterinsights_sitenote_note":"","_monsterinsights_sitenote_category":0},"product_brand":[],"product_cat":[52477,52478],"product_tag":[],"class_list":{"0":"post-767487","1":"product","2":"type-product","3":"status-publish","5":"product_cat-arastirma","6":"product_cat-arkeoloji","7":"pa_cilt-ciltli","8":"pa_tur-kitap","9":"pa_yayinevi-bilgin-kultur-sanat","10":"pa_yazar-kolektif","12":"first","13":"instock","14":"sale","15":"shipping-taxable","16":"purchasable","17":"product-type-simple"},"_links":{"self":[{"href":"https:\/\/roveyayinevi.com.tr\/index.php\/wp-json\/wp\/v2\/product\/767487","targetHints":{"allow":["GET"]}}],"collection":[{"href":"https:\/\/roveyayinevi.com.tr\/index.php\/wp-json\/wp\/v2\/product"}],"about":[{"href":"https:\/\/roveyayinevi.com.tr\/index.php\/wp-json\/wp\/v2\/types\/product"}],"wp:attachment":[{"href":"https:\/\/roveyayinevi.com.tr\/index.php\/wp-json\/wp\/v2\/media?parent=767487"}],"wp:term":[{"taxonomy":"product_brand","embeddable":true,"href":"https:\/\/roveyayinevi.com.tr\/index.php\/wp-json\/wp\/v2\/product_brand?post=767487"},{"taxonomy":"product_cat","embeddable":true,"href":"https:\/\/roveyayinevi.com.tr\/index.php\/wp-json\/wp\/v2\/product_cat?post=767487"},{"taxonomy":"product_tag","embeddable":true,"href":"https:\/\/roveyayinevi.com.tr\/index.php\/wp-json\/wp\/v2\/product_tag?post=767487"}],"curies":[{"name":"wp","href":"https:\/\/api.w.org\/{rel}","templated":true}]}}