{"id":767486,"date":"2025-08-28T12:48:55","date_gmt":"2025-08-28T09:48:55","guid":{"rendered":"https:\/\/roveyayinevi.com.tr\/index.php\/urun\/kucuk-gelin\/"},"modified":"2026-04-06T13:39:53","modified_gmt":"2026-04-06T10:39:53","slug":"kucuk-gelin","status":"publish","type":"product","link":"https:\/\/roveyayinevi.com.tr\/index.php\/urun\/kucuk-gelin\/","title":{"rendered":"K\u00fc\u00e7\u00fck Gelin"},"content":{"rendered":"<p>Bu seferde kendime yazmak istedim; Hadi biraz dertle\u015felim k\u00fc\u00e7\u00fck gelin. Sen anlat ben k\u00e2\u011f\u0131da d\u00f6keyim; Yazd\u0131k\u00e7a d\u00f6k\u00fcls\u00fcn dertlerin&#8230; A\u011flarken yutmay\u0131 \u00f6\u011fretti annem; Sus derdi, yut. Ondand\u0131r belki ba\u011f\u0131r\u0131p \u00e7a\u011f\u0131rmay\u0131 bilmemem; \u0130\u00e7imde f\u0131rt\u0131na kopsa da susup yutu\u015fum. Bele inen \u00fcz\u00fcm salk\u0131m\u0131 sa\u00e7lar\u0131m; Ok kirpiklerim, elma yanaklar\u0131m. \u00d6d\u00fcn\u00e7m\u00fc\u015f hepsi \u015fimdi anlad\u0131m; \u0130\u00e7ime dert bo\u015fa akan g\u00f6zya\u015flar\u0131m. \u00c7ocuklu\u011fumu \u00f6zledim; \u00dc\u00e7 boy b\u00fcy\u00fck bisikletime atlay\u0131p r\u00fczgarla yar\u0131\u015fmay\u0131. Dalgalara kula\u00e7 atmay\u0131. Hava kararana kadar sokakta oynamay\u0131, Anam\u0131n yapt\u0131\u011f\u0131 tostun kokusuna uyanmay\u0131. Her pazar yanard\u0131 banyo kazan\u0131; Anam\u0131 k\u0131zd\u0131r\u0131rsam yerdim kafaya tas\u0131.   Sa\u00e7lar\u0131m\u0131 tarar \u00f6rerdi s\u0131k\u0131 s\u0131k\u0131; Sabah okul yoluna siyah \u00f6nl\u00fck beyaz yakal\u0131. Babam vururdu saz\u0131n teline; Anam e\u015flik ederdi yan\u0131k sesiyle. Anlamazd\u0131m titrerdi sesi, dolard\u0131 g\u00f6zleri; \u015eimdi bildim ki al\u0131\u015famad\u0131 hi\u00e7 gurbete. Dert keder bilmezdik; Yaramazl\u0131k yapar, kikir kikir g\u00fclerdik. Menzili \u015fa\u015fmazd\u0131 annemin terli\u011finin; De\u011ferdi ama ac\u0131tmazd\u0131 ki&#8230; <\/p>\n","protected":false},"excerpt":{"rendered":"<p>Bu seferde kendime yazmak istedim; Hadi biraz dertle\u015felim k\u00fc\u00e7\u00fck gelin. Sen anlat ben k\u00e2\u011f\u0131da d\u00f6keyim; Yazd\u0131k\u00e7a d\u00f6k\u00fcls\u00fcn dertlerin&#8230; A\u011flarken yutmay\u0131 \u00f6\u011fretti annem; Sus derdi, yut. Ondand\u0131r<span class=\"excerpt-hellip\"> [\u2026]<\/span><\/p>\n","protected":false},"featured_media":0,"template":"","meta":{"_monsterinsights_skip_tracking":false,"_monsterinsights_sitenote_active":false,"_monsterinsights_sitenote_note":"","_monsterinsights_sitenote_category":0},"product_brand":[],"product_cat":[12291,12509],"product_tag":[],"class_list":{"0":"post-767486","1":"product","2":"type-product","3":"status-publish","5":"product_cat-edebiyat","6":"product_cat-siir","7":"pa_cilt-ciltsiz","8":"pa_tur-kitap","9":"pa_yayinevi-gulnar-yayinlari","10":"pa_yazar-fatmagul-ceylan","12":"first","13":"instock","14":"sale","15":"shipping-taxable","16":"purchasable","17":"product-type-simple"},"_links":{"self":[{"href":"https:\/\/roveyayinevi.com.tr\/index.php\/wp-json\/wp\/v2\/product\/767486","targetHints":{"allow":["GET"]}}],"collection":[{"href":"https:\/\/roveyayinevi.com.tr\/index.php\/wp-json\/wp\/v2\/product"}],"about":[{"href":"https:\/\/roveyayinevi.com.tr\/index.php\/wp-json\/wp\/v2\/types\/product"}],"wp:attachment":[{"href":"https:\/\/roveyayinevi.com.tr\/index.php\/wp-json\/wp\/v2\/media?parent=767486"}],"wp:term":[{"taxonomy":"product_brand","embeddable":true,"href":"https:\/\/roveyayinevi.com.tr\/index.php\/wp-json\/wp\/v2\/product_brand?post=767486"},{"taxonomy":"product_cat","embeddable":true,"href":"https:\/\/roveyayinevi.com.tr\/index.php\/wp-json\/wp\/v2\/product_cat?post=767486"},{"taxonomy":"product_tag","embeddable":true,"href":"https:\/\/roveyayinevi.com.tr\/index.php\/wp-json\/wp\/v2\/product_tag?post=767486"}],"curies":[{"name":"wp","href":"https:\/\/api.w.org\/{rel}","templated":true}]}}