{"id":767485,"date":"2025-08-28T12:48:53","date_gmt":"2025-08-28T09:48:53","guid":{"rendered":"https:\/\/roveyayinevi.com.tr\/index.php\/urun\/biraz-nostalji\/"},"modified":"2026-04-15T03:33:24","modified_gmt":"2026-04-15T00:33:24","slug":"biraz-nostalji","status":"publish","type":"product","link":"https:\/\/roveyayinevi.com.tr\/index.php\/urun\/biraz-nostalji\/","title":{"rendered":"Biraz Nostalji"},"content":{"rendered":"<p>B\u0130RAZ NOSTALJ\u0130 Ana, zorluklara g\u00f6\u011f\u00fcs gererdi Her \u015feyi elde y\u0131kay\u0131p sererdi Bebe\u011fin alt\u0131na toprak sarard\u0131 Bilmez ki zamane nesli bunlar\u0131   \u00c7ocuklar lokumu bezle emerdi A\u011fz\u0131na y\u00fcz\u00fcne sinek \u00e7onard\u0131 Kedi yo\u011furda illa bir banard\u0131 Yemez ki zamane nesli bunlar\u0131   Yufkan\u0131n aras\u0131na somun korduk Beraberce ayn\u0131 tabaktan yerdik Her t\u00fcrl\u00fc yard\u0131mla\u015fmada vard\u0131k Sevmez ki zamane nesli bunlar\u0131   Ellik tak\u0131p orakla ekin bi\u00e7meyi Susay\u0131nca tuluktan su i\u00e7meyi Emi\u015fince ke\u00e7i o\u011flak se\u00e7meyi Yapmaz ki zamane nesli bunlar\u0131   Siz hi\u00e7 patozla harman s\u00fcrd\u00fcn\u00fcz m\u00fc? Omuzda deste \u00e7ekeni g\u00f6rd\u00fcn\u00fcz m\u00fc? Tuz yaka yaka nohut derdiniz mi? Dermez ki zamane nesli bunlar\u0131 <\/p>\n","protected":false},"excerpt":{"rendered":"<p>B\u0130RAZ NOSTALJ\u0130 Ana, zorluklara g\u00f6\u011f\u00fcs gererdi Her \u015feyi elde y\u0131kay\u0131p sererdi Bebe\u011fin alt\u0131na toprak sarard\u0131 Bilmez ki zamane nesli bunlar\u0131 \u00c7ocuklar lokumu bezle emerdi A\u011fz\u0131na y\u00fcz\u00fcne<span class=\"excerpt-hellip\"> [\u2026]<\/span><\/p>\n","protected":false},"featured_media":0,"template":"","meta":{"_monsterinsights_skip_tracking":false,"_monsterinsights_sitenote_active":false,"_monsterinsights_sitenote_note":"","_monsterinsights_sitenote_category":0},"product_brand":[],"product_cat":[12291,12509],"product_tag":[],"class_list":{"0":"post-767485","1":"product","2":"type-product","3":"status-publish","5":"product_cat-edebiyat","6":"product_cat-siir","7":"pa_cilt-ciltsiz","8":"pa_tur-kitap","9":"pa_yayinevi-gulnar-yayinlari","10":"pa_yazar-halil-tasci","12":"first","13":"instock","14":"sale","15":"shipping-taxable","16":"purchasable","17":"product-type-simple"},"_links":{"self":[{"href":"https:\/\/roveyayinevi.com.tr\/index.php\/wp-json\/wp\/v2\/product\/767485","targetHints":{"allow":["GET"]}}],"collection":[{"href":"https:\/\/roveyayinevi.com.tr\/index.php\/wp-json\/wp\/v2\/product"}],"about":[{"href":"https:\/\/roveyayinevi.com.tr\/index.php\/wp-json\/wp\/v2\/types\/product"}],"wp:attachment":[{"href":"https:\/\/roveyayinevi.com.tr\/index.php\/wp-json\/wp\/v2\/media?parent=767485"}],"wp:term":[{"taxonomy":"product_brand","embeddable":true,"href":"https:\/\/roveyayinevi.com.tr\/index.php\/wp-json\/wp\/v2\/product_brand?post=767485"},{"taxonomy":"product_cat","embeddable":true,"href":"https:\/\/roveyayinevi.com.tr\/index.php\/wp-json\/wp\/v2\/product_cat?post=767485"},{"taxonomy":"product_tag","embeddable":true,"href":"https:\/\/roveyayinevi.com.tr\/index.php\/wp-json\/wp\/v2\/product_tag?post=767485"}],"curies":[{"name":"wp","href":"https:\/\/api.w.org\/{rel}","templated":true}]}}