{"id":767482,"date":"2025-08-28T12:48:47","date_gmt":"2025-08-28T09:48:47","guid":{"rendered":"https:\/\/roveyayinevi.com.tr\/index.php\/urun\/balonla-bes-hafta-13\/"},"modified":"2026-04-15T03:33:24","modified_gmt":"2026-04-15T00:33:24","slug":"balonla-bes-hafta-13","status":"publish","type":"product","link":"https:\/\/roveyayinevi.com.tr\/index.php\/urun\/balonla-bes-hafta-13\/","title":{"rendered":"Balonla Be\u015f Hafta"},"content":{"rendered":"<p>Zaman ke\u015fifler zaman\u0131&#8230; Afrika ve Nil nehri t\u00fcm gizemiyle Avrupal\u0131 k\u00e2\u015fifleri kendine \u00e7a\u011f\u0131rmaktad\u0131r. Nil&#8217;in kayna\u011f\u0131n\u0131 kim ke\u015ffedecek? Bunu deneyen bir\u00e7ok k\u00e2\u015fif, ya Afrikal\u0131 kabilelerin elinde, ya a\u011f\u0131r hava ko\u015fullar\u0131 y\u00fcz\u00fcnden, ya da a\u00e7l\u0131k ve susuzluktan hayat\u0131n\u0131 kaybetmi\u015fti ama en yak\u0131n dostunun bile en ba\u015fta inanmad\u0131\u011f\u0131 Dr. Ferguson, bu geziyi balonla yapmaya karar verdi. Yan\u0131na sad\u0131k hizmetk\u00e2r\u0131 Joe ve en yak\u0131n arkada\u015f\u0131 Dick Kennedy&#8217;yi de alarak bu \u00e7\u0131lg\u0131n ve inan\u0131lmaz maceraya at\u0131ld\u0131. Bu kez Afrika havadan ke\u015ffedilecekti. T\u00fcm tehlikelerine ra\u011fmen \u00fc\u00e7 maceraperest, yap\u0131lmas\u0131 \u00e7ok zor olan bu g\u00f6revi tamamlayarak sa\u011f salim evlerine, \u0130ngiltere&#8217;ye d\u00f6nebilecekler mi? Balonla Be\u015f Hafta t\u00fcm heyecan\u0131yla sizleri bekliyor&#8230; <\/p>\n","protected":false},"excerpt":{"rendered":"<p>Zaman ke\u015fifler zaman\u0131&#8230; Afrika ve Nil nehri t\u00fcm gizemiyle Avrupal\u0131 k\u00e2\u015fifleri kendine \u00e7a\u011f\u0131rmaktad\u0131r. Nil&#8217;in kayna\u011f\u0131n\u0131 kim ke\u015ffedecek? Bunu deneyen bir\u00e7ok k\u00e2\u015fif, ya Afrikal\u0131 kabilelerin elinde, ya<span class=\"excerpt-hellip\"> [\u2026]<\/span><\/p>\n","protected":false},"featured_media":0,"template":"","meta":{"_monsterinsights_skip_tracking":false,"_monsterinsights_sitenote_active":false,"_monsterinsights_sitenote_note":"","_monsterinsights_sitenote_category":0},"product_brand":[],"product_cat":[12274],"product_tag":[],"class_list":{"0":"post-767482","1":"product","2":"type-product","3":"status-publish","5":"product_cat-cocuk-ve-genclik-kitaplari","6":"pa_cilt-ciltsiz","7":"pa_tur-kitap","8":"pa_yayinevi-pars-yayinlari","9":"pa_yazar-jules-verne","11":"first","12":"instock","13":"sale","14":"shipping-taxable","15":"purchasable","16":"product-type-simple"},"_links":{"self":[{"href":"https:\/\/roveyayinevi.com.tr\/index.php\/wp-json\/wp\/v2\/product\/767482","targetHints":{"allow":["GET"]}}],"collection":[{"href":"https:\/\/roveyayinevi.com.tr\/index.php\/wp-json\/wp\/v2\/product"}],"about":[{"href":"https:\/\/roveyayinevi.com.tr\/index.php\/wp-json\/wp\/v2\/types\/product"}],"wp:attachment":[{"href":"https:\/\/roveyayinevi.com.tr\/index.php\/wp-json\/wp\/v2\/media?parent=767482"}],"wp:term":[{"taxonomy":"product_brand","embeddable":true,"href":"https:\/\/roveyayinevi.com.tr\/index.php\/wp-json\/wp\/v2\/product_brand?post=767482"},{"taxonomy":"product_cat","embeddable":true,"href":"https:\/\/roveyayinevi.com.tr\/index.php\/wp-json\/wp\/v2\/product_cat?post=767482"},{"taxonomy":"product_tag","embeddable":true,"href":"https:\/\/roveyayinevi.com.tr\/index.php\/wp-json\/wp\/v2\/product_tag?post=767482"}],"curies":[{"name":"wp","href":"https:\/\/api.w.org\/{rel}","templated":true}]}}