{"id":767481,"date":"2025-08-28T12:48:46","date_gmt":"2025-08-28T09:48:46","guid":{"rendered":"https:\/\/roveyayinevi.com.tr\/index.php\/urun\/once-kar\/"},"modified":"2026-04-15T03:33:24","modified_gmt":"2026-04-15T00:33:24","slug":"once-kar","status":"publish","type":"product","link":"https:\/\/roveyayinevi.com.tr\/index.php\/urun\/once-kar\/","title":{"rendered":"\u00d6nce Kar"},"content":{"rendered":"<p>Geleneksel muhasebe, mant\u0131ksal (ancak kusurlu) olan \u015f\u00f6yle bir form\u00fcl kullan\u0131r: Sat\u0131\u015flar \u2013 Masraflar K\u00e2r. Sorun ise i\u015fletmelerin insanlar taraf\u0131ndan y\u00f6netilmesi ve insanlar\u0131n her zaman mant\u0131ksal olmamas\u0131d\u0131r. Giri\u015fimci Mike Michalowicz, muhasebeye davran\u0131\u015fsal bir yakla\u015f\u0131m geli\u015ftirerek form\u00fcl\u00fc \u015fu \u015fekilde de\u011fi\u015ftirdi: Sat\u0131\u015flar \u2013 K\u00e2r = Masraflar. T\u0131pk\u0131 en etkili kilo verme y\u00f6nteminin tabaklar\u0131 k\u00fc\u00e7\u00fclterek porsiyonlar\u0131 s\u0131n\u0131rlamak oldu\u011fu gibi, Michalowicz \u00f6nce k\u00e2r\u0131 alarak ve yaln\u0131zca kalanlar\u0131 masraflara tahsis ederek giri\u015fimcilerin i\u015fletmelerini nakit yiyen canavarlardan k\u00e2rl\u0131 birer gelir kayna\u011f\u0131na d\u00f6n\u00fc\u015ft\u00fcrebilece\u011fini g\u00f6steriyor. Michalowicz\u2019in \u00d6nce K\u00e2r sistemini kullanarak okuyucular:\u2022 4 basit prensibi uygulaman\u0131n muhasebeyi kolayla\u015ft\u0131rabilece\u011fini ve banka hesap bakiyelerine bakarak k\u00e2rl\u0131 bir i\u015fletmenin y\u00f6netiminin daha kolay olabilece\u011fini,\u2022 K\u00fc\u00e7\u00fck, k\u00e2rl\u0131 bir i\u015fletmenin, gayrisafi has\u0131las\u0131 \u00fczerinden hayatta kalmaya \u00e7al\u0131\u015fan b\u00fcy\u00fck bir i\u015fletmeden \u00e7ok daha de\u011ferli olabilece\u011fini,\u2022 Erkenden ve istikrarl\u0131 bir \u015fekilde k\u00e2rl\u0131l\u0131\u011f\u0131 elde etmi\u015f i\u015fletmelerin uzun vadeli b\u00fcy\u00fcme \u015fans\u0131n\u0131n daha y\u00fcksek oldu\u011funu \u00f6\u011frenecekler.Say\u0131s\u0131z vaka incelemesiyle, pratik, ad\u0131m ad\u0131m verdi\u011fi tavsiyelerle ve \u00fcst d\u00fczey mizah anlay\u0131\u015f\u0131yla Michalowicz, her giri\u015fimcinin hayalini kurdu\u011fu paraya sahip olmas\u0131 i\u00e7in oyunun kurallar\u0131n\u0131 de\u011fi\u015ftiren bir yol haritas\u0131 sunuyor.<\/p>\n","protected":false},"excerpt":{"rendered":"<p>Geleneksel muhasebe, mant\u0131ksal (ancak kusurlu) olan \u015f\u00f6yle bir form\u00fcl kullan\u0131r: Sat\u0131\u015flar \u2013 Masraflar K\u00e2r. Sorun ise i\u015fletmelerin insanlar taraf\u0131ndan y\u00f6netilmesi ve insanlar\u0131n her zaman mant\u0131ksal olmamas\u0131d\u0131r.<span class=\"excerpt-hellip\"> [\u2026]<\/span><\/p>\n","protected":false},"featured_media":0,"template":"","meta":{"_monsterinsights_skip_tracking":false,"_monsterinsights_sitenote_active":false,"_monsterinsights_sitenote_note":"","_monsterinsights_sitenote_category":0},"product_brand":[],"product_cat":[13043,14381],"product_tag":[],"class_list":{"0":"post-767481","1":"product","2":"type-product","3":"status-publish","5":"product_cat-ekonomi","6":"product_cat-isletme-muhasebe-maliye","7":"pa_cilt-ciltsiz","8":"pa_tur-kitap","9":"pa_yayinevi-peta-kitap","10":"pa_yazar-mike-michalowicz","12":"first","13":"instock","14":"sale","15":"shipping-taxable","16":"purchasable","17":"product-type-simple"},"_links":{"self":[{"href":"https:\/\/roveyayinevi.com.tr\/index.php\/wp-json\/wp\/v2\/product\/767481","targetHints":{"allow":["GET"]}}],"collection":[{"href":"https:\/\/roveyayinevi.com.tr\/index.php\/wp-json\/wp\/v2\/product"}],"about":[{"href":"https:\/\/roveyayinevi.com.tr\/index.php\/wp-json\/wp\/v2\/types\/product"}],"wp:attachment":[{"href":"https:\/\/roveyayinevi.com.tr\/index.php\/wp-json\/wp\/v2\/media?parent=767481"}],"wp:term":[{"taxonomy":"product_brand","embeddable":true,"href":"https:\/\/roveyayinevi.com.tr\/index.php\/wp-json\/wp\/v2\/product_brand?post=767481"},{"taxonomy":"product_cat","embeddable":true,"href":"https:\/\/roveyayinevi.com.tr\/index.php\/wp-json\/wp\/v2\/product_cat?post=767481"},{"taxonomy":"product_tag","embeddable":true,"href":"https:\/\/roveyayinevi.com.tr\/index.php\/wp-json\/wp\/v2\/product_tag?post=767481"}],"curies":[{"name":"wp","href":"https:\/\/api.w.org\/{rel}","templated":true}]}}