{"id":767472,"date":"2025-08-28T12:48:28","date_gmt":"2025-08-28T09:48:28","guid":{"rendered":"https:\/\/roveyayinevi.com.tr\/index.php\/urun\/cocuklar-dunyayi-yonetirse\/"},"modified":"2026-04-15T03:33:23","modified_gmt":"2026-04-15T00:33:23","slug":"cocuklar-dunyayi-yonetirse","status":"publish","type":"product","link":"https:\/\/roveyayinevi.com.tr\/index.php\/urun\/cocuklar-dunyayi-yonetirse\/","title":{"rendered":"\u00c7ocuklar D\u00fcnyay\u0131 Y\u00f6netirse"},"content":{"rendered":"<p>Bir sabah uyand\u0131\u011f\u0131n\u0131zda \u00e7ocuklar\u0131n d\u00fcnyay\u0131 y\u00f6netti\u011fini hayal edin! Sizce nas\u0131l bir d\u00fcnyaya uyan\u0131rd\u0131n\u0131z? Bu gizemli macera hem merak uyand\u0131racak hem de e\u011flendirecek. <\/p>\n","protected":false},"excerpt":{"rendered":"<p>Bir sabah uyand\u0131\u011f\u0131n\u0131zda \u00e7ocuklar\u0131n d\u00fcnyay\u0131 y\u00f6netti\u011fini hayal edin! Sizce nas\u0131l bir d\u00fcnyaya uyan\u0131rd\u0131n\u0131z? Bu gizemli macera hem merak uyand\u0131racak hem de e\u011flendirecek.<\/p>\n","protected":false},"featured_media":0,"template":"","meta":{"_monsterinsights_skip_tracking":false,"_monsterinsights_sitenote_active":false,"_monsterinsights_sitenote_note":"","_monsterinsights_sitenote_category":0},"product_brand":[],"product_cat":[12274,12284],"product_tag":[],"class_list":{"0":"post-767472","1":"product","2":"type-product","3":"status-publish","5":"product_cat-cocuk-ve-genclik-kitaplari","6":"product_cat-hikayeler","7":"pa_cilt-ciltsiz","8":"pa_tur-kitap","9":"pa_yayinevi-ugi-cocuk","10":"pa_yazar-cem-sahin","12":"first","13":"instock","14":"sale","15":"shipping-taxable","16":"purchasable","17":"product-type-simple"},"_links":{"self":[{"href":"https:\/\/roveyayinevi.com.tr\/index.php\/wp-json\/wp\/v2\/product\/767472","targetHints":{"allow":["GET"]}}],"collection":[{"href":"https:\/\/roveyayinevi.com.tr\/index.php\/wp-json\/wp\/v2\/product"}],"about":[{"href":"https:\/\/roveyayinevi.com.tr\/index.php\/wp-json\/wp\/v2\/types\/product"}],"wp:attachment":[{"href":"https:\/\/roveyayinevi.com.tr\/index.php\/wp-json\/wp\/v2\/media?parent=767472"}],"wp:term":[{"taxonomy":"product_brand","embeddable":true,"href":"https:\/\/roveyayinevi.com.tr\/index.php\/wp-json\/wp\/v2\/product_brand?post=767472"},{"taxonomy":"product_cat","embeddable":true,"href":"https:\/\/roveyayinevi.com.tr\/index.php\/wp-json\/wp\/v2\/product_cat?post=767472"},{"taxonomy":"product_tag","embeddable":true,"href":"https:\/\/roveyayinevi.com.tr\/index.php\/wp-json\/wp\/v2\/product_tag?post=767472"}],"curies":[{"name":"wp","href":"https:\/\/api.w.org\/{rel}","templated":true}]}}