{"id":767470,"date":"2025-08-28T12:48:24","date_gmt":"2025-08-28T09:48:24","guid":{"rendered":"https:\/\/roveyayinevi.com.tr\/index.php\/urun\/buyulu-tasin-sirri\/"},"modified":"2026-04-11T14:36:19","modified_gmt":"2026-04-11T11:36:19","slug":"buyulu-tasin-sirri","status":"publish","type":"product","link":"https:\/\/roveyayinevi.com.tr\/index.php\/urun\/buyulu-tasin-sirri\/","title":{"rendered":"B\u00fcy\u00fcl\u00fc Ta\u015f\u0131n S\u0131rr\u0131"},"content":{"rendered":"<p>Ali, Zeynep, Kerem ve Ay\u00e7a yaz tatilinde k\u00fc\u00e7\u00fck kasabalar\u0131n\u0131n eski k\u00fct\u00fcphanesini s\u0131k s\u0131k ziyaret ediyorlard\u0131. K\u00fct\u00fcphane, kasaban\u0131n en eski binas\u0131yd\u0131 ve tavan\u0131ndan sarkan \u00f6r\u00fcmcek a\u011flar\u0131, tozlu raflar\u0131yla tam bir hazine avc\u0131s\u0131na uygun bir yerdi. En \u00e7ok binan\u0131n sessizli\u011fi ve mistik havas\u0131 onlar\u0131 buraya \u00e7ekiyordu. Ancak bu yaz g\u00fcn\u00fc, s\u0131radan bir ke\u015fif olmayacakt\u0131. \u201cAli, Zeynep, Kerem ve Ay\u00e7a\u2019y\u0131 bekleyen bu fantastik maceraya davetlisiniz.\u201d <\/p>\n","protected":false},"excerpt":{"rendered":"<p>Ali, Zeynep, Kerem ve Ay\u00e7a yaz tatilinde k\u00fc\u00e7\u00fck kasabalar\u0131n\u0131n eski k\u00fct\u00fcphanesini s\u0131k s\u0131k ziyaret ediyorlard\u0131. K\u00fct\u00fcphane, kasaban\u0131n en eski binas\u0131yd\u0131 ve tavan\u0131ndan sarkan \u00f6r\u00fcmcek a\u011flar\u0131, tozlu<span class=\"excerpt-hellip\"> [\u2026]<\/span><\/p>\n","protected":false},"featured_media":0,"template":"","meta":{"_monsterinsights_skip_tracking":false,"_monsterinsights_sitenote_active":false,"_monsterinsights_sitenote_note":"","_monsterinsights_sitenote_category":0},"product_brand":[],"product_cat":[12274,12284],"product_tag":[],"class_list":{"0":"post-767470","1":"product","2":"type-product","3":"status-publish","5":"product_cat-cocuk-ve-genclik-kitaplari","6":"product_cat-hikayeler","7":"pa_cilt-ciltsiz","8":"pa_tur-kitap","9":"pa_yayinevi-ugi-cocuk","10":"pa_yazar-cem-sahin","12":"first","13":"instock","14":"sale","15":"shipping-taxable","16":"purchasable","17":"product-type-simple"},"_links":{"self":[{"href":"https:\/\/roveyayinevi.com.tr\/index.php\/wp-json\/wp\/v2\/product\/767470","targetHints":{"allow":["GET"]}}],"collection":[{"href":"https:\/\/roveyayinevi.com.tr\/index.php\/wp-json\/wp\/v2\/product"}],"about":[{"href":"https:\/\/roveyayinevi.com.tr\/index.php\/wp-json\/wp\/v2\/types\/product"}],"wp:attachment":[{"href":"https:\/\/roveyayinevi.com.tr\/index.php\/wp-json\/wp\/v2\/media?parent=767470"}],"wp:term":[{"taxonomy":"product_brand","embeddable":true,"href":"https:\/\/roveyayinevi.com.tr\/index.php\/wp-json\/wp\/v2\/product_brand?post=767470"},{"taxonomy":"product_cat","embeddable":true,"href":"https:\/\/roveyayinevi.com.tr\/index.php\/wp-json\/wp\/v2\/product_cat?post=767470"},{"taxonomy":"product_tag","embeddable":true,"href":"https:\/\/roveyayinevi.com.tr\/index.php\/wp-json\/wp\/v2\/product_tag?post=767470"}],"curies":[{"name":"wp","href":"https:\/\/api.w.org\/{rel}","templated":true}]}}