{"id":767469,"date":"2025-08-28T12:48:21","date_gmt":"2025-08-28T09:48:21","guid":{"rendered":"https:\/\/roveyayinevi.com.tr\/index.php\/urun\/virgul\/"},"modified":"2026-04-15T03:33:23","modified_gmt":"2026-04-15T00:33:23","slug":"virgul","status":"publish","type":"product","link":"https:\/\/roveyayinevi.com.tr\/index.php\/urun\/virgul\/","title":{"rendered":"Virg\u00fcl"},"content":{"rendered":"<p>\u015eiirler de y\u0131llanm\u0131\u015f \u015faraplar gibidir, zaman\u0131 gelince yudumlanmal\u0131d\u0131r. Yazar\u0131n, kimi \u015fiirleri kar tutmayan denizler gibi kimi \u015fiirleri \u201cbahar karlar\u0131\u201d gibi\u2026 Bu kitab\u0131 okurken y\u00fcre\u011finiz su berrakl\u0131\u011f\u0131 kadar dingin, i\u00e7inizdeki ya\u015fam bu\u011fday sevinci kadar bereketli ve yoklu\u011funuz han\u00e7er yaras\u0131\u2026 Yazar, \u015fiirlerinde ceylan bak\u0131\u015fl\u0131 g\u00fcl\u00fc\u015f\u00fcn\u00fcz\u00fcn n\u00f6betini tutuyor ki kimseler vurmas\u0131n diye. Tohum toprakta demlenir, insan\u2026 \u0130nsan, ya\u015fam\u0131n i\u00e7inde demlenir, nokta koyamaz, virg\u00fcl koyarak devam eder.   Babam: &#8220;Beni niye aram\u0131yorsun?&#8221; diyor, Ah, benim babam! Kayboldum diyemiyorum.\u015eiirler de y\u0131llanm\u0131\u015f \u015faraplar gibidir, zaman\u0131 gelince yudumlanmal\u0131d\u0131r. Yazar\u0131n, kimi \u015fiirleri kar tutmayan denizler gibi kimi \u015fiirleri \u201cbahar karlar\u0131\u201d gibi\u2026 Bu kitab\u0131 okurken y\u00fcre\u011finiz su berrakl\u0131\u011f\u0131 kadar dingin, i\u00e7inizdeki ya\u015fam bu\u011fday sevinci kadar bereketli ve yoklu\u011funuz han\u00e7er yaras\u0131\u2026 Yazar, \u015fiirlerinde ceylan bak\u0131\u015fl\u0131 g\u00fcl\u00fc\u015f\u00fcn\u00fcz\u00fcn n\u00f6betini tutuyor ki kimseler vurmas\u0131n diye. Tohum toprakta demlenir, insan\u2026 \u0130nsan, ya\u015fam\u0131n i\u00e7inde demlenir, nokta koyamaz, virg\u00fcl koyarak devam eder.   Babam: &#8220;Beni niye aram\u0131yorsun?&#8221; diyor, Ah, benim babam! Kayboldum diyemiyorum.<\/p>\n","protected":false},"excerpt":{"rendered":"<p>\u015eiirler de y\u0131llanm\u0131\u015f \u015faraplar gibidir, zaman\u0131 gelince yudumlanmal\u0131d\u0131r. Yazar\u0131n, kimi \u015fiirleri kar tutmayan denizler gibi kimi \u015fiirleri \u201cbahar karlar\u0131\u201d gibi\u2026 Bu kitab\u0131 okurken y\u00fcre\u011finiz su berrakl\u0131\u011f\u0131<span class=\"excerpt-hellip\"> [\u2026]<\/span><\/p>\n","protected":false},"featured_media":0,"template":"","meta":{"_monsterinsights_skip_tracking":false,"_monsterinsights_sitenote_active":false,"_monsterinsights_sitenote_note":"","_monsterinsights_sitenote_category":0},"product_brand":[],"product_cat":[12291,12509],"product_tag":[],"class_list":{"0":"post-767469","1":"product","2":"type-product","3":"status-publish","5":"product_cat-edebiyat","6":"product_cat-siir","7":"pa_cilt-ciltsiz","8":"pa_tur-kitap","9":"pa_yayinevi-ilkim-ozan-yayinlari","10":"pa_yazar-riza-cakmak","12":"first","13":"instock","14":"sale","15":"shipping-taxable","16":"purchasable","17":"product-type-simple"},"_links":{"self":[{"href":"https:\/\/roveyayinevi.com.tr\/index.php\/wp-json\/wp\/v2\/product\/767469","targetHints":{"allow":["GET"]}}],"collection":[{"href":"https:\/\/roveyayinevi.com.tr\/index.php\/wp-json\/wp\/v2\/product"}],"about":[{"href":"https:\/\/roveyayinevi.com.tr\/index.php\/wp-json\/wp\/v2\/types\/product"}],"wp:attachment":[{"href":"https:\/\/roveyayinevi.com.tr\/index.php\/wp-json\/wp\/v2\/media?parent=767469"}],"wp:term":[{"taxonomy":"product_brand","embeddable":true,"href":"https:\/\/roveyayinevi.com.tr\/index.php\/wp-json\/wp\/v2\/product_brand?post=767469"},{"taxonomy":"product_cat","embeddable":true,"href":"https:\/\/roveyayinevi.com.tr\/index.php\/wp-json\/wp\/v2\/product_cat?post=767469"},{"taxonomy":"product_tag","embeddable":true,"href":"https:\/\/roveyayinevi.com.tr\/index.php\/wp-json\/wp\/v2\/product_tag?post=767469"}],"curies":[{"name":"wp","href":"https:\/\/api.w.org\/{rel}","templated":true}]}}